{"id":11865,"date":"2016-04-08T23:09:13","date_gmt":"2016-04-08T21:09:13","guid":{"rendered":"http:\/\/www.experimenta.es\/?page_id=11865"},"modified":"2016-08-31T12:34:15","modified_gmt":"2016-08-31T10:34:15","slug":"puntos-de-venta","status":"publish","type":"page","link":"https:\/\/www.experimenta.es\/tienda\/puntos-de-venta\/","title":{"rendered":"Puntos de Venta"},"content":{"rendered":"<div class=\"row\"><\/div>\n<div class=\"row\">\n<section id=\"center_column\" class=\"col-md-12\">\n<div class=\"rte\">\n<p>Ponemos a disposici\u00f3n de nuestros lectores la posibilidad de poder comprar nuestra revista f\u00edsicamente en las siguientes librer\u00edas y puntos de venta:<\/p>\n<p>&nbsp;<\/p>\n<ul>\n<li><strong>BARCELONA<\/strong>\n<ul>\n<li>LA CENTRAL<br \/>\nMallorca, 237 08008 Barcelona<br \/>\nT +34 900 802 109<br \/>\nwww.lacentral.com<\/li>\n<li>LA CENTRAL DE MUHBA<br \/>\nBaixada de la llibreteria, 7 08002 Barcelona<br \/>\nT +34 932 690 804<br \/>\nwww.lacentral.com<\/li>\n<li>LA CENTRAL DEL RAVAL<br \/>\nElisabets, 6<br \/>\n08001 Barcelona<br \/>\nT +34 900 802 109<br \/>\nwww.lacentral.com<\/li>\n<li>LIBRER\u00cdA ALIBRI<br \/>\nBalmes, 26 08007 Barcelona<\/li>\n<li>LIBRER\u00cdA COOPERATIVA jORDI CAPELL<br \/>\nPlaza Nova, 5<br \/>\n08002 Barcelona<br \/>\nT +34 934 813 560<br \/>\nwww.jordicapell.com<\/li>\n<li>LIBRER\u00cdA MEDIOS<br \/>\nValldozell, 7 (Raval) 08001 Barcelona<br \/>\nT +34 934 123 388<br \/>\nwww.lmedios.com<\/li>\n<\/ul>\n<\/li>\n<li><strong>BILBAO<\/strong>\n<ul>\n<li>LIBRER\u00cdA GUGGENHEIM<br \/>\nAvda. Abandoibarra, 2 48009 Bilbao<br \/>\nT +34 944 039 127<br \/>\nwww.guggenheim-bilbao.es<\/li>\n<li>LIBRER\u00cdA C\u00c1MARA<br \/>\nC\/ Euskalduna Kalea, 6 48008 Bilbao<br \/>\nT +34 944 221 948<\/li>\n<li>LIBRER\u00cdA BINARIO LIBROS<br \/>\nC\/ Iparraguirre, 9 48009 Bilbao<br \/>\nT +34 944 242 392<br \/>\nwww.binariolibros.com<\/li>\n<\/ul>\n<\/li>\n<li><strong>BURGOS<\/strong>\n<ul>\n<li>LIBRER\u00cdA EL ESPOL\u00d3N<br \/>\nC\/ Paseo del Espol\u00f3n, 30 09003 Burgos<br \/>\nT +34 947 203 137<br \/>\nwww.libreriadelespolon.com<\/li>\n<\/ul>\n<\/li>\n<li><strong>CASTELL\u00d3N<\/strong>\n<ul>\n<li>LIBRER\u00cdA PL\u00c1CIDO G\u00d3MEZ<br \/>\nC\/ Avda. Rey D. Jaime, 70 12001 Castell\u00f3n<br \/>\nT +34 964 253 272<br \/>\nwww.placidogomez.com<\/li>\n<\/ul>\n<\/li>\n<li><strong>CORU\u00d1A<\/strong>\n<ul>\n<li>LIBRER\u00cdA FORMATOS<br \/>\nC\/ R\u00faa Santiago Rey Fern\u00e1ndez Latorre, 5<br \/>\nT +34 981 255 210<br \/>\nwww.libreriaformatos<\/li>\n<\/ul>\n<\/li>\n<li><strong>JA\u00c9N<\/strong>\n<ul>\n<li>LIBRER\u00cdA METR\u00f3POLIs<br \/>\nC\/ Cer\u00f3n, 17<br \/>\n23004 Ja\u00e9n<br \/>\nT +34 953 234 793<br \/>\nwww.libreriametropolis.es<\/li>\n<\/ul>\n<\/li>\n<li><strong>MADRID<\/strong>\n<ul>\n<li>LA CENTRAL DEL MUSEO REINA SOF\u00cdA<br \/>\nRonda de Atocha, 2 28012 Madrid<br \/>\nT +34 917 897 473<br \/>\nwww.lacentral.com<\/li>\n<li>LA CENTRAL DE LA FUNDACI\u00d3N MAPFRE<br \/>\nPaseo de Recoletos, 23 28004 Madrid<br \/>\nT +34 917 020 237<br \/>\nwww.lacentral.com<\/li>\n<li>LA CENTRAL DE CALLAO<br \/>\nPostigo de San Mart\u00edn, 8 28013 Madrid<br \/>\nT +34 917 909 930<br \/>\nwww.lacentral.com<\/li>\n<li>LIBRER\u00cdA NAOS<br \/>\nQuintana, 12 28008 Madrid<br \/>\nT +34 915 473 916<br \/>\nwww.naoslibros.es<\/li>\n<li>LIBRER\u00cdA PANTA RHEI<br \/>\nHern\u00e1n Cort\u00e9s, 7 28004 Madrid<br \/>\nT +34 913 198 902<br \/>\nwww.panta-rhei.es<\/li>\n<li>PUBLICACIONES DE ARQUITECTURA Y ARTE<br \/>\nGeneral Rodrigo, 1<br \/>\n28003 Madrid<br \/>\nT +34 915 546 106<br \/>\nwww.publiarq.com<\/li>\n<li>LIBRER\u00cdA FUNDACI\u00d3N TELEF\u00d3NICA<br \/>\nGran v\u00eda, 28<br \/>\n28013 Madrid<br \/>\nT +34 915 840 468<br \/>\nwww.telefonica.com<\/li>\n<li>LIBRER\u00cdA GRAPHIC BOOK<br \/>\nSanta Barbara, 11. 28004 Madrid +34 915 937 152 www.graphicbook.com<\/li>\n<li>LIBRER\u00cdA TRAFICANTES DE SUE\u00d1OS<br \/>\nDuque de Alba, 13 28012 Madrid<br \/>\n+34 915 320 928<br \/>\nwww.traficantes.net<\/li>\n<li>LIBRER\u00cdA DELSA<br \/>\nVenancio Mart\u00edn, 13-15 28038 Madrid<br \/>\n+34 915 751 541<br \/>\nwww.troa.es<\/li>\n<li>ESPACIOBRUT<br \/>\nC\/ Calle Pelayo, 68 28004 Madrid<br \/>\nT +34 910 258 963<br \/>\nwww.espaciobrut.com<\/li>\n<li>LIBRER\u00cdA MARCIAL PONS<br \/>\nC\/ San Sotero, 6 28037 Madrid<br \/>\nT +34 913 043 303<br \/>\nwww.marcialpons.es<\/li>\n<li>VIPS ALCAL\u00c1<br \/>\nAlcal\u00e1, 474. 28027 Madrid<br \/>\nT +34 912 750 044<br \/>\nwww.vips.es<\/li>\n<li>VIPS DIVERSIA ALCOBENDAS<br \/>\nAvda. de Bruselas, 21 28100 Alcobendas, Madrid<br \/>\nT +34 912 752 223<br \/>\nwww.vips.es<\/li>\n<li>VIPS FUENCARRAL<br \/>\nFuencarral, 101. 28004 Madrid<br \/>\nT +34 912 752 305<br \/>\nwww.vips.es<\/li>\n<li>VIPS ORENSE<br \/>\nOrense, 16. 28020 Madrid<br \/>\nT +34 912 752 103<br \/>\nwww.vips.es<\/li>\n<li>VIPS PARQUE DE LAS NACIONES<br \/>\nGlorieta Mar del Caribe, 1 28043 Madrid<br \/>\nT +34 912 759 561<br \/>\nwww.vips.es<\/li>\n<li>VIPS PRINCESA<br \/>\nPrincesa, 5. 28008 Madrid<br \/>\nT +34 912 752 063<br \/>\nwww.vips.es<\/li>\n<li>VIPS PR\u00cdNCIPE DE VERGARA<br \/>\nPr\u00edncipe de Vergara, 268 28016 Madrid<br \/>\nT +34 912 752 203<br \/>\nwww.vips.es<\/li>\n<li>VIPS VEL\u00c1ZQUEZ<br \/>\nVel\u00e1zquez, 136 28006 Madrid<br \/>\nT +34 912 752 283<br \/>\nwww.vips.es<\/li>\n<\/ul>\n<\/li>\n<li><strong>LA RIOJA<\/strong>\n<ul>\n<li>LIBRER\u00cdA PARACUELLOS<br \/>\nMuro del Carmen, 2 Bajo<br \/>\n26001 Logro\u00f1o<br \/>\nT +34 941 255 299<br \/>\nbarquinparacuellos@hotmail.com<\/li>\n<li>LIBRER\u00cdA CASTROVIEJO LIBRERO<br \/>\nC\/Portales, 43<br \/>\n26001 Logro\u00f1o<br \/>\nT +34 941 243 548<br \/>\ncastroviejolibrero@knet.es<\/li>\n<li>LIBRER\u00cdA CEREZO<br \/>\nPortales 23 Bajo<br \/>\n26001 Logro\u00f1o<br \/>\nT +34 941 251 762<br \/>\nwww.libreriacerezo.com<\/li>\n<\/ul>\n<\/li>\n<li><strong>SANTANDER<\/strong>\n<ul>\n<li>LIBRER\u00cdA GIL<br \/>\nHern\u00e1n Cort\u00e9s, 23 39003 Santander<br \/>\nT +34 942 214 961<br \/>\nwww.libreriagil.com<\/li>\n<\/ul>\n<\/li>\n<li><strong>VALENCIA<\/strong>\n<ul>\n<li>LIBRER\u00cdA DADA<br \/>\nGuill\u00e9n de Castro, 8 46001 Valencia<br \/>\nT +34 963 515 138<br \/>\nwww.libreriadada.com<\/li>\n<li>LIBRER\u00cdA IZQUIERDO<br \/>\nGran V\u00eda Fernando El Cat\u00f3lico, 12<br \/>\n46008 Valencia<br \/>\nT +34 963 911 494<br \/>\nhttps:\/\/es-la.facebook.com\/LibreriaIzquierdo<\/li>\n<li>LIBRER\u00cdA PARIS-VALENCIA<br \/>\nGran V\u00eda Marqu\u00e9s del Turia, 74 46005 Valencia<br \/>\nT +34 963 959 366<br \/>\nwww.parisvalencia.com<\/li>\n<li>LIBRERIA AMBRA<br \/>\nAv. Alacant 12<br \/>\n46701 Gandia<br \/>\nT +34 962 878 252<br \/>\nwww.ambrallibres.com<\/li>\n<\/ul>\n<\/li>\n<li><strong>ZARAGOZA<\/strong>\n<ul>\n<li>LIBRER\u00cdA PONS<br \/>\nF\u00e9lix Latassa, 33<br \/>\n50006 Zaragoza<br \/>\nT +34 976 554 920<br \/>\nwww.libreriapons-zaragoza.com<\/li>\n<\/ul>\n<\/li>\n<\/ul>\n<\/div>\n<\/section>\n<\/div>\n","protected":false},"excerpt":{"rendered":"<p>Ponemos a disposici\u00f3n de nuestros lectores la posibilidad de poder comprar nuestra revista f\u00edsicamente en las siguientes librer\u00edas y puntos de venta: &nbsp; BARCELONA LA CENTRAL Mallorca, 237 08008 Barcelona T +34 900 802 109 www.lacentral.com LA CENTRAL DE MUHBA Baixada de la llibreteria, 7 08002 Barcelona T +34 932 690 804 www.lacentral.com LA CENTRAL &hellip;<\/p>\n","protected":false},"author":1,"featured_media":0,"parent":0,"menu_order":0,"comment_status":"closed","ping_status":"closed","template":"","meta":{"footnotes":""},"jetpack_sharing_enabled":true,"_links":{"self":[{"href":"https:\/\/www.experimenta.es\/tienda\/wp-json\/wp\/v2\/pages\/11865"}],"collection":[{"href":"https:\/\/www.experimenta.es\/tienda\/wp-json\/wp\/v2\/pages"}],"about":[{"href":"https:\/\/www.experimenta.es\/tienda\/wp-json\/wp\/v2\/types\/page"}],"author":[{"embeddable":true,"href":"https:\/\/www.experimenta.es\/tienda\/wp-json\/wp\/v2\/users\/1"}],"replies":[{"embeddable":true,"href":"https:\/\/www.experimenta.es\/tienda\/wp-json\/wp\/v2\/comments?post=11865"}],"version-history":[{"count":4,"href":"https:\/\/www.experimenta.es\/tienda\/wp-json\/wp\/v2\/pages\/11865\/revisions"}],"predecessor-version":[{"id":15358,"href":"https:\/\/www.experimenta.es\/tienda\/wp-json\/wp\/v2\/pages\/11865\/revisions\/15358"}],"wp:attachment":[{"href":"https:\/\/www.experimenta.es\/tienda\/wp-json\/wp\/v2\/media?parent=11865"}],"curies":[{"name":"wp","href":"https:\/\/api.w.org\/{rel}","templated":true}]}}