{"id":11000,"date":"2016-02-12T13:54:20","date_gmt":"2016-02-12T12:54:20","guid":{"rendered":"http:\/\/www.experimenta.es\/?post_type=product&#038;p=11000"},"modified":"2023-10-02T12:37:56","modified_gmt":"2023-10-02T10:37:56","slug":"experimenta-66","status":"publish","type":"product","link":"https:\/\/www.experimenta.es\/tienda\/producto\/experimenta-66\/","title":{"rendered":"Revista Experimenta 66 &#8211; Monogr\u00e1fico Do it Yourself"},"content":{"rendered":"<p>Adem\u00e1s, la monograf\u00eda presenta otras experiencias de autoproducci\u00f3n menos vinculadas a la innovaci\u00f3n tecnol\u00f3gica: respuestas que surgen\u00a0<em>desde abajo<\/em>\u00a0frente a los desastres sociales impuestos por la crisis econ\u00f3mica y sist\u00e9mica de los \u00faltimos a\u00f1os. Se trata de iniciativas ciudadanas que ponen en pr\u00e1ctica nuevas formas de participaci\u00f3n directa y compartida, de autogesti\u00f3n y de empoderamiento que constituyen el punto de partida de una profunda innovaci\u00f3n y transformaci\u00f3n social. Grupos de consumo y nuevas redes de producci\u00f3n y distribuci\u00f3n alimentaria, huertos urbanos autogestionados, bancos de tiempo o nuevas pr\u00e1cticas de autosuficiencia energ\u00e9tica y de econom\u00eda social son s\u00f3lo algunas de la pr\u00e1cticas DIWO\u00a0<em>(Do-It-With-Others)<\/em>\u00a0con las que se construyen y se autoproducen nuevas realidades locales que devuelven protagonismo y autonom\u00eda a las personas y sus comunidades.<\/p>\n<p><span style=\"text-decoration: underline;\"><strong>Indice<\/strong><\/span><\/p>\n<p><strong><em>En memoria de Massimo Morozzi<\/em><\/strong><br \/>\nPaolo Deganello<\/p>\n<p><strong><em>J<\/em><em>ames Dyson, un genio con aspiraciones<\/em><\/strong><br \/>\nP\u00eda Minchot<\/p>\n<p><em><strong>Reset Design,\u00a0<\/strong>New working models<\/em><br \/>\nMarcelo Leslabay<\/p>\n<p><strong><em>De Internet a la revista objeto\u00a0<\/em>slow-media<\/strong><br \/>\nPierluigi Cattermole<\/p>\n<p><em><strong>Sistemas distribuidos<\/strong>. Autoproducci\u00f3n en un contexto m\u00e1s amplio<\/em><br \/>\nEzio Manzini<\/p>\n<p><em><strong>Bestiario de autoproductores\u00a0<\/strong><\/em>(Dirk Vander Kooij, Dont\u2019t Run \u2013 Beta, Gareth Neal, Xylinum Project, Wind Knitting Factory, Project Egg, Mischer\u2019traxler Studio, Nervous System)<br \/>\nMassimo Bianchini y Stefano Maffei<\/p>\n<p><em><strong>Autoproducci\u00f3n en la crisis, del re\u00faso a la impresi\u00f3n 3D<\/strong><\/em><br \/>\nPaolo Deganello<\/p>\n<p><strong>Do-It-Yourself<\/strong>.\u00a0<em>Del garaje a la construcci\u00f3n de la realidad<\/em><br \/>\nBertram Maria Niessen<\/p>\n<p><em><strong>De RepRap a Arduino<\/strong>. La f\u00e1brica del c\u00f3digo abierto<\/em><br \/>\nRom\u00e1n Torre<\/p>\n<p><em><strong>La Fab City<\/strong><\/em><br \/>\nTom\u00e1s Diez<\/p>\n<p><em><strong>\u00bfQu\u00e9 est\u00e1 mirando Bruce Lee?<\/strong>\u00a0Dise\u00f1os autoconstruidos para entrenar la mirada perif\u00e9rica<\/em><br \/>\nZuloark<\/p>\n<p><em><strong>Ciudades autoproducidas<\/strong>. Pr\u00e1cticas Do-It-With-Others (DIWO) en Madrid<\/em><br \/>\nEsa\u00fa Acosta, Mauro Gil-Fournier, Miguel Jaenicke<\/p>\n<p><em><strong>Diez a\u00f1os de Elo\u00edsa Cartonera<\/strong>\u00a0\u00a1Te amo, te odio, dame m\u00e1s!<\/em><br \/>\nWashington Cucurto, Maria G\u00f3mez<\/p>\n","protected":false},"excerpt":{"rendered":"<p><span style=\"color: #000000;\"><strong>Edici\u00f3n<\/strong>\u00a0<strong>biling\u00fce<\/strong> (Espa\u00f1ol\/Ingl\u00e9s)<\/span><\/p>\n<p>Experimenta\u00a066 es un monogr\u00e1fico dedicado a la autoproducci\u00f3n y a sus implicaciones sociales, culturales, econ\u00f3micas y pol\u00edticas.<\/p>\n<p>Cuando las diferentes alternativas descentralizadas a la producci\u00f3n industrial tradicional y a gran escala parecen destinadas a cambiar radicalmente nuestro entorno y nuestra manera de trabajar, de aprender y de vivir, muchos no dudan en definir nuestro presente como la antesala de una tercera revoluci\u00f3n industrial impulsada por asombrosas innovaciones tecnol\u00f3gicas. Y son precisamente estas innovaciones las que hoy en d\u00eda permiten tanto la producci\u00f3n distribuida, colaborativa y P2P como la utilizaci\u00f3n de herramientas de manufactura digital cada vez m\u00e1s perfeccionadas y econ\u00f3micas que facilitan, incluso, la realizaci\u00f3n de procesos de fabricaci\u00f3n dom\u00e9stica.<\/p>\n<p>\u00b7 Medidas: 23 x 30 cm<br \/>\n\u00b7 P\u00e1ginas: 172<\/p>\n","protected":false},"featured_media":55725,"comment_status":"open","ping_status":"closed","template":"","meta":[],"product_cat":[9893,7311],"product_tag":[],"jetpack_sharing_enabled":true,"_links":{"self":[{"href":"https:\/\/www.experimenta.es\/tienda\/wp-json\/wp\/v2\/product\/11000"}],"collection":[{"href":"https:\/\/www.experimenta.es\/tienda\/wp-json\/wp\/v2\/product"}],"about":[{"href":"https:\/\/www.experimenta.es\/tienda\/wp-json\/wp\/v2\/types\/product"}],"replies":[{"embeddable":true,"href":"https:\/\/www.experimenta.es\/tienda\/wp-json\/wp\/v2\/comments?post=11000"}],"wp:featuredmedia":[{"embeddable":true,"href":"https:\/\/www.experimenta.es\/tienda\/wp-json\/wp\/v2\/media\/55725"}],"wp:attachment":[{"href":"https:\/\/www.experimenta.es\/tienda\/wp-json\/wp\/v2\/media?parent=11000"}],"wp:term":[{"taxonomy":"product_cat","embeddable":true,"href":"https:\/\/www.experimenta.es\/tienda\/wp-json\/wp\/v2\/product_cat?post=11000"},{"taxonomy":"product_tag","embeddable":true,"href":"https:\/\/www.experimenta.es\/tienda\/wp-json\/wp\/v2\/product_tag?post=11000"}],"curies":[{"name":"wp","href":"https:\/\/api.w.org\/{rel}","templated":true}]}}