{"id":11006,"date":"2016-02-12T14:34:46","date_gmt":"2016-02-12T13:34:46","guid":{"rendered":"http:\/\/www.experimenta.es\/producto\/experimenta-63\/"},"modified":"2023-10-02T12:37:57","modified_gmt":"2023-10-02T10:37:57","slug":"experimenta-63","status":"publish","type":"product","link":"https:\/\/www.experimenta.es\/tienda\/producto\/experimenta-63\/","title":{"rendered":"Revista Experimenta 63"},"content":{"rendered":"<p><strong>Pepe Gimeno<br \/>\n<\/strong><em>Por Anna Calvera \/ Grassa Toro<\/em><\/p>\n<p><em>\u00abNos gustan los buenos proyectos, aquellos que perduran en el tiempo y que nacen de la buena realaci\u00f3n entre cliente y di<\/em><em>se\u00f1ador y de la puesta en com\u00fan de sus objetivos\u00bb.<\/em> Esta m\u00e1xima forma parte del ep\u00edgrafe online que define la filosof\u00eda del estudio Pepe Gimeno. Rigor, profundidad, investigaci\u00f3n, calidad o eficacia son otros de los sustantivos atribuidos a su m\u00e9todo de trabajo. A modo de art\u00edculos el escritor Grassa Toro expone un entusiasta alegato sobre los singulares rasgos que advierte en la obra de un profesional y tambi\u00e9n amigo, mientras que la dise\u00f1adora e historiadora Anna Calvera argumenta la sensorialidad que conlleva la propuesta intelectual de la obra de Pepe Gimeno. Sugerentes escritos que se ilustran con la elogiada r\u00fabrica de rencientes proyectos gr\u00e1ficos elaborados por el estudio valenciano.<\/p>\n<p><strong>Irma Boom<br \/>\n<\/strong><em>Por Gloria Inglis.<\/em><\/p>\n<p>Irma Boom (Paises Bajos, 1960) es una activista del dise\u00f1o editorial que tras trabajar en la imprenta p\u00fablica holandesa, fund\u00f3 en 1991 Irma Boom Office en \u00c1msterdam. Desde entonces ha dado vida a 200 libros, adem\u00e1s de impartir clases en la Universidad de Yale, en EE.UU, y en la Van Eyck Akademie, en Maastrich. Como su m\u00e1s ambiciosos proyecto destaca el libro creado para el centenario del grupo empresarial neerland\u00e9s SHV, una obra en la quebaj\u00f3 durante cinco a\u00f1os con total libertad. En 2007 consigui\u00f3 la medalla de oro en la Feria de Leipzig al Libro m\u00e1s bonito del mundo por Sheila Hicks: Weaving as a Metaphor. En esta primavera el MoMA (Museum of Modern Art) le dedicar\u00e1 una exposici\u00f3n como reconocimiento por su obra.<\/p>\n<p><strong>Ross Lovegrove<br \/>\n<\/strong><em>Por Ana Roquero.<\/em><\/p>\n<p><em>\u00abModularidad, modestia y modernidad\u00bb\u00a0<\/em>son los tres conceptos que engloban las siglas MOD, t\u00e9rmino con el que se present\u00f3 la segunda colecci\u00f3n dise\u00f1ada por Ross Lovegrove para la firma de sanitarios turca VitrA. Tras el \u00e9xito de Istanbul, una gama que explora la creaci\u00f3n de formas escult\u00f3ricas y org\u00e1nicas, el reto fue establecer un sistema para el segmento medio del mercado que liberase de elementos innecesarios el espacio del ba\u00f1o y que incorporase la tecnolog\u00eda adecuada para optimizar la gesti\u00f3n del agua. A continuaci\u00f3n, y reci\u00e9n estrenada Freedom la tercera de sus colaboraciones para VitrA, el creativo gal\u00e9s y la dise\u00f1adora vasca Ana Roquero conversan y dialogan en torno a las din\u00e1micas y requerimientos del encargo.<\/p>\n<p><em>\u00a0<\/em><\/p>\n","protected":false},"excerpt":{"rendered":"<p>N\u00famero 63 de la Revista Experimenta dedicado a Servicios Participativos, entrevista a Irma Boom, entrevista a Ross Lovegrove y perfil de Pepe Gimeno<\/p>\n","protected":false},"featured_media":55730,"comment_status":"open","ping_status":"closed","template":"","meta":[],"product_cat":[7311],"product_tag":[],"jetpack_sharing_enabled":true,"_links":{"self":[{"href":"https:\/\/www.experimenta.es\/tienda\/wp-json\/wp\/v2\/product\/11006"}],"collection":[{"href":"https:\/\/www.experimenta.es\/tienda\/wp-json\/wp\/v2\/product"}],"about":[{"href":"https:\/\/www.experimenta.es\/tienda\/wp-json\/wp\/v2\/types\/product"}],"replies":[{"embeddable":true,"href":"https:\/\/www.experimenta.es\/tienda\/wp-json\/wp\/v2\/comments?post=11006"}],"wp:featuredmedia":[{"embeddable":true,"href":"https:\/\/www.experimenta.es\/tienda\/wp-json\/wp\/v2\/media\/55730"}],"wp:attachment":[{"href":"https:\/\/www.experimenta.es\/tienda\/wp-json\/wp\/v2\/media?parent=11006"}],"wp:term":[{"taxonomy":"product_cat","embeddable":true,"href":"https:\/\/www.experimenta.es\/tienda\/wp-json\/wp\/v2\/product_cat?post=11006"},{"taxonomy":"product_tag","embeddable":true,"href":"https:\/\/www.experimenta.es\/tienda\/wp-json\/wp\/v2\/product_tag?post=11006"}],"curies":[{"name":"wp","href":"https:\/\/api.w.org\/{rel}","templated":true}]}}