{"id":11017,"date":"2016-02-12T14:45:44","date_gmt":"2016-02-12T13:45:44","guid":{"rendered":"http:\/\/www.experimenta.es\/producto\/experimenta-58\/"},"modified":"2023-10-02T12:37:58","modified_gmt":"2023-10-02T10:37:58","slug":"experimenta-58","status":"publish","type":"product","link":"https:\/\/www.experimenta.es\/tienda\/producto\/experimenta-58\/","title":{"rendered":"Revista Experimenta 58"},"content":{"rendered":"<p class=\"western\" style=\"text-align: left\"><strong>Opini\u00f3n\u00a0<\/strong><em><strong>Super Normal<\/strong><br \/>\n<\/em><em>Por Paolo Deganello.<\/em><\/p>\n<p class=\"western\" style=\"text-align: left\" align=\"justify\">Una selecci\u00f3n de 200 productos a cargo de Jasper Morrison y Naoto Fukasawa pudo contemplarse de nuevo (el verano pasado se present\u00f3 en Tokio para comenzar en 2007 su itinerancia europea) en la Trienal de Mil\u00e1n, en una exposici\u00f3n-manifiesto titulada <em>Super Normal<\/em>. Seg\u00fan Fukusawa \u00ablos productos que hemos seleccionado y llamado\u00a0<em>Super Normal<\/em> son objetos an\u00f3nimos; cosas que se utilizar cada d\u00eda y que precisamente por ello se convierten en invisibles; objetos que por archiconocidos pasan desapercibidos&#8230;\u00bb&#8230;<\/p>\n<p class=\"western\" style=\"text-align: left\"><strong>Brasil (1\u00aa parte)<br \/>\n<\/strong><em>Por Cristina Morozzi y Carlo Branzaglia.<\/em><\/p>\n<p class=\"western\" style=\"text-align: left\" align=\"justify\">Rico Lins y los hermanos Campana son nuestros primeros invitados para tratar de esbozar (en este n\u00famero de Experimenta y en el siguiente) un mapa de situaci\u00f3n que muestre algunas de las propuesas m\u00e1s atractivas que bullen en el dise\u00f1o brasile\u00f1o actual&#8230;<\/p>\n<p class=\"western\" style=\"text-align: left\" align=\"justify\"><strong>Hotel Experience (2\u00aa parte)<\/strong><br \/>\n<em>Varios autores.<\/em><\/p>\n<p class=\"western\" style=\"text-align: left\" align=\"justify\">El valor a\u00f1adido que aporta el dise\u00f1o est\u00e1 sacudiendo los cimientos de la industria hotelera. El debate esta abierto y en le camino van a quedar experimentos\u00a0de todas las clases&#8230; En esta segunda parte del dossier Experimenta sobre hoteles de dise\u00f1o hemos viajado al espacio y a las habitaciones, s\u00f3rdidas y est\u00e9ticas, de los hoteles del amor japoneses&#8230;<\/p>\n<p class=\"western\" style=\"text-align: left\"><strong>Concepts and Ideas For\u00a0Commercial Purposes<\/strong><br \/>\n<em>Por Mart\u00ed Guix\u00e9.<\/em><\/p>\n<p style=\"text-align: left\" align=\"justify\">El autoproclamado\u00a0<em>Ex-Designer<\/em>, Mart\u00ed Guix\u00e9, nos muestra en 16 p\u00e1ginas parte de su obra&#8230;<\/p>\n<p style=\"text-align: left\" align=\"justify\"><strong>Dossier Ba\u00f1o<\/strong><\/p>\n<p style=\"text-align: left\">La expresi\u00f3n \u00abcultura del ba\u00f1o\u00bb nos remite a un lugar que es punto de encuentro entre tecnolog\u00eda, dise\u00f1o y cuidado del cuerpo. Dise\u00f1adores y empresas contin\u00faan recreando espacios que conjugan la fascinaci\u00f3n org\u00e1nica por el agua con el deseo de cultivar el bienestar&#8230;<\/p>\n<p class=\"western\" style=\"text-align: left\"><strong>Entrevista: Fundaci\u00f3n Signes<br \/>\n<\/strong><em>Por M\u00e0ria Su\u00e0rez<\/em><\/p>\n<p style=\"text-align: left\">Llu\u00eds Mor\u00f3n y N\u00e9lida Falc\u00f3 ocupan los cargos de Presidente y Directora, respectivamente, de la Fundaci\u00f3n Signes. Una entidad privada e independiente sin \u00e1nimo de lucro que tiene como objetivo social la promoci\u00f3n y el desarrollo de la cultura del proyecto. En esta entrevista, nos relaan los pormenores de su \u00faltimo reto: Guant\u00e1namo NO!&#8230;<em>\u00a0<\/em><\/p>\n","protected":false},"excerpt":{"rendered":"<p>N\u00famero 58 de la Revista Experimenta dedicado al Dise\u00f1o Brasile\u00f1o, Mart\u00ed Guix\u00e9 y Hoteles de dise\u00f1o II<\/p>\n","protected":false},"featured_media":55717,"comment_status":"open","ping_status":"closed","template":"","meta":[],"product_cat":[7311],"product_tag":[],"jetpack_sharing_enabled":true,"_links":{"self":[{"href":"https:\/\/www.experimenta.es\/tienda\/wp-json\/wp\/v2\/product\/11017"}],"collection":[{"href":"https:\/\/www.experimenta.es\/tienda\/wp-json\/wp\/v2\/product"}],"about":[{"href":"https:\/\/www.experimenta.es\/tienda\/wp-json\/wp\/v2\/types\/product"}],"replies":[{"embeddable":true,"href":"https:\/\/www.experimenta.es\/tienda\/wp-json\/wp\/v2\/comments?post=11017"}],"wp:featuredmedia":[{"embeddable":true,"href":"https:\/\/www.experimenta.es\/tienda\/wp-json\/wp\/v2\/media\/55717"}],"wp:attachment":[{"href":"https:\/\/www.experimenta.es\/tienda\/wp-json\/wp\/v2\/media?parent=11017"}],"wp:term":[{"taxonomy":"product_cat","embeddable":true,"href":"https:\/\/www.experimenta.es\/tienda\/wp-json\/wp\/v2\/product_cat?post=11017"},{"taxonomy":"product_tag","embeddable":true,"href":"https:\/\/www.experimenta.es\/tienda\/wp-json\/wp\/v2\/product_tag?post=11017"}],"curies":[{"name":"wp","href":"https:\/\/api.w.org\/{rel}","templated":true}]}}