{"id":11021,"date":"2016-02-12T14:48:11","date_gmt":"2016-02-12T13:48:11","guid":{"rendered":"http:\/\/www.experimenta.es\/producto\/experimenta-56\/"},"modified":"2023-10-02T12:37:58","modified_gmt":"2023-10-02T10:37:58","slug":"experimenta-56","status":"publish","type":"product","link":"https:\/\/www.experimenta.es\/tienda\/producto\/experimenta-56\/","title":{"rendered":"Revista Experimenta 56"},"content":{"rendered":"<p><strong>China<br \/>\n<\/strong><em>Por Michael thomson, Pierluigi Cattermole,\u00a0Daniela Piscitelli<\/em><\/p>\n<p>Los tigres se han cansado de ser s\u00f3lo u\u00f1as y m\u00fasculo productivo. Los pa\u00edses asi\u00e1ticos se lanzan a la b\u00fasqueda del dise\u00f1o y suman su visi\u00f3n de cultura milenaria al resto del mundo. En este especial hemos reunido tres art\u00edculos sobre la evoluci\u00f3n del dise\u00f1o chino desde diferentes puntos de vista. As\u00ed, Michael Thomson, vicepresidcente de BEDA (Bureau of European Design Associations) enumera los esfuerzos de los principales pa\u00edses asi\u00e1ticos, sobre todo de China, por posicionarse de cara a la innovaci\u00f3n. Por su parte, Pierluigi Cattermole entrevista a Cl\u00e9ment Rousseau, presidente de Plan Cr\u00e9atif, firma europea pionera en dise\u00f1o en China. Por \u00faltimo, la arquitecta y dise\u00f1adora Daniela Picitelli presenta una s\u00edntesis de su investigaci\u00f3n sobre el dise\u00f1o en las ciudades chinas que sirve como un plano para una escena explosiva nacida en la confluencia de culturas.\u00a0<strong>\u00a0<\/strong><\/p>\n<p><strong>Skolos Wedell<br \/>\n<\/strong><em>Por Carlo Branzaglia<\/em><\/p>\n<p>Nancy Skolos y Thomas Wedell se concieron a mediados de la d\u00e9cada de los 70 en la Cranbrook Academy of Art. Desde entonces, su vida personal y profesional permanecen firmamente entrelazadas. La tipograf\u00eda y el dise\u00f1o de Nancy y la fotograf\u00eda de Thomas, conviven en su casa-estudio de Boston y, lejos de la arbitrariedad, generan nuevos paradigmas de comunicaci\u00f3n visual. La pasi\u00f3n por el proceso creativo en la que ambos autores militan agudiza su ingenio en favor de en\u00e9rgicos carteles. Espacios ilusorios y tridimensionalidad en may\u00fasculas.<\/p>\n<p><strong>Panorama Suite. Entrevista a\u00a0Oliviero Toscani<br \/>\n<\/strong><em>Por Mar\u00eca Su\u00e0rez.<\/em><\/p>\n<p>Con motivo de la presentaci\u00f3n de su \u00faltimo libro <em>Gay Pride. Orgullo Gay: La Historia<\/em>, Oliviero Toscani responde a este cuestionario con el id\u00e9ntico talante rotundo, incisivo, firme y pol\u00e9mico que desprenden sus obras. Un convencido creativo que a sus 64 a\u00f1os se siente afortunado por seguir trabajando en lo que m\u00e1s le gusta y que considera \u00abla condici\u00f3n humana\u00bb como la \u00fanica raz\u00f3n de ser de la comunicaci\u00f3n. Un esp\u00edritu cr\u00edtico para el que sexo y muerte se erigen hoy como los dos temas universales por excelencia.<\/p>\n","protected":false},"excerpt":{"rendered":"<p>N\u00famero 56 de la Revista Experimenta dedicado al Dise\u00f1o en China, Skolos Wedell y Olivero Toscani<\/p>\n","protected":false},"featured_media":55715,"comment_status":"open","ping_status":"closed","template":"","meta":[],"product_cat":[7311],"product_tag":[],"jetpack_sharing_enabled":true,"_links":{"self":[{"href":"https:\/\/www.experimenta.es\/tienda\/wp-json\/wp\/v2\/product\/11021"}],"collection":[{"href":"https:\/\/www.experimenta.es\/tienda\/wp-json\/wp\/v2\/product"}],"about":[{"href":"https:\/\/www.experimenta.es\/tienda\/wp-json\/wp\/v2\/types\/product"}],"replies":[{"embeddable":true,"href":"https:\/\/www.experimenta.es\/tienda\/wp-json\/wp\/v2\/comments?post=11021"}],"wp:featuredmedia":[{"embeddable":true,"href":"https:\/\/www.experimenta.es\/tienda\/wp-json\/wp\/v2\/media\/55715"}],"wp:attachment":[{"href":"https:\/\/www.experimenta.es\/tienda\/wp-json\/wp\/v2\/media?parent=11021"}],"wp:term":[{"taxonomy":"product_cat","embeddable":true,"href":"https:\/\/www.experimenta.es\/tienda\/wp-json\/wp\/v2\/product_cat?post=11021"},{"taxonomy":"product_tag","embeddable":true,"href":"https:\/\/www.experimenta.es\/tienda\/wp-json\/wp\/v2\/product_tag?post=11021"}],"curies":[{"name":"wp","href":"https:\/\/api.w.org\/{rel}","templated":true}]}}