{"id":11044,"date":"2016-02-12T15:09:50","date_gmt":"2016-02-12T14:09:50","guid":{"rendered":"http:\/\/www.experimenta.es\/?post_type=product&#038;p=11044"},"modified":"2025-10-06T12:39:26","modified_gmt":"2025-10-06T10:39:26","slug":"ezio-manzini-cuando-todos-disenan","status":"publish","type":"product","link":"https:\/\/www.experimenta.es\/tienda\/producto\/ezio-manzini-cuando-todos-disenan\/","title":{"rendered":"Cuando todos dise\u00f1an. Una introducci\u00f3n al dise\u00f1o para la innovaci\u00f3n social"},"content":{"rendered":"<p><strong>Cuando todos dise\u00f1an<\/strong><\/p>\n<p>En los \u00faltimos tiempos el mundo se ha visto sometido a un proceso de transformaci\u00f3n que se evidencia en sociedades cada vez m\u00e1s fluidas, menos s\u00f3lidas, pero m\u00e1s conectadas. Este parad\u00f3jico horizonte obliga a los individuos y a las instituciones a innovar y a utilizar la capacidad creativa para definir sus proyectos de futuro.<\/p>\n<p>Como Ezio Manzini se\u00f1ala en <em>Cuando todos dise\u00f1an<\/em>, asistimos a una ola de innovaci\u00f3n social que tiene mucho que ver con un nuevo uso del dise\u00f1o para proponer soluciones y crear significados que propicien una <a href=\"https:\/\/www.experimenta.es\/noticias\/miscelanea\/libro-ezio-manzini-cuando-todos-disenan\/\" target=\"_blank\" rel=\"noopener noreferrer\">sociedad sostenible<\/a>. Manzini distingue entre <em>dise\u00f1o difuso, <\/em>que puede llevar a cabo cualquiera, y <em>dise\u00f1o experto<\/em>, una actividad reservada a quienes se han formado como dise\u00f1adores profesionales. Ambas pr\u00e1cticas interact\u00faan para impulsar cambios sociales significativos y contribuyen a lograr objetivos m\u00e1s ambiciosos en una nueva relaci\u00f3n entre dise\u00f1o y progreso.<\/p>\n<p>Desde su experiencia como docente e investigador, Manzini define esas formas de colaboraci\u00f3n que ha puesto en marcha la innovaci\u00f3n social como exponentes de una nueva pr\u00e1ctica del dise\u00f1o: la agricultura sostenida por la comunidad en China, las plataformas digitales para la atenci\u00f3n m\u00e9dica en Canad\u00e1, la narraci\u00f3n interactiva en la India, o la vivienda colaborativa en Mil\u00e1n son algunos de los ejemplos que ilustran la manera en que el dise\u00f1o experto puede impulsar una productiva interacci\u00f3n con el dise\u00f1o difuso. Una convergencia que contribuye a hacer posibles iniciativas complejas en un proceso de cambio que presenta caracter\u00edsticas hasta ahora desconocidas. Este libro proporciona una imagen rigurosa del dise\u00f1o para la innovaci\u00f3n social que se muestra como la pr\u00e1ctica m\u00e1s din\u00e1mica y prometedora, tanto para dise\u00f1adores expertos como no expertos, en las pr\u00f3ximas d\u00e9cadas.<\/p>\n<p><span class=\"Apple-converted-space\">SOBRE EL AUTOR<br \/>\n<\/span><a href=\"http:\/\/www.desisnetwork.org\/\" target=\"_blank\" rel=\"noopener noreferrer\"><strong>Ezio Manzini <\/strong><\/a>es dise\u00f1ador, docente e investigador. Hace m\u00e1s de una d\u00e9cada fund\u00f3 la red internacional DESIS dedicada al dise\u00f1o para la innovaci\u00f3n social que se ha convertido en un referente de la sostenibilidad. Es profesor em\u00e9rito en el Polit\u00e9cnico de Mil\u00e1n, catedr\u00e1tico en la University of the Arts de Londres, y actualmente ejerce la docencia como profesor invitado en la Universidad de Tongji, en Shanghai, y en la Universidad de Jiangnan, en Wuxi. Es autor de numerosos libros y art\u00edculos entre los que cabe destacar <em>La materia de la invenci\u00f3n<\/em> (1986) y <em>Artefactos<\/em> (1992) cuya edici\u00f3n espa\u00f1ola fue publicada por Experimenta.<\/p>\n","protected":false},"excerpt":{"rendered":"<p><span style=\"color: #ff0000;\"><span style=\"color: #000000;\">Autor:<\/span> Ezio Manzini<\/span><\/p>\n<p>Cuando todos dise\u00f1an ofrece, seg\u00fan las\u00a0propias palabras de Manzini \u201cuna visi\u00f3n\u00a0general sobre dos temas y sus m\u00faltiples\u00a0interacciones: de un lado, el dise\u00f1o contempor\u00e1neo\u00a0y sus transformaciones,\u00a0de otro, la innovaci\u00f3n social que tiene\u00a0lugar en todo el mundo y que hizo posible\u00a0ordenar una sociedad sostenible\u00a0en t\u00e9rminos sociales y ambientales\u201d.<\/p>\n<p>&nbsp;<\/p>\n<p>\u00b7 ISBN: 978-84-944817-0-3<br \/>\n\u00b7 Medidas: 15 x 23 x 2 cm<br \/>\n\u00b7 P\u00e1ginas: 256<br \/>\n\u00b7 Impresi\u00f3n interior: negro<\/p>\n","protected":false},"featured_media":55701,"comment_status":"open","ping_status":"closed","template":"","meta":[],"product_cat":[9892,9898,7313],"product_tag":[9764,9638,9642,9641,9770,9763,9714,9762,9786,9746,9778],"jetpack_sharing_enabled":true,"_links":{"self":[{"href":"https:\/\/www.experimenta.es\/tienda\/wp-json\/wp\/v2\/product\/11044"}],"collection":[{"href":"https:\/\/www.experimenta.es\/tienda\/wp-json\/wp\/v2\/product"}],"about":[{"href":"https:\/\/www.experimenta.es\/tienda\/wp-json\/wp\/v2\/types\/product"}],"replies":[{"embeddable":true,"href":"https:\/\/www.experimenta.es\/tienda\/wp-json\/wp\/v2\/comments?post=11044"}],"wp:featuredmedia":[{"embeddable":true,"href":"https:\/\/www.experimenta.es\/tienda\/wp-json\/wp\/v2\/media\/55701"}],"wp:attachment":[{"href":"https:\/\/www.experimenta.es\/tienda\/wp-json\/wp\/v2\/media?parent=11044"}],"wp:term":[{"taxonomy":"product_cat","embeddable":true,"href":"https:\/\/www.experimenta.es\/tienda\/wp-json\/wp\/v2\/product_cat?post=11044"},{"taxonomy":"product_tag","embeddable":true,"href":"https:\/\/www.experimenta.es\/tienda\/wp-json\/wp\/v2\/product_tag?post=11044"}],"curies":[{"name":"wp","href":"https:\/\/api.w.org\/{rel}","templated":true}]}}