{"id":11450,"date":"2016-03-10T10:14:37","date_gmt":"2016-03-10T09:14:37","guid":{"rendered":"http:\/\/www.experimenta.es\/producto\/experimenta-70\/"},"modified":"2023-10-02T12:38:00","modified_gmt":"2023-10-02T10:38:00","slug":"experimenta-70","status":"publish","type":"product","link":"https:\/\/www.experimenta.es\/tienda\/producto\/experimenta-70\/","title":{"rendered":"Revista Experimenta 70"},"content":{"rendered":"<p class=\"p1\">La Editorial Experimenta inicia con la publicaci\u00f3n del\u00a0<strong><a href=\"http:\/\/tienda.experimenta.es\/es\/inicio\/26-experimenta-70.html\" target=\"_blank\" rel=\"noopener noreferrer\">n\u00famero 70<\/a><\/strong>\u00a0de su revista una nueva etapa con un objetivo claro: convertirse en el medio de comunicaci\u00f3n que articule la comunidad iberoamericana del dise\u00f1o. Es necesario reencontrarse con el esp\u00edritu con el que hace 25 a\u00f1os naci\u00f3\u00a0<em>Experimenta<\/em>: ser el nexo de una profesi\u00f3n integrada por empresarios, dise\u00f1adores, estudiantes, profesores, investigadores, asociaciones, centros de educaci\u00f3n, de promoci\u00f3n e investigaci\u00f3n de Espa\u00f1a y Latinoam\u00e9rica; todos ellos actores activos en un mercado formado por m\u00e1s de 560 millones de personas con un idioma com\u00fan, que precisan de una publicaci\u00f3n que los vincule.<br \/>\nMantendremos una mirada cr\u00edtica, con un punto de partida abierto: comprender los enormes cambios que la sociedad ha experimentado, los nuevos problemas que plantea y las soluciones que requiere. Sobre todo ello reflexionaremos en tres soportes complementarios \u2013revista, p\u00e1gina web y libros\u2013 que, de una forma coordinada, integramos en esta nueva etapa.<\/p>\n<p><span style=\"color: #1a1a1a\"><span style=\"font-family: Merriweather, Georgia, serif\"><span style=\"font-size: medium\">Contenidos:<\/span><\/span><\/span><\/p>\n<p><em><span style=\"color: #1a1a1a\"><span style=\"font-family: Merriweather, Georgia, serif\"><span style=\"font-size: medium\"><i><b>Observatorio<\/b><\/i><\/span><\/span><\/span><\/em><\/p>\n<ul>\n<li><span style=\"color: #1a1a1a\"><span style=\"font-family: Merriweather, Georgia, serif\"><span style=\"font-size: medium\">Distinci\u00f3n. Un siglo de fotograf\u00eda de moda<\/span><\/span><\/span><\/li>\n<li><span style=\"color: #1a1a1a\"><span style=\"font-family: Merriweather, Georgia, serif\"><span style=\"font-size: medium\">Making Africa<\/span><\/span><\/span><\/li>\n<li><span style=\"color: #1a1a1a\"><span style=\"font-family: Merriweather, Georgia, serif\"><span style=\"font-size: medium\">Futuro e Innovaci\u00f3n social en el 6\u00ba encuentro BID Ense\u00f1anza y Dise\u00f1o en Iberoam\u00e9rica<\/span><\/span><\/span><\/li>\n<li><span style=\"color: #1a1a1a\"><span style=\"font-family: Merriweather, Georgia, serif\"><span style=\"font-size: medium\">Material Connexion Bilbao<\/span><\/span><\/span><\/li>\n<li><span style=\"color: #1a1a1a\"><span style=\"font-family: Merriweather, Georgia, serif\"><span style=\"font-size: medium\">CIR\/CO\/LAB<\/span><\/span><\/span><\/li>\n<li><span style=\"color: #1a1a1a\"><span style=\"font-family: Merriweather, Georgia, serif\"><span style=\"font-size: medium\">Jaime Moreno y Marset. Premios Nacionales de Dise\u00f1o 2015<\/span><\/span><\/span><\/li>\n<li><span style=\"color: #1a1a1a\"><span style=\"font-family: Merriweather, Georgia, serif\"><span style=\"font-size: medium\">El Mundo Ilustrado en Barcelona<\/span><\/span><\/span><\/li>\n<li><span style=\"color: #1a1a1a\"><span style=\"font-family: Merriweather, Georgia, serif\"><span style=\"font-size: medium\">RED, una apuesta por el buen dise\u00f1o espa\u00f1ol<\/span><\/span><\/span><\/li>\n<li><span style=\"color: #1a1a1a\"><span style=\"font-family: Merriweather, Georgia, serif\"><span style=\"font-size: medium\">AJAR: El dise\u00f1o espa\u00f1ol en las ant\u00edpodas<\/span><\/span><\/span><\/li>\n<li><span style=\"color: #1a1a1a\"><span style=\"font-family: Merriweather, Georgia, serif\"><span style=\"font-size: medium\">\u00c1rea D, un nuevo espacio para el dise\u00f1o en H\u00e1bitat Valencia 2018<\/span><\/span><\/span><\/li>\n<li><span style=\"color: #1a1a1a\"><span style=\"font-family: Merriweather, Georgia, serif\"><span style=\"font-size: medium\">Transferencias M\u00e1laga 2016<\/span><\/span><\/span><\/li>\n<li><span style=\"color: #1a1a1a\"><span style=\"font-family: Merriweather, Georgia, serif\"><span style=\"font-size: medium\">La creatividad espa\u00f1ola en la 3\u00aa edici\u00f3n de Milano Design Film Festival<\/span><\/span><\/span><\/li>\n<li><span style=\"color: #1a1a1a\"><span style=\"font-family: Merriweather, Georgia, serif\"><span style=\"font-size: medium\">La primera lona publicitaria que descontamina<\/span><\/span><\/span><\/li>\n<li><span style=\"color: #1a1a1a\"><span style=\"font-family: Merriweather, Georgia, serif\"><span style=\"font-size: medium\">+Humanos<\/span><\/span><\/span><\/li>\n<\/ul>\n<p><strong><span style=\"color: #1a1a1a\"><span style=\"font-family: Merriweather, Georgia, serif\"><span style=\"font-size: medium\"><i><b>Proyecta<\/b><\/i><\/span><\/span><\/span><\/strong><\/p>\n<ul>\n<li><span style=\"color: #1a1a1a\"><span style=\"font-family: Merriweather, Georgia, serif\"><span style=\"font-size: medium\">Un aeropuerto para quedarse<\/span><\/span><\/span><\/li>\n<li><span style=\"color: #1a1a1a\"><span style=\"font-family: Merriweather, Georgia, serif\"><span style=\"font-size: medium\">Xkkuty One, la moto el\u00e9ctrica Made in Spain<\/span><\/span><\/span><\/li>\n<li><span style=\"color: #1a1a1a\"><span style=\"font-family: Merriweather, Georgia, serif\"><span style=\"font-size: medium\">Axalko: bicicleta con alma de madera<\/span><\/span><\/span><\/li>\n<li><span style=\"color: #1a1a1a\"><span style=\"font-family: Merriweather, Georgia, serif\"><span style=\"font-size: medium\">Dios est\u00e1 en los detalles<\/span><\/span><\/span><\/li>\n<li><span style=\"color: #1a1a1a\"><span style=\"font-family: Merriweather, Georgia, serif\"><span style=\"font-size: medium\">Mamet, iluminar con sobriedad<\/span><\/span><\/span><\/li>\n<li><span style=\"color: #1a1a1a\"><span style=\"font-family: Merriweather, Georgia, serif\"><span style=\"font-size: medium\">Luz para los pasos peatonales<\/span><\/span><\/span><\/li>\n<li><span style=\"color: #1a1a1a\"><span style=\"font-family: Merriweather, Georgia, serif\"><span style=\"font-size: medium\">Impresi\u00f3n 3D profesional con la Voladora V3<\/span><\/span><\/span><\/li>\n<li><span style=\"color: #1a1a1a\"><span style=\"font-family: Merriweather, Georgia, serif\"><span style=\"font-size: medium\">Circular Knitic, La m\u00e1quina de tejer digital del c\u00f3digo abierto<\/span><\/span><\/span><\/li>\n<li><span style=\"color: #1a1a1a\"><span style=\"font-family: Merriweather, Georgia, serif\"><span style=\"font-size: medium\">Comprando ropa como una estrella de rock<\/span><\/span><\/span><\/li>\n<li><span style=\"color: #1a1a1a\"><span style=\"font-family: Merriweather, Georgia, serif\"><span style=\"font-size: medium\">Dvelas, mobiliario con lenguaje n\u00e1utico<\/span><\/span><\/span><\/li>\n<li><span style=\"color: #1a1a1a\"><span style=\"font-family: Merriweather, Georgia, serif\"><span style=\"font-size: medium\">Gummy, morbidez y descanso para China<\/span><\/span><\/span><\/li>\n<li><span style=\"color: #1a1a1a\"><span style=\"font-family: Merriweather, Georgia, serif\"><span style=\"font-size: medium\">\u00bfPuede un caf\u00e9 inspirar un sof\u00e1?<\/span><\/span><\/span><\/li>\n<li><span style=\"color: #1a1a1a\"><span style=\"font-family: Merriweather, Georgia, serif\"><span style=\"font-size: medium\">Public, asientos urbanos para todos<\/span><\/span><\/span><\/li>\n<li><span style=\"color: #1a1a1a\"><span style=\"font-family: Merriweather, Georgia, serif\"><span style=\"font-size: medium\">Aro: fusi\u00f3n de culturas y materiales<\/span><\/span><\/span><\/li>\n<li><span style=\"color: #1a1a1a\"><span style=\"font-family: Merriweather, Georgia, serif\"><span style=\"font-size: medium\">Tradici\u00f3n y frescura en Sevilla<\/span><\/span><\/span><\/li>\n<li><span style=\"color: #1a1a1a\"><span style=\"font-family: Merriweather, Georgia, serif\"><span style=\"font-size: medium\">Caballa Canalla, un nuevo restaurante en el coraz\u00f3n de la Barceloneta<\/span><\/span><\/span><\/li>\n<li><span style=\"color: #1a1a1a\"><span style=\"font-family: Merriweather, Georgia, serif\"><span style=\"font-size: medium\">Brindando al sol de Turnedo<\/span><\/span><\/span><\/li>\n<li><span style=\"color: #1a1a1a\"><span style=\"font-family: Merriweather, Georgia, serif\"><span style=\"font-size: medium\">Luis Felipe, packaging de abolengo<\/span><\/span><\/span><\/li>\n<li><span style=\"color: #1a1a1a\"><span style=\"font-family: Merriweather, Georgia, serif\"><span style=\"font-size: medium\">Jot Down Magazine, un proyecto editorial de Rajaelcoco<\/span><\/span><\/span><\/li>\n<\/ul>\n<p>&nbsp;<\/p>\n<p><strong><span style=\"color: #1a1a1a\"><span style=\"font-family: Merriweather, Georgia, serif\"><span style=\"font-size: medium\"><i><b>Academy<\/b><\/i><\/span><\/span><\/span><\/strong><\/p>\n<p><span style=\"color: #1a1a1a\"><span style=\"font-family: Merriweather, Georgia, serif\"><span style=\"font-size: medium\"><i>Elisava<\/i><\/span><\/span><\/span><\/p>\n<ul>\n<li><span style=\"color: #1a1a1a\"><span style=\"font-family: Merriweather, Georgia, serif\"><span style=\"font-size: medium\"><i>El desaf\u00edo de transformar la sociedad<\/i><\/span><\/span><\/span><span style=\"color: #1a1a1a\"><span style=\"font-family: Merriweather, Georgia, serif\"><span style=\"font-size: medium\">Proyectos:<\/span><\/span><\/span><\/li>\n<\/ul>\n<ul>\n<li><span style=\"color: #1a1a1a\"><span style=\"font-family: Merriweather, Georgia, serif\"><span style=\"font-size: medium\">Habitat<\/span><\/span><\/span><\/li>\n<li><span style=\"color: #1a1a1a\"><span style=\"font-family: Merriweather, Georgia, serif\"><span style=\"font-size: medium\">MAE<\/span><\/span><\/span><\/li>\n<li><span style=\"color: #1a1a1a\"><span style=\"font-family: Merriweather, Georgia, serif\"><span style=\"font-size: medium\">Miralls d\u00e1igua<\/span><\/span><\/span><\/li>\n<li><span style=\"color: #1a1a1a\"><span style=\"font-family: Merriweather, Georgia, serif\"><span style=\"font-size: medium\">MIZU<\/span><\/span><\/span><\/li>\n<li><span style=\"color: #1a1a1a\"><span style=\"font-family: Merriweather, Georgia, serif\"><span style=\"font-size: medium\">Escombros, la identidad de una calle<\/span><\/span><\/span><\/li>\n<\/ul>\n<p><strong><span style=\"color: #1a1a1a\"><span style=\"font-family: Merriweather, Georgia, serif\"><span style=\"font-size: medium\"><i><b>Reflexiona<\/b><\/i><\/span><\/span><\/span><\/strong><\/p>\n<ul>\n<li><span style=\"color: #1a1a1a\"><span style=\"font-family: Merriweather, Georgia, serif\"><span style=\"font-size: medium\">Entrevista a Ezio Manzini<\/span><\/span><\/span><\/li>\n<li><span style=\"color: #1a1a1a\"><span style=\"font-family: Merriweather, Georgia, serif\"><span style=\"font-size: medium\">Las cinco tendencias de Fjord para 2018. El dise\u00f1o avanza imparable hacia el coraz\u00f3n de los negocios, los gobiernos y la sociedad.<\/span><\/span><\/span><\/li>\n<\/ul>\n<p><span style=\"text-indent: 20px;width: auto;padding: 0px 4px 0px 0px;text-align: center;font-style: normal;font-weight: bold;font-size: 11px;line-height: 20px;font-family: 'Helvetica Neue', Helvetica, sans-serif;color: #ffffff;background-size: 14px 14px;background-color: #bd081c;cursor: pointer;border: none;background-position: 3px 50%\">Guardar<\/span><span style=\"text-indent: 20px;width: auto;padding: 0px 4px 0px 0px;text-align: center;font-style: normal;font-weight: bold;font-size: 11px;line-height: 20px;font-family: 'Helvetica Neue', Helvetica, sans-serif;color: #ffffff;background-size: 14px 14px;background-color: #bd081c;cursor: pointer;border: none;background-position: 3px 50%\">Guardar<\/span><\/p>\n","protected":false},"excerpt":{"rendered":"<p class=\"p1\">La Editorial Experimenta inicia con la publicaci\u00f3n del\u00a0<strong><a href=\"http:\/\/tienda.experimenta.es\/es\/inicio\/26-experimenta-70.html\" target=\"_blank\" rel=\"noopener noreferrer\">n\u00famero 70<\/a><\/strong>\u00a0de su revista una nueva etapa con un objetivo claro: convertirse en el medio de comunicaci\u00f3n que articule la comunidad iberoamericana del dise\u00f1o.<\/p>\n","protected":false},"featured_media":55728,"comment_status":"closed","ping_status":"closed","template":"","meta":[],"product_cat":[9893,7311],"product_tag":[],"jetpack_sharing_enabled":true,"_links":{"self":[{"href":"https:\/\/www.experimenta.es\/tienda\/wp-json\/wp\/v2\/product\/11450"}],"collection":[{"href":"https:\/\/www.experimenta.es\/tienda\/wp-json\/wp\/v2\/product"}],"about":[{"href":"https:\/\/www.experimenta.es\/tienda\/wp-json\/wp\/v2\/types\/product"}],"replies":[{"embeddable":true,"href":"https:\/\/www.experimenta.es\/tienda\/wp-json\/wp\/v2\/comments?post=11450"}],"wp:featuredmedia":[{"embeddable":true,"href":"https:\/\/www.experimenta.es\/tienda\/wp-json\/wp\/v2\/media\/55728"}],"wp:attachment":[{"href":"https:\/\/www.experimenta.es\/tienda\/wp-json\/wp\/v2\/media?parent=11450"}],"wp:term":[{"taxonomy":"product_cat","embeddable":true,"href":"https:\/\/www.experimenta.es\/tienda\/wp-json\/wp\/v2\/product_cat?post=11450"},{"taxonomy":"product_tag","embeddable":true,"href":"https:\/\/www.experimenta.es\/tienda\/wp-json\/wp\/v2\/product_tag?post=11450"}],"curies":[{"name":"wp","href":"https:\/\/api.w.org\/{rel}","templated":true}]}}