{"id":25654,"date":"2016-12-16T08:58:17","date_gmt":"2016-12-16T07:58:17","guid":{"rendered":"http:\/\/www.experimenta.es\/?post_type=product&#038;p=25654"},"modified":"2023-10-02T12:38:02","modified_gmt":"2023-10-02T10:38:02","slug":"experimenta-72","status":"publish","type":"product","link":"https:\/\/www.experimenta.es\/tienda\/producto\/experimenta-72\/","title":{"rendered":"Revista Experimenta 72"},"content":{"rendered":"<p>En este n\u00famero hemos analizado Los Fab Labs y todos los espacios vinculados a la fabricaci\u00f3n digital que se est\u00e1n convirtiendo en muy poco tiempo en una potente herramienta para toda la sociedad, as\u00ed como los modos colaborativos de trabajo entre profesionales desde el mundo acad\u00e9mico hasta empresas. Este tema central junto con otros temas de inter\u00e9s conforman el n\u00famero 72.<\/p>\n<p><span style=\"color: #1a1a1a\"><span style=\"font-family: Merriweather, Georgia, serif\"><span style=\"font-size: medium\">Contenidos:<\/span><\/span><\/span><\/p>\n<p><em><span style=\"color: #1a1a1a\"><span style=\"font-family: Merriweather, Georgia, serif\"><span style=\"font-size: medium\"><i><b>Observatorio<\/b><\/i><\/span><\/span><\/span><\/em><\/p>\n<ul>\n<li><span style=\"color: #1a1a1a\"><span style=\"font-family: Merriweather, Georgia, serif\"><span style=\"font-size: medium\">Mario Ruiz y la empresa Simon, Premios Nacionales de Dise\u00f1o 2016<\/span><\/span><\/span><\/li>\n<li><span style=\"color: #1a1a1a\"><span style=\"font-family: Merriweather, Georgia, serif\"><span style=\"font-size: medium\">Selected Europe. Visual Inspiration from Bilbao<\/span><\/span><\/span><\/li>\n<li><span style=\"color: #1a1a1a\"><span style=\"font-family: Merriweather, Georgia, serif\"><span style=\"font-size: medium\">Dise\u00f1o de experiencias 3D. Dassault Syst\u00e8mes<\/span><\/span><\/span><\/li>\n<li><span style=\"color: #1a1a1a\"><span style=\"font-family: Merriweather, Georgia, serif\"><span style=\"font-size: medium\">La invasi\u00f3n del dise\u00f1o en Barcelona Design Week 2016<\/span><\/span><\/span><\/li>\n<li><span style=\"color: #1a1a1a\"><span style=\"font-family: Merriweather, Georgia, serif\"><span style=\"font-size: medium\">Premios Delta de Dise\u00f1o Industrial 2016<\/span><\/span><\/span><\/li>\n<li><span style=\"color: #1a1a1a\"><span style=\"font-family: Merriweather, Georgia, serif\"><span style=\"font-size: medium\">36daysoftype. la fiesta de la tipograf\u00eda de Nina Sans y Rafa Goicoechea<\/span><\/span><\/span><\/li>\n<li><span style=\"color: #1a1a1a\"><span style=\"font-family: Merriweather, Georgia, serif\"><span style=\"font-size: medium\">Conc\u00e9ntrico. El primer festival de arquitectura ef\u00edmera de Espa\u00f1a<\/span><\/span><\/span><\/li>\n<li><span style=\"color: #1a1a1a\"><span style=\"font-family: Merriweather, Georgia, serif\"><span style=\"font-size: medium\">Mercado de Dise\u00f1o<\/span><\/span><\/span><\/li>\n<li><span style=\"color: #1a1a1a\"><span style=\"font-family: Merriweather, Georgia, serif\"><span style=\"font-size: medium\">Una mirada a la Hocschule f\u00fcr Gestaltung de Ulm.\/Especializaci\u00f3n y\/o dise\u00f1o integral. Oviedo 2016<\/span><\/span><\/span><\/li>\n<li><span style=\"color: #1a1a1a\"><span style=\"font-family: Merriweather, Georgia, serif\"><span style=\"font-size: medium\">Design Museum Dharavi. El primer museo n\u00f3mada del mundo<\/span><\/span><\/span><\/li>\n<li><span style=\"color: #1a1a1a\"><span style=\"font-family: Merriweather, Georgia, serif\"><span style=\"font-size: medium\">La Ruta de la Seda del siglo XXI como marca de Valencia<\/span><\/span><\/span><\/li>\n<li><span style=\"color: #1a1a1a\"><span style=\"font-family: Merriweather, Georgia, serif\"><span style=\"font-size: medium\">Free Design Bank. Un banco de dise\u00f1os gratuitos on line<\/span><\/span><\/span><\/li>\n<\/ul>\n<p><strong><span style=\"color: #1a1a1a\"><span style=\"font-family: Merriweather, Georgia, serif\"><span style=\"font-size: medium\"><i><b>Proyecta<\/b><\/i><\/span><\/span><\/span><\/strong><\/p>\n<ul>\n<li><span style=\"color: #1a1a1a\"><span style=\"font-family: Merriweather, Georgia, serif\"><span style=\"font-size: medium\">Homenaje a la columna cl\u00e1sica. Lavernia &amp; Cienfuegos<\/span><\/span><\/span><\/li>\n<li><span style=\"color: #1a1a1a\"><span style=\"font-family: Merriweather, Georgia, serif\"><span style=\"font-size: medium\">Un mercado gourmet con sabor a tradici\u00f3n<\/span><\/span><\/span><\/li>\n<li><span style=\"color: #1a1a1a\"><span style=\"font-family: Merriweather, Georgia, serif\"><span style=\"font-size: medium\">Kaaja collection de Carlos Jim\u00e9nez<\/span><\/span><\/span><\/li>\n<li><span style=\"color: #1a1a1a\"><span style=\"font-family: Merriweather, Georgia, serif\"><span style=\"font-size: medium\">Simon, nuevas soluciones Digital Sound &amp; Multimedia<\/span><\/span><\/span><\/li>\n<li><span style=\"color: #1a1a1a\"><span style=\"font-family: Merriweather, Georgia, serif\"><span style=\"font-size: medium\">Saber hacer: gr\u00e1fica, producto y estrategia. Ediciones Santillana<\/span><\/span><\/span><\/li>\n<li><span style=\"color: #1a1a1a\"><span style=\"font-family: Merriweather, Georgia, serif\"><span style=\"font-size: medium\">Cooking Tableware, la cocina port\u00e1til de Lagranja Design<\/span><\/span><\/span><\/li>\n<li><span style=\"color: #1a1a1a\"><span style=\"font-family: Merriweather, Georgia, serif\"><span style=\"font-size: medium\">Diskover memory, el juego de mesa para la rehabilitaci\u00f3n psicomotriz del estudio Unamo<\/span><\/span><\/span><\/li>\n<li><span style=\"color: #1a1a1a\"><span style=\"font-family: Merriweather, Georgia, serif\"><span style=\"font-size: medium\">Las portadas de Gen\u00eds Carreras para la revista New Philosopher<\/span><\/span><\/span><\/li>\n<li><span style=\"color: #1a1a1a\"><span style=\"font-family: Merriweather, Georgia, serif\"><span style=\"font-size: medium\">Gaia, el panel ac\u00fastico que nace de la tierra. Dise\u00f1o de Cutu Mazuelos y Eva Prego para Stone Designs<\/span><\/span><\/span><\/li>\n<li><span style=\"color: #1a1a1a\"><span style=\"font-family: Merriweather, Georgia, serif\"><span style=\"font-size: medium\">Un restaurante con siglos de historia. Dise\u00f1ado por Jordi Ginabreda<\/span><\/span><\/span><\/li>\n<li><span style=\"color: #1a1a1a\"><span style=\"font-family: Merriweather, Georgia, serif\"><span style=\"font-size: medium\">Tarxia, dise\u00f1o y artesan\u00eda andalus\u00ed<\/span><\/span><\/span><\/li>\n<li><span style=\"color: #1a1a1a\"><span style=\"font-family: Merriweather, Georgia, serif\"><span style=\"font-size: medium\">Aquaris, el dise\u00f1o hecho marca. Nuevo dispositivo m\u00f3vil de Mormedi para BQ<\/span><\/span><\/span><\/li>\n<\/ul>\n<p><strong><span style=\"color: #1a1a1a\"><span style=\"font-family: Merriweather, Georgia, serif\"><span style=\"font-size: medium\"><i><b>Academy<\/b><\/i><\/span><\/span><\/span><\/strong><\/p>\n<p><span style=\"color: #1a1a1a\"><span style=\"font-family: Merriweather, Georgia, serif\"><span style=\"font-size: medium\"><i>Escola De Ingenier\u00eda en Dise\u00f1o Industrial y Desarrollo de Productos-Universidad Jaime I<\/i><\/span><\/span><\/span><\/p>\n<p><span style=\"color: #1a1a1a\"><span style=\"font-family: Merriweather, Georgia, serif\"><span style=\"font-size: medium\">Proyectos:<\/span><\/span><\/span><\/p>\n<ul>\n<li><span style=\"color: #1a1a1a\"><span style=\"font-family: Merriweather, Georgia, serif\"><span style=\"font-size: medium\">Dise\u00f1o de un reloj deportivo con Adaptador para facilitar el manejo con una mano<\/span><\/span><\/span><\/li>\n<li><span style=\"color: #1a1a1a\"><span style=\"font-family: Merriweather, Georgia, serif\"><span style=\"font-size: medium\">Dise\u00f1o preliminar de una motocicleta el\u00e9ctrica<\/span><\/span><\/span><\/li>\n<\/ul>\n<p><span style=\"color: #1a1a1a\"><span style=\"font-family: Merriweather, Georgia, serif\"><span style=\"font-size: medium\"><i>Escuela de Ingenier\u00edas Industriales y Civiles de la Universidad de las Palmas de Gran Canaria<\/i><\/span><\/span><\/span><\/p>\n<p><span style=\"color: #1a1a1a\"><span style=\"font-family: Merriweather, Georgia, serif\"><span style=\"font-size: medium\">Proyectos:<\/span><\/span><\/span><\/p>\n<ul>\n<li><span style=\"color: #1a1a1a\"><span style=\"font-family: Merriweather, Georgia, serif\"><span style=\"font-size: medium\">L\u00f6ra. Dise\u00f1o de mobiliario de uso escolar y universidatario adaptado a personas diestras y zurdas.<\/span><\/span><\/span><\/li>\n<li><span style=\"color: #1a1a1a\"><span style=\"font-family: Merriweather, Georgia, serif\"><span style=\"font-size: medium\">Dise\u00f1o y estudio de c\u00e1psulas de caf\u00e9 biodegradables<\/span><\/span><\/span><\/li>\n<\/ul>\n<p><span style=\"color: #1a1a1a\"><span style=\"font-family: Merriweather, Georgia, serif\"><span style=\"font-size: medium\"><i>Escuela Superior de Dise\u00f1o de Islas Baleares<\/i><\/span><\/span><\/span><\/p>\n<p><span style=\"color: #1a1a1a\"><span style=\"font-family: Merriweather, Georgia, serif\"><span style=\"font-size: medium\">Proyectos:<\/span><\/span><\/span><\/p>\n<ul>\n<li><span style=\"color: #1a1a1a\"><span style=\"font-family: Merriweather, Georgia, serif\"><span style=\"font-size: medium\">El re-Renacimiento de la expresi\u00f3n en movimiento <\/span><\/span><\/span><\/li>\n<li><span style=\"color: #1a1a1a\"><span style=\"font-family: Merriweather, Georgia, serif\"><span style=\"font-size: medium\">Colecci\u00f3n GEOMA<\/span><\/span><\/span><\/li>\n<\/ul>\n<p><strong><span style=\"color: #1a1a1a\"><span style=\"font-family: Merriweather, Georgia, serif\"><span style=\"font-size: medium\"><i><b>Reflexiona<\/b><\/i><\/span><\/span><\/span><\/strong><\/p>\n<ul>\n<li><span style=\"color: #1a1a1a\"><span style=\"font-family: Merriweather, Georgia, serif\"><span style=\"font-size: medium\">Entrevista a Tom\u00e1s D\u00edez Ladera FAB LAB, la misi\u00f3n de imaginar aquello que no existe<\/span><\/span><\/span><\/li>\n<li><span style=\"color: #1a1a1a\"><span style=\"font-family: Merriweather, Georgia, serif\"><span style=\"font-size: medium\">Or\u00edgenes de la red espa\u00f1ola de FAB LABs<\/span><\/span><\/span><\/li>\n<li><span style=\"color: #1a1a1a\"><span style=\"font-family: Merriweather, Georgia, serif\"><span style=\"font-size: medium\">Open Design y Marketspaces en Espa\u00f1a<\/span><\/span><\/span><\/li>\n<li><span style=\"color: #1a1a1a\"><span style=\"font-family: Merriweather, Georgia, serif\"><span style=\"font-size: medium\">Mapa de FAB LAB, markerspace y hackerspace<\/span><\/span><\/span><\/li>\n<li><span style=\"color: #1a1a1a\"><span style=\"font-family: Merriweather, Georgia, serif\"><span style=\"font-size: medium\">Fabricaci\u00f3n aditiva. El dise\u00f1o y los retos del futuro<\/span><\/span><\/span><\/li>\n<\/ul>\n","protected":false},"excerpt":{"rendered":"<p>Experimenta 72 &#8211; Fabricaci\u00f3n Digital: Un Cambio de Paradigma<\/p>\n<p>En este n\u00famero hemos analizado Los Fab Labs y todos los espacios vinculados a la fabricaci\u00f3n digital que se est\u00e1n convirtiendo en muy poco tiempo en una potente herramienta para toda la sociedad, as\u00ed como los modos colaborativos de trabajo entre profesionales desde el mundo acad\u00e9mico hasta empresas. Este tema central junto con otros temas de inter\u00e9s conforman el n\u00famero 72.<\/p>\n","protected":false},"featured_media":55709,"comment_status":"open","ping_status":"closed","template":"","meta":[],"product_cat":[9893,7311],"product_tag":[],"jetpack_sharing_enabled":true,"_links":{"self":[{"href":"https:\/\/www.experimenta.es\/tienda\/wp-json\/wp\/v2\/product\/25654"}],"collection":[{"href":"https:\/\/www.experimenta.es\/tienda\/wp-json\/wp\/v2\/product"}],"about":[{"href":"https:\/\/www.experimenta.es\/tienda\/wp-json\/wp\/v2\/types\/product"}],"replies":[{"embeddable":true,"href":"https:\/\/www.experimenta.es\/tienda\/wp-json\/wp\/v2\/comments?post=25654"}],"wp:featuredmedia":[{"embeddable":true,"href":"https:\/\/www.experimenta.es\/tienda\/wp-json\/wp\/v2\/media\/55709"}],"wp:attachment":[{"href":"https:\/\/www.experimenta.es\/tienda\/wp-json\/wp\/v2\/media?parent=25654"}],"wp:term":[{"taxonomy":"product_cat","embeddable":true,"href":"https:\/\/www.experimenta.es\/tienda\/wp-json\/wp\/v2\/product_cat?post=25654"},{"taxonomy":"product_tag","embeddable":true,"href":"https:\/\/www.experimenta.es\/tienda\/wp-json\/wp\/v2\/product_tag?post=25654"}],"curies":[{"name":"wp","href":"https:\/\/api.w.org\/{rel}","templated":true}]}}