{"id":30742,"date":"2017-03-28T12:02:31","date_gmt":"2017-03-28T10:02:31","guid":{"rendered":"https:\/\/www.experimenta.es\/?post_type=product&#038;p=30742"},"modified":"2024-06-20T03:58:47","modified_gmt":"2024-06-20T01:58:47","slug":"lo-que-cuenta-novelas-y-cuentos","status":"publish","type":"product","link":"https:\/\/www.experimenta.es\/tienda\/producto\/lo-que-cuenta-novelas-y-cuentos\/","title":{"rendered":"Lo que cuenta, Novelas y Cuentos &#8211; Las portadas de Manolo Prieto 1940-1957"},"content":{"rendered":"<p><em>\u201cLo que cuenta, Novelas y Cuentos. Las Portadas de Manolo Prieto 1940-1957\u201d<\/em>, es un libro publicado con motivo de la exposici\u00f3n del mismo nombre que organiz\u00f3 el Museo Nacional de Artes Decorativas durante el a\u00f1o 2017. Esta exposici\u00f3n coincidi\u00f3 con el 25 aniversario de la muerte del \u00abartista, pintor y dibujante\u00bb, como \u00e9l mismo se denominaba.<\/p>\n<p>Manolo Prieto ha aportado a nuestro imaginario colectivo una de las im\u00e1genes m\u00e1s poderosas del panorama de la gr\u00e1fica internacional, y la m\u00e1s poderosa a nivel nacional, nombrada imagen espa\u00f1ola del Siglo XX: el popularmente llamado Toro de las carreteras, comercialmente conocido Toro de Osborne, o familiarmente conocido como el Toro de Manolo Prieto.<\/p>\n<p>Este libro recoge por primera vez, una amplia selecci\u00f3n de las portadas que el dise\u00f1ador Manolo Prieto realiz\u00f3 para la revista Novelas y Cuentos entre los a\u00f1os 1940 y 1957. Una muestra significativa que permite conocer tanto su trabajo como sus recursos gr\u00e1ficos y estrategias creativas.<\/p>\n<p>&nbsp;<\/p>\n<p>Biograf\u00eda de Manuel Prieto Ben\u00edtez<\/p>\n<p>Manuel Prieto Ben\u00edtez, conocido como <em><strong>Manolo<\/strong><strong> Prieto<\/strong><\/em>, nace en\u00a0El Puerto de Santa Mar\u00eda, C\u00e1diz, el 16 de junio de 1912.\u00a0Tras recibir una educaci\u00f3n de car\u00e1cter tradicional en la Academia de Bellas Artes de Santa Cecilia de su ciudad natal, se traslada a Madrid en 1930 donde desarrollar\u00eda toda su\u00a0carrera.<\/p>\n<p>Este genial artista portuense desarroll\u00f3 numerosas facetas art\u00edsticas: anuncios publicitarios, portadas de libros, carteles de diversa tem\u00e1tica, ilustrador, dise\u00f1ador gr\u00e1fico, pintor y escultor de medallas.\u00a0Tuvo pues una carrera muy prol\u00edfica y reconocida, llegando a ganar m\u00e1s de 40 premios y distinciones\u00a0de \u00e1mbito nacional\u00a0e internacional.<\/p>\n<p>Fallece en Madrid el 5 de mayo de 1991 a la edad de 79 a\u00f1os.<\/p>\n<p>&nbsp;<\/p>\n<p><span class=\"Apple-converted-space\">SOBRE EL AUTOR<br \/>\n<\/span>Juan Aguilar Jim\u00e9nez es Doctor en Bellas Artes por\u00a0la Universidad de M\u00e1laga y Codirector de Estaci\u00f3n\u00a0Dise\u00f1o (Escuela Superior de Dise\u00f1o). Es profesor en\u00a0ambas instituciones.<br \/>\nDirige el proyecto Creativelab, un laboratorio formativo sobre metodolog\u00edas\u00a0creativas en su segunda edici\u00f3n, organizados por el\u00a0Vicerrectorado de Innovaci\u00f3n Social y\u00a0Emprendimiento de la Universidad de M\u00e1laga. Ha\u00a0impartido conferencias numerosas conferencias en\u00a0centros formativos e instituciones como Andaluc\u00eda\u00a0Emprende-Fundaci\u00f3n P\u00fablica Andaluza y\u00a0participado en seminarios y foros de divulgaci\u00f3n del\u00a0dise\u00f1o y su alcance social, cultural y\u00a0econ\u00f3mico.<\/p>\n<p>Asimismo ha sido presidente de la\u00a0aad-Asociaci\u00f3n Andaluza de Dise\u00f1adores entre los\u00a0a\u00f1os 2010-2014 y presidente de READ (Red\u00a0Espa\u00f1ola de Asociaciones de Dise\u00f1o) durante los\u00a0a\u00f1os 2015-17.<\/p>\n","protected":false},"excerpt":{"rendered":"<p style=\"text-align: left;\" align=\"JUSTIFY\"><em>Autor: <span style=\"color: #ff0000;\">Juan Aguilar Jim\u00e9nez<\/span><\/em><\/p>\n<p style=\"text-align: left;\" align=\"JUSTIFY\"><em>\u201cLo que cuenta, Novelas y Cuentos. Las Portadas de Manolo Prieto 1940-1957\u201d<\/em>, es un libro que recoge y\u00a0explica una amplia selecci\u00f3n de las portadas que el\u00a0dise\u00f1ador <strong>Manolo Prieto<\/strong> realiz\u00f3 para la revista <strong>Novelas y\u00a0Cuentos<\/strong> entre los a\u00f1os 1940 y 1957. Una muestra\u00a0significativa que permite conocer tanto su trabajo como\u00a0sus recursos gr\u00e1ficos y estrategias creativas a trav\u00e9s de un gran n\u00famero de im\u00e1genes que incluyen desde bocetos previos hasta el resultado final.<\/p>\n<p style=\"text-align: left;\">\u00b7 ISBN: 978-84-944817-3-4<br \/>\n\u00b7 Medidas: \u00a023 x 29,7 cm<br \/>\n\u00b7 P\u00e1ginas: 332<br \/>\n\u00b7 Impresi\u00f3n interior: color con ilustraciones<\/p>\n","protected":false},"featured_media":55856,"comment_status":"open","ping_status":"closed","template":"","meta":[],"product_cat":[9897,9892,7313],"product_tag":[9764,9591,9641,9707,9763,9762,9765],"jetpack_sharing_enabled":true,"_links":{"self":[{"href":"https:\/\/www.experimenta.es\/tienda\/wp-json\/wp\/v2\/product\/30742"}],"collection":[{"href":"https:\/\/www.experimenta.es\/tienda\/wp-json\/wp\/v2\/product"}],"about":[{"href":"https:\/\/www.experimenta.es\/tienda\/wp-json\/wp\/v2\/types\/product"}],"replies":[{"embeddable":true,"href":"https:\/\/www.experimenta.es\/tienda\/wp-json\/wp\/v2\/comments?post=30742"}],"wp:featuredmedia":[{"embeddable":true,"href":"https:\/\/www.experimenta.es\/tienda\/wp-json\/wp\/v2\/media\/55856"}],"wp:attachment":[{"href":"https:\/\/www.experimenta.es\/tienda\/wp-json\/wp\/v2\/media?parent=30742"}],"wp:term":[{"taxonomy":"product_cat","embeddable":true,"href":"https:\/\/www.experimenta.es\/tienda\/wp-json\/wp\/v2\/product_cat?post=30742"},{"taxonomy":"product_tag","embeddable":true,"href":"https:\/\/www.experimenta.es\/tienda\/wp-json\/wp\/v2\/product_tag?post=30742"}],"curies":[{"name":"wp","href":"https:\/\/api.w.org\/{rel}","templated":true}]}}