{"id":30892,"date":"2017-04-03T13:01:10","date_gmt":"2017-04-03T11:01:10","guid":{"rendered":"https:\/\/www.experimenta.es\/?post_type=product&#038;p=30892"},"modified":"2023-10-02T12:38:06","modified_gmt":"2023-10-02T10:38:06","slug":"revista-73","status":"publish","type":"product","link":"https:\/\/www.experimenta.es\/tienda\/producto\/revista-73\/","title":{"rendered":"Revista Experimenta 73"},"content":{"rendered":"<p>Smart Cities: Ciudades y Cuidadanos Inteligentes<\/p>\n<p>Contenidos:<\/p>\n<p><strong><em>Observatorio<\/em><\/strong><\/p>\n<ul>\n<li>Jaime Hay\u00f3n, invitado de honor en Estocolmo 2017<\/li>\n<li>Design is future. El documental<\/li>\n<li>Funci\u00f3n y forma. El documental sobre el dise\u00f1o espa\u00f1ol<\/li>\n<li>Rob\u00f3tica para ni\u00f1os, una propuesta de Lego<\/li>\n<li>Bienal Iberoamericana de Dise\u00f1o. Quinta edici\u00f3n<\/li>\n<li>Cursos Domestika para aprender con los mejores<\/li>\n<li>El hombre que teje un arcoiris de interior Plexux, de Gabriel Dawe<\/li>\n<li>Manolo Prieto. El legado de la gr\u00e1fica en Espa\u00f1a<\/li>\n<li>Ilustraciones para transmitir un ideal de marca. Imagen gr\u00e1fica para PayPal<\/li>\n<li>La ilustradora Ana Juan en el IV Encuentro de Dise\u00f1o y Cultura Digital<\/li>\n<li>Re-Water, reciclar el agua del ba\u00f1o<\/li>\n<\/ul>\n<p><em><strong>Proyecta<\/strong><\/em><\/p>\n<ul>\n<li>Kuskoa Bi de Alki, la primera silla de biopl\u00e1stico del mundo<\/li>\n<li>Nook, homenaje de Carlos T\u00edscar a Bruno Munari<\/li>\n<li>Microcosmos vegetal de Lagranja para Typeform<\/li>\n<li>Tono, la colecci\u00f3n de bano de Foster+Partners para Porcelanosa Grupo<\/li>\n<li>EC Wall, la piel cer\u00e1mica dise\u00f1ada por King Miranda<\/li>\n<li>El Restaurante Solomillo en Barcelona, una apuesta por el dise\u00f1o espa\u00f1ol<\/li>\n<li>Un mercado gourmet con sabor a tradici\u00f3n<\/li>\n<li>Bicnic, comida callejera de calidad<\/li>\n<li>El Naturalista vuelve a los or\u00edgenes<\/li>\n<li>Birloki System, mobiliario inteligente para la participaci\u00f3n ciudadana<\/li>\n<li>Verde que te quiero moda<\/li>\n<li>Smach Z, igual que jugar en un PC pero donde quieras<\/li>\n<li>Antoni Arola dise\u00f1a el nuevo showroom de Simon en Barcelona<\/li>\n<\/ul>\n<p><em><strong>Academy<\/strong><\/em><\/p>\n<ul>\n<li>ESNE-Escuela Unversitaria de dise\u00f1o Innovaci\u00f3n y tecnolog\u00eda-Madrid\n<ul>\n<li>Vasik. Un kit de alimentos sin gluten para poder viajar sin preocupaciones<\/li>\n<li>Necr\u00f3polis<\/li>\n<\/ul>\n<\/li>\n<li>Escuela T\u00e9cnica Superior de Ingenier\u00eda del Dise\u00f1o-Valencia\n<ul>\n<li>Make me<\/li>\n<li>Doutse Chocolates<\/li>\n<\/ul>\n<\/li>\n<li>Escuela de Arte de San Telmo-M\u00e1laga\n<ul>\n<li>Sistemas de Patronaje femenino seg\u00fan estudio antropom\u00e9trico y colecci\u00f3n desarrollada con dicho sistema<\/li>\n<li>Andaluzia I zu lengua. Editorial Tapiho<\/li>\n<\/ul>\n<\/li>\n<\/ul>\n<p><em><strong>Reflexiona<\/strong><\/em><\/p>\n<ul>\n<li>Entrevista a Carmelo di Bartolo. Innovaci\u00f3n y dise\u00f1o para un nuevo modelo de ciudad<\/li>\n<li>Cities Design, m\u00e1s all\u00e1 de las Smart Cities<\/li>\n<li>Laboratorios Urbanos: un nuevo paradigma<\/li>\n<li>Espa\u00f1a y su apuesta por las Smart Cities<\/li>\n<li>Las aplicaciones de las Smart Cities<\/li>\n<li>Material Connexion. Materiales innovadores y sostenibles para el nuevo modelo de ciudad<\/li>\n<\/ul>\n","protected":false},"excerpt":{"rendered":"<p>Smart Cities: Ciudades y Ciudadanos inteligentes<\/p>\n<p>En este n\u00famero abordamos la tem\u00e1tica de las Ciudades Inteligentes \u00abSmart Cities\u00bb contando con la colaboraci\u00f3n de especialistas en la materia que nos aportan sus puntos de vista, an\u00e1lisis, experiencias y conocimientos. Esto junto con una cuidada\u00a0selecci\u00f3n de art\u00edculos en los distintos apartados de la revista, abordando temas de inter\u00e9s dentro del espectro del dise\u00f1o conforman la propuesta de Experimenta 73.<\/p>\n","protected":false},"featured_media":55708,"comment_status":"open","ping_status":"closed","template":"","meta":[],"product_cat":[9893,7311],"product_tag":[],"jetpack_sharing_enabled":true,"_links":{"self":[{"href":"https:\/\/www.experimenta.es\/tienda\/wp-json\/wp\/v2\/product\/30892"}],"collection":[{"href":"https:\/\/www.experimenta.es\/tienda\/wp-json\/wp\/v2\/product"}],"about":[{"href":"https:\/\/www.experimenta.es\/tienda\/wp-json\/wp\/v2\/types\/product"}],"replies":[{"embeddable":true,"href":"https:\/\/www.experimenta.es\/tienda\/wp-json\/wp\/v2\/comments?post=30892"}],"wp:featuredmedia":[{"embeddable":true,"href":"https:\/\/www.experimenta.es\/tienda\/wp-json\/wp\/v2\/media\/55708"}],"wp:attachment":[{"href":"https:\/\/www.experimenta.es\/tienda\/wp-json\/wp\/v2\/media?parent=30892"}],"wp:term":[{"taxonomy":"product_cat","embeddable":true,"href":"https:\/\/www.experimenta.es\/tienda\/wp-json\/wp\/v2\/product_cat?post=30892"},{"taxonomy":"product_tag","embeddable":true,"href":"https:\/\/www.experimenta.es\/tienda\/wp-json\/wp\/v2\/product_tag?post=30892"}],"curies":[{"name":"wp","href":"https:\/\/api.w.org\/{rel}","templated":true}]}}