{"id":35330,"date":"2017-07-12T11:45:15","date_gmt":"2017-07-12T09:45:15","guid":{"rendered":"https:\/\/www.experimenta.es\/?post_type=product&#038;p=35330"},"modified":"2024-10-27T02:11:01","modified_gmt":"2024-10-27T01:11:01","slug":"experimenta-74","status":"publish","type":"product","link":"https:\/\/www.experimenta.es\/tienda\/producto\/experimenta-74\/","title":{"rendered":"Revista Experimenta 74"},"content":{"rendered":"<p>Como cada entrega, el n\u00famero 74 de Experimenta est\u00e1 divida en cuatro secciones, la primera titulada\u00a0<strong><em>Observatorio<\/em><\/strong>, repasa la actualidad espa\u00f1ola e iberoamericana en materia de eventos, movimientos y proyectos culturales. Seguida de<strong>\u00a0<\/strong><em><strong>Proyecta<\/strong>,\u00a0<\/em>dedicada a los trabajos que, por su contribuci\u00f3n al dise\u00f1o, entendemos merecen ser analizados y rese\u00f1ados. Por su parte\u00a0<em><strong>Academy<\/strong>, <\/em>se\u00a0articula a partir de una\u00a0selecci\u00f3n minuciosa de los\u00a0proyectos de fin de grado m\u00e1s interesantes llevados a cabo por alumnos de la comunidad educativa espa\u00f1ola e iberoamericana. Y por \u00faltimo, <em><strong>Reflexiona<\/strong>, <\/em>dedicada al analisis profundo del tema central del volumen, a trav\u00e9s de entrevistas y art\u00edculos de opini\u00f3n, desarrollados por personalidades del dise\u00f1o expertos en la materia.<\/p>\n<h3>Observatorio<\/h3>\n<ul>\n<li>Mil\u00e1n. Cita con la cultura del dise\u00f1o<\/li>\n<li>\u00a1Enciende la luz! Las propuestas de Euroluce 2017<\/li>\n<li>Entrevista a Isabel Roig. Directora del BCD y presidenta de BEDA<\/li>\n<li>Entrevista a Mario Ruiz. Premio Nacional de Dise\u00f1o 2016 Dra.<\/li>\n<li>Entrevista a Thomas Knoll. El creador de Photoshop<\/li>\n<li>Inspired in Barcelona: In &amp; Out La ciudad a trav\u00e9s del dise\u00f1o<\/li>\n<li>Transferencias.design 2017<\/li>\n<li>Nace Lighting Spain. La primera tienda online de marcas de iluminaci\u00f3n espa\u00f1olas<\/li>\n<li>El grafeno. Un material demasiado simple para interpretarlo de manera compleja<\/li>\n<\/ul>\n<h3>Proyecta<\/h3>\n<ul>\n<li>Stitches, la \u201cluz bordada\u201d de buroJET para LZF Lamps<\/li>\n<li>Sentarse en la geometr\u00eda de un kimono<\/li>\n<li>Muzzicycle. Resistencia, ligereza y sostenibilidad<\/li>\n<li>LKS DiaraDesign desaf\u00eda las alturas con el Panda Sky Train<\/li>\n<li>Foodini: imprimir la comida para volver a lo natural<\/li>\n<li>Peyote San. M\u00e9xico y Jap\u00f3n en un \u00fanico espacio<\/li>\n<li>Museograf\u00eda. El Museo de Pe\u00f1\u00edscola<\/li>\n<li>Pepe Valladares hace de Santa Cruz \u201cel coraz\u00f3n de Tenerife\u201d<\/li>\n<li>La Liga TV, la gr\u00e1fica del f\u00fatbol espa\u00f1ol<\/li>\n<li>Coherencia y sobriedad en la gr\u00e1fica de Fidel L\u00f3pez<\/li>\n<li>Azul RecreoTM y una tipograf\u00eda para combatir la falta de agua potable<\/li>\n<li>Ommo, la promesa cumplida de la realidad virtual<\/li>\n<li>Una pajita para la granadilla, de Joan Rojesky Studio<\/li>\n<li>IKO, la pr\u00f3tesis con piezas de Lego que convierte a los ni\u00f1os en superh\u00e9roes<\/li>\n<\/ul>\n<h3>Academy<\/h3>\n<ul>\n<li>Escuela De Arte y Superior de Dise\u00f1o Conservaci\u00f3n y Restauraci\u00f3n de Bienes Culturales de Burgos<br \/>\n-Al-Zuleique Namorado<br \/>\n-Letargo<\/li>\n<li>EINA, Centre Universitari de Disseny i Art de Barcelona<br \/>\n-Tipograf\u00eda multiescritura<br \/>\n-Bacoa. Los valores del packaging a trav\u00e9s de un envase take away para restaurantes ecol\u00f3gicos<\/li>\n<li>Estaci\u00f3n Dise\u00f1o. Escuela Superior de Dise\u00f1o Armilla (Granada)<br \/>\n-Baelo Claudia Eco Hotel<br \/>\n-El Intercambiador Express. Un magaz\u00edn sobre dise\u00f1o y cultura<\/li>\n<li>Escuela Polit\u00e9cnica Superior. Universidad Alfonso X El Sabio. Madrid<br \/>\n-Una est\u00e9tica high-tech. Dise\u00f1o de mobiliario urbano de uso p\u00fablico<br \/>\n-URb Concept Car, el coche que se pliega para la ciudad futura<\/li>\n<\/ul>\n<h3>Reflexiona<\/h3>\n<ul>\n<li>Entrevista a Bettina von Stamm. Sin dise\u00f1o no hay innovaci\u00f3n<\/li>\n<li>Ya no somos capaces de resolver nuestros problemas<\/li>\n<li>Investigaci\u00f3n tem\u00e1tica en el proceso para la creaci\u00f3n de marcos de referencia<\/li>\n<li>La innovaci\u00f3n, motor de Espa\u00f1a Innovaci\u00f3n y dise\u00f1o, una relaci\u00f3n fundamental<\/li>\n<\/ul>\n","protected":false},"excerpt":{"rendered":"<p>El n\u00famero 74 de <em><strong>Experimenta<\/strong><\/em> titulado, <em>El dise\u00f1o de la innovaci\u00f3n<\/em>, analiza el papel de los dise\u00f1adores en el mundo actual, donde los avances tecnol\u00f3gicos de \u00edndole disruptivo han cambiado la sociedad para siempre. A trav\u00e9s de entrevistas, reportajes, rese\u00f1as y an\u00e1lisis de productos y de experiencias, esta nueva entrega de <em><strong>Experimenta<\/strong><\/em> pretende solventar algunas de las preguntas \u2014y proponer otras nuevas\u2014, que este reto, uno de los m\u00e1s importantes al que se enfrentan los dise\u00f1adores desde la Revoluci\u00f3n Industrial, ha puesto sobre la mesa.<\/p>\n<p>&nbsp;<\/p>\n<p>\u00b7 Edici\u00f3n: junio 2017<br \/>\n\u00b7 ISBN: 978-84-944817-3-4<br \/>\n\u00b7 Medidas: 23 x 29,7x 1 cm<br \/>\n\u00b7 P\u00e1ginas: 104<\/p>\n","protected":false},"featured_media":55707,"comment_status":"open","ping_status":"closed","template":"","meta":[],"product_cat":[9893,7311],"product_tag":[],"jetpack_sharing_enabled":true,"_links":{"self":[{"href":"https:\/\/www.experimenta.es\/tienda\/wp-json\/wp\/v2\/product\/35330"}],"collection":[{"href":"https:\/\/www.experimenta.es\/tienda\/wp-json\/wp\/v2\/product"}],"about":[{"href":"https:\/\/www.experimenta.es\/tienda\/wp-json\/wp\/v2\/types\/product"}],"replies":[{"embeddable":true,"href":"https:\/\/www.experimenta.es\/tienda\/wp-json\/wp\/v2\/comments?post=35330"}],"wp:featuredmedia":[{"embeddable":true,"href":"https:\/\/www.experimenta.es\/tienda\/wp-json\/wp\/v2\/media\/55707"}],"wp:attachment":[{"href":"https:\/\/www.experimenta.es\/tienda\/wp-json\/wp\/v2\/media?parent=35330"}],"wp:term":[{"taxonomy":"product_cat","embeddable":true,"href":"https:\/\/www.experimenta.es\/tienda\/wp-json\/wp\/v2\/product_cat?post=35330"},{"taxonomy":"product_tag","embeddable":true,"href":"https:\/\/www.experimenta.es\/tienda\/wp-json\/wp\/v2\/product_tag?post=35330"}],"curies":[{"name":"wp","href":"https:\/\/api.w.org\/{rel}","templated":true}]}}