{"id":41953,"date":"2018-02-06T18:23:31","date_gmt":"2018-02-06T17:23:31","guid":{"rendered":"https:\/\/www.experimenta.es\/?post_type=product&#038;p=41953"},"modified":"2026-02-04T19:13:14","modified_gmt":"2026-02-04T18:13:14","slug":"kees-dorst-innovacion-y-metodologia","status":"publish","type":"product","link":"https:\/\/www.experimenta.es\/tienda\/producto\/kees-dorst-innovacion-y-metodologia\/","title":{"rendered":"Innovaci\u00f3n y metodolog\u00eda. Nuevas formas de pensar y dise\u00f1ar"},"content":{"rendered":"<p>Este libro, editado originalmente en ingl\u00e9s en el a\u00f1o 2015\u00a0por The MIT Press, la editorial del prestigioso Instituto\u00a0Tecnol\u00f3gico de Massachusetts bajo el nombre, <em>\u00abFrame\u00a0Innovation: Create New Thinking by Design\u00bb,\u00a0<\/em>se incorpora a la Colecci\u00f3n Theoria de\u00a0Experimenta Libros, dedicada a te\u00f3ricos y dise\u00f1adores de\u00a0relevancia internacional.<br \/>\n<strong>Una obra que pone en evidencia la influencia del\u00a0pensamiento de dise\u00f1o m\u00e1s all\u00e1 de su \u00e1rea de desarrollo\u00a0original y que se sit\u00faa como referencia para la creaci\u00f3n de\u00a0modelos de gesti\u00f3n e innovaci\u00f3n.<\/strong><\/p>\n<p>En palabras de Dorst, esta obra\u00a0<em>\u00abpresenta un m\u00e9todo nuevo y fascinante para idear soluciones originales a problemas realmente dif\u00edciles. La creaci\u00f3n de marcos de referencia es un m\u00e9todo profundo y reflexivo para la innovaci\u00f3n radical, desarrollado originalmente en la practica profesional de dise\u00f1adores expertos. Estos dise\u00f1adores expertos siempre han sido conocidos por \u201cresolver lo irresoluble\u201d, por encontrar nuevas soluciones all\u00ed donde otros no ven ninguna y por dar con nuevas oportunidades donde otros solo ven problemas. Pero entonces, \u00bfcu\u00e1l es su secreto? Abordan los problemas con un m\u00e9todo especial, llamado \u201ccreaci\u00f3n de marcos de referencia\u201d. En este libro se introduce, se estudia y se ejemplifica, este m\u00e9todo de manera que pueda ser utilizado por profesionales de otros campos al margen de las disciplinas del dise\u00f1o\u201d<\/em>.<\/p>\n<p>&nbsp;<\/p>\n<p><span class=\"Apple-converted-space\">SOBRE EL AUTOR<br \/>\n<\/span>Kees Dorst es profesor de la Facultad de Dise\u00f1o,\u00a0Arquitectura y Comunicaci\u00f3n de la University of\u00a0Technology Sydney y miembro principal y director de\u00a0DIRC \u2013 Innovaci\u00f3n en Dise\u00f1o.\u00a0Es un apasionado del dise\u00f1o y su funcionamiento.<br \/>\nSu investigaci\u00f3n se centra en la creaci\u00f3n de nuevos\u00a0acuerdos en el \u00e1rea compartida entre el dise\u00f1o, la\u00a0filosof\u00eda y las ciencias empresariales.<\/p>\n","protected":false},"excerpt":{"rendered":"<p><span style=\"color: #ff0000;\"><span style=\"color: #000000;\">Autor:<\/span> Kees Dorst<\/span><\/p>\n<p><strong><i>Innovaci\u00f3n y metodolog\u00eda. Nuevas formas de pensar y dise\u00f1ar<\/i><\/strong>, libro del escritor holand\u00e9s <strong>Kees Dorst<\/strong>, es un trabajo editado originalmente en ingl\u00e9s en marzo de 2015 por<strong> The MIT Press<\/strong>, la editorial del prestigioso <strong>Instituto Tecnol\u00f3gico de Massachusetts<\/strong> bajo el nombre, <i>Frame Innovation: Create New Thinking by Design<\/i>. Este libro se incorpora a nuestra Colecci\u00f3n\u00a0<strong><i>Theoria<\/i>, <\/strong>dedicada a\u00a0te\u00f3ricos y dise\u00f1adores\u00a0de relevancia internacional.<\/p>\n<p>\u00bfCu\u00e1l es el secreto de los dise\u00f1adores para encontrar\u00a0nuevas soluciones all\u00ed donde otros no ven ninguna y\u00a0dar con nuevas oportunidades donde otros solo ven\u00a0problemas?<br \/>\n<strong>Kees Dorst<\/strong> denomina a este proceso como <em>\u00abcreaci\u00f3n de\u00a0marcos de referencia\u00bb<\/em> y en este libro se introduce, se\u00a0estudia y se ejemplifica el m\u00e9todo de manera que pueda\u00a0ser utilizado por profesionales de otros campos al margen\u00a0de las disciplinas del dise\u00f1o.<\/p>\n<p>&nbsp;<\/p>\n<p>\u00b7 ISBN: 978-84-939383-1-4<br \/>\n\u00b7 Medidas: 15 x 23 x 1,8 cm<br \/>\n\u00b7 P\u00e1ginas: 216<br \/>\n\u00b7 Impresi\u00f3n interior: negro<\/p>\n","protected":false},"featured_media":55699,"comment_status":"open","ping_status":"closed","template":"","meta":[],"product_cat":[9892,9898,7313],"product_tag":[9642,9641,9714,9762,9746],"jetpack_sharing_enabled":true,"_links":{"self":[{"href":"https:\/\/www.experimenta.es\/tienda\/wp-json\/wp\/v2\/product\/41953"}],"collection":[{"href":"https:\/\/www.experimenta.es\/tienda\/wp-json\/wp\/v2\/product"}],"about":[{"href":"https:\/\/www.experimenta.es\/tienda\/wp-json\/wp\/v2\/types\/product"}],"replies":[{"embeddable":true,"href":"https:\/\/www.experimenta.es\/tienda\/wp-json\/wp\/v2\/comments?post=41953"}],"wp:featuredmedia":[{"embeddable":true,"href":"https:\/\/www.experimenta.es\/tienda\/wp-json\/wp\/v2\/media\/55699"}],"wp:attachment":[{"href":"https:\/\/www.experimenta.es\/tienda\/wp-json\/wp\/v2\/media?parent=41953"}],"wp:term":[{"taxonomy":"product_cat","embeddable":true,"href":"https:\/\/www.experimenta.es\/tienda\/wp-json\/wp\/v2\/product_cat?post=41953"},{"taxonomy":"product_tag","embeddable":true,"href":"https:\/\/www.experimenta.es\/tienda\/wp-json\/wp\/v2\/product_tag?post=41953"}],"curies":[{"name":"wp","href":"https:\/\/api.w.org\/{rel}","templated":true}]}}