{"id":47442,"date":"2018-09-25T09:50:04","date_gmt":"2018-09-25T07:50:04","guid":{"rendered":"https:\/\/www.experimenta.es\/?post_type=product&#038;p=47442"},"modified":"2024-02-12T11:50:51","modified_gmt":"2024-02-12T10:50:51","slug":"pedro-miralles-diseno-y-emocion-el-legado-de-una-decada-1983-1993","status":"publish","type":"product","link":"https:\/\/www.experimenta.es\/tienda\/producto\/pedro-miralles-diseno-y-emocion-el-legado-de-una-decada-1983-1993\/","title":{"rendered":"Pedro Miralles. Dise\u00f1o y Emoci\u00f3n. El Legado de una d\u00e9cada (1983 \u2013 1993)"},"content":{"rendered":"<p>El presente libro contextualiza su \u00e9poca de m\u00e1xima creaci\u00f3n\u00a0para comprender su singular trayectoria evolutiva y apreciar su\u00a0legado, enmarcado dentro del postmodernismo contempor\u00e1neo\u00a0y definido por su formaci\u00f3n como arquitecto y su fascinaci\u00f3n por\u00a0la diversidad simb\u00f3lica de las culturas antiguas, que pueden\u00a0apreciarse a lo largo de 42 proyectos de distinta \u00edndole tipol\u00f3gica\u00a0y que lo establecieron como un dise\u00f1ador industrial elegante\u00a0y de exquisitez constructiva.<\/p>\n<p>Tambi\u00e9n invita a conocer a Pedro Miralles en su faceta personal y\u00a0en su entorno creativo en el Madrid de los a\u00f1os 80, marcado por\u00a0su trabajo con el dise\u00f1ador de moda Jes\u00fas del Pozo y sus\u00a0amistades con la fot\u00f3grafa Ouka Leele y el cineasta Pedro\u00a0Almod\u00f3var. Se salda as\u00ed un vac\u00edo bibliogr\u00e1fico sobre Pedro\u00a0Miralles al construir una completa semblanza personal y\u00a0profesional tras cinco a\u00f1os de investigaci\u00f3n a trav\u00e9s de\u00a0documentos y entrevistas con familiares, amigos y referentes del\u00a0mundo del dise\u00f1o como Rafael Moneo, Bel\u00e9n y Pedro Feduchi,\u00a0Juli Capella, Ram\u00f3n \u00dabeda, Vincent Mart\u00ednez y Vicent Blasco.<\/p>\n<p><em>\u201cFue un dise\u00f1ador industrial aut\u00e9ntico, transgresor y con\u00a0identidad propia, que supo vivir en plenitud la movida madrile\u00f1a\u00a0sin que repercutiese en la calidad est\u00e9tica de su obra.\u00a0Tan solo una d\u00e9cada bast\u00f3 para dejar su impronta en el\u00a0mundo del dise\u00f1o. Una trayectoria breve, pero intensa y\u00a0fruct\u00edfera\u201d.<\/em><br \/>\n<strong>Pilar Mellado Lluch<\/strong><\/p>\n<p>&nbsp;<\/p>\n<p><span class=\"Apple-converted-space\">SOBRE LA AUTORA<br \/>\n<\/span><strong>Ma Pilar Mellado Lluch<\/strong> es Ingeniera T\u00e9cnica en\u00a0Dise\u00f1o Industrial y Master Oficial en Ingenier\u00eda del\u00a0Dise\u00f1o por la Universidad Polit\u00e9cnica de Valencia.\u00a0Defendi\u00f3 su Tesina Final de Master sobre la Historia\u00a0del Dise\u00f1o Industrial en la Comunidad Valenciana de\u00a0los a\u00f1os 90 y posteriormente realiz\u00f3 su tesis doctoral\u00a0sobre Pedro Miralles Claver.<br \/>\nHa comisariado, junto a Javier Pastor, una exposici\u00f3n\u00a0itinerante sobre Pedro Miralles Claver, entre 2013 y\u00a02014, en conmemoraci\u00f3n al 20 aniversario del\u00a0fallecimiento del dise\u00f1ador. Tambi\u00e9n ha sido\u00a0coordinadora de la exposici\u00f3n DECODING: Zoom in\u00a0Design, organizada por el departamento ELISAVA\u00a0Researchen el Espai Balc\u00f3, del Centro Arts Santa\u00a0M\u00f3nica, de Barcelona.<br \/>\nHa publicado art\u00edculos en diversos medios\u00a0especializadas (Experimenta, On Dise\u00f1o, Estudi del\u00a0Moble, Res Mobilis)<\/p>\n","protected":false},"excerpt":{"rendered":"<p><span style=\"color: #ff0000;\"><span style=\"color: #000000;\">Autor:<\/span>\u00a0Pilar Mellado Lluch<\/span><\/p>\n<p><b><i>Pedro Miralles. Dise\u00f1o y Emoci\u00f3n. El Legado de una d\u00e9cada (1983 \u2013 1993), <\/i><\/b>es un verdadero homenaje a la vida y obra del famoso dise\u00f1ador valenciano. Escrito por la Dra. Pilar Mellado Lluch, esta entrega de <strong>Experimenta<\/strong>, inaugura <em>Thesis<\/em>, una nueva colecci\u00f3n dedicada a las tesis doctorales de mayor potencial, inter\u00e9s y relevancia para el mundo del dise\u00f1o.<\/p>\n<p>&nbsp;<\/p>\n<p>\u00b7 ISBN: 978-84-939383-9-0<br \/>\n\u00b7 Medidas: 16 x 23 cm<br \/>\n\u00b7 P\u00e1ginas: 346<br \/>\n\u00b7 Impresi\u00f3n interior: color<\/p>\n","protected":false},"featured_media":55697,"comment_status":"open","ping_status":"closed","template":"","meta":[],"product_cat":[9892,7313],"product_tag":[9764,9638,9641,9763,9708,9762,9765],"jetpack_sharing_enabled":true,"_links":{"self":[{"href":"https:\/\/www.experimenta.es\/tienda\/wp-json\/wp\/v2\/product\/47442"}],"collection":[{"href":"https:\/\/www.experimenta.es\/tienda\/wp-json\/wp\/v2\/product"}],"about":[{"href":"https:\/\/www.experimenta.es\/tienda\/wp-json\/wp\/v2\/types\/product"}],"replies":[{"embeddable":true,"href":"https:\/\/www.experimenta.es\/tienda\/wp-json\/wp\/v2\/comments?post=47442"}],"wp:featuredmedia":[{"embeddable":true,"href":"https:\/\/www.experimenta.es\/tienda\/wp-json\/wp\/v2\/media\/55697"}],"wp:attachment":[{"href":"https:\/\/www.experimenta.es\/tienda\/wp-json\/wp\/v2\/media?parent=47442"}],"wp:term":[{"taxonomy":"product_cat","embeddable":true,"href":"https:\/\/www.experimenta.es\/tienda\/wp-json\/wp\/v2\/product_cat?post=47442"},{"taxonomy":"product_tag","embeddable":true,"href":"https:\/\/www.experimenta.es\/tienda\/wp-json\/wp\/v2\/product_tag?post=47442"}],"curies":[{"name":"wp","href":"https:\/\/api.w.org\/{rel}","templated":true}]}}