{"id":47924,"date":"2018-10-10T11:24:02","date_gmt":"2018-10-10T09:24:02","guid":{"rendered":"https:\/\/www.experimenta.es\/?post_type=product&#038;p=47924"},"modified":"2025-08-15T08:20:26","modified_gmt":"2025-08-15T06:20:26","slug":"experimenta-79","status":"publish","type":"product","link":"https:\/\/www.experimenta.es\/tienda\/producto\/experimenta-79\/","title":{"rendered":"Revista Experimenta 79"},"content":{"rendered":"<h3>Contenidos<\/h3>\n<p><strong>03.<\/strong>\u00a0Andy Warhol: el dise\u00f1ador<br \/>\nque se eterniz\u00f3 en el artista<br \/>\n<strong>10.<\/strong>\u00a0Deseo<br \/>\n<strong>18.\u00a0<\/strong>Jorge Diez: Responsable\u00a0del estudio de concepto\u00a0de Audi en M\u00fanich<br \/>\n<strong>26.<\/strong>\u00a0Ulm: 50 a\u00f1os despu\u00e9s<br \/>\n<strong>32.<\/strong>\u00a0Productos frescos\u00a0y post-artesanales<br \/>\n<strong>44.<\/strong>\u00a0Vacanza Accesory, de 45tilt.\u00a0Dise\u00f1o de interior en Taip\u00e9i<br \/>\n<strong>48.<\/strong>\u00a0Un dise\u00f1o de Tal Midyan Los fans\u00a0de Pharrell Williams protagonizan\u00a0el dise\u00f1o de su nuevo sitio web<br \/>\n<strong>50.<\/strong>\u00a0Arquilecturas. La arquitectura\u00a0es tambi\u00e9n cosa de ni\u00f1os<br \/>\n<strong>57.<\/strong>\u00a0ZUM: Dise\u00f1o y Sostenibilidad: el\u00a0dise\u00f1o como interfaz amigable\u00a0entre el hombre y su entorno<br \/>\n<strong>58.\u00a0<\/strong>Flores cibern\u00e9ticas 3D\u00a0contra los pesticidas<br \/>\n<strong>60.<\/strong>\u00a0Solar Roof,\u00a0el tejado solar de Tesla<br \/>\n<strong>61.<\/strong>\u00a0LEGO: Iniciando el camino\u00a0a la sostenibilidad<br \/>\n<strong>62.<\/strong>\u00a0Iluminaci\u00f3n sostenible:\u00a0GravityLight, una l\u00e1mpara\u00a0de contrapeso solidaria<br \/>\n<strong>64.<\/strong>\u00a0Project Milestone: casas de\u00a0hormig\u00f3n impresas en 3D<br \/>\n<strong>66.<\/strong>\u00a0Zapatillas biodegradables\u00a0de fibra de seda de ara\u00f1a\u00a0artificial de Adidas<br \/>\n<strong>68.<\/strong>\u00a0MemobottleTM, minimalismo,\u00a0dise\u00f1o sostenible y funcionalidad<br \/>\n<strong>70.<\/strong>\u00a0Hemper reutiliza bolsas de arroz\u00a0indio para su nuevo packaging<br \/>\n<strong>72.<\/strong>\u00a0Stalactite la alternativa al agua\u00a0embotellada creada por dos\u00a0alumnos del IED Barcelona<br \/>\n<strong>74.<\/strong>\u00a0El alma de los objetos.\u00a0Entrevista a Santiago Miranda<br \/>\n<strong>82.<\/strong>\u00a05libros<br \/>\n<strong>86.<\/strong>\u00a0Criptomonedas y el mito de la\u00a0caverna Pasado, presente y\u00a0futuro de la moneda digital<br \/>\n<strong>90.<\/strong>\u00a0Joshua Tree Residence, la casa-contenedor de Whitaker Studio<br \/>\n<strong>94.\u00a0<\/strong>\u00bfC\u00f3mo trabajaremos en el futuro?<br \/>\n<strong>98.<\/strong>\u00a0Rafael Lanfranco.\u00a0El Imaquinario de los sue\u00f1os<br \/>\n<strong>104.<\/strong>\u00a0Minimalismo japon\u00e9s: de Yuta\u00a0Takahashi para Michael Debus.\u00a0Una puerta al conocimiento antiguo<br \/>\n<strong>106.<\/strong>\u00a0PackLite Max, la linterna solar\u00a0inflable de LuminAID<br \/>\n<strong>108.<\/strong>\u00a0Jan Tschichold: A 90 a\u00f1os de la\u00a0publicaci\u00f3n de die neue typographie<br \/>\n<strong>110.<\/strong>\u00a0Robert Peek Im\u00e1genes que\u00a0transmiten sabores<br \/>\n<strong>116.<\/strong>\u00a0Autonomous Tent\u00a0tienda de campa\u00f1a de\u00a0estructura permanente de\u00a0Phil Parr y Harry Gesner<br \/>\n<strong>118.<\/strong>\u00a0Una semana con\u00a0el mejor dise\u00f1o rumano<br \/>\n<strong>120.<\/strong>\u00a0Girls Girls Girls: mujeres en la serie\u00a0de ilustraciones de Linn Fritz<br \/>\n<strong>124.<\/strong>\u00a0Solera, de Masquespacio.\u00a0Un supermercado espa\u00f1ol\u00a0en Alemania<br \/>\n<strong>127.<\/strong>\u00a0Dise\u00f1o de Experiencias<br \/>\n<strong>128.<\/strong>\u00a0Dise\u00f1o de Experiencias<br \/>\n<strong>134.<\/strong>\u00a0La ense\u00f1anza del dise\u00f1o en la etapa\u00a0final de la Hochschule f\u00fcr Gestaltung.\u00a0El dise\u00f1o de experiencias en el\u00a0Institut f\u00fcr Umweltplanung de Ulm<br \/>\n<strong>138.<\/strong>\u00a0El dise\u00f1o de experiencia de usuario\u00a0se consolida en la Universidad<br \/>\n<strong>140.<\/strong>\u00a0Del dise\u00f1o a la experiencia\u00a0m\u00e1gica del usuario<\/p>\n","protected":false},"excerpt":{"rendered":"<p><strong>Experimenta<\/strong> presenta su edici\u00f3n <strong>n\u00famero 79<\/strong>, para pasar un oto\u00f1o con lo mejor del dise\u00f1o nacional e internacional. Con entrevistas exclusivas a\u00a0<strong>Jorge Diez<\/strong>, responsable del estudio de concepto de Audi en M\u00fanich; al\u00a0artista, ilustrador, dise\u00f1ador y escultor peruano,\u00a0<strong>Rafael Lanfranco Gallofr\u00e9<\/strong>; al famoso dise\u00f1ador espa\u00f1ol\u00a0<strong>Santiago Miranda<\/strong>, autor del libro <i>Floreros, <\/i>editado\u00a0recientemente por Experimenta<i>..<\/i>. Como siempre, la secci\u00f3n central, es un capitulo aparte, en esta ocasi\u00f3n dedicada al <strong>Dise\u00f1o de\u00a0<\/strong><b>Experiencias<\/b>, un tema tan apasionante como inagotable: qu\u00e9 es, para qu\u00e9 sirve, presente, pasado y futuro. En\u00a0<strong>Zum<\/strong> (secci\u00f3n en la que se aborda una tem\u00e1tica del dise\u00f1o en forma transversal), nos enfocamos en el binomio,\u00a0Dise\u00f1o y Sostenibilidad:\u00a0el dise\u00f1o como interfaz\u00a0amigable entre el\u00a0hombre y su entorno.\u00a0El numero se completa con una selecci\u00f3n cuidada de los mejores proyectos que vieron la luz en 2018. Dise\u00f1o Industrial, Gr\u00e1fico, Social, Editorial\u2026 ademas de ilustraci\u00f3n, fotograf\u00eda, rese\u00f1a de libros\u2026 Un n\u00famero potente y amplio en todo el sentido de la palabra.<\/p>\n<p>&nbsp;<\/p>\n<p>\u00b7 Edici\u00f3n: Oto\u00f1o 2018<br \/>\n\u00b7 ISBN: 978-84-939383-8-3<br \/>\n\u00b7 Medidas: 23 x 26,5 x 1,5 cm<br \/>\n\u00b7 P\u00e1ginas: 136<\/p>\n","protected":false},"featured_media":55686,"comment_status":"open","ping_status":"closed","template":"","meta":[],"product_cat":[9893,7311],"product_tag":[9713,9707,9708,9714],"jetpack_sharing_enabled":true,"_links":{"self":[{"href":"https:\/\/www.experimenta.es\/tienda\/wp-json\/wp\/v2\/product\/47924"}],"collection":[{"href":"https:\/\/www.experimenta.es\/tienda\/wp-json\/wp\/v2\/product"}],"about":[{"href":"https:\/\/www.experimenta.es\/tienda\/wp-json\/wp\/v2\/types\/product"}],"replies":[{"embeddable":true,"href":"https:\/\/www.experimenta.es\/tienda\/wp-json\/wp\/v2\/comments?post=47924"}],"wp:featuredmedia":[{"embeddable":true,"href":"https:\/\/www.experimenta.es\/tienda\/wp-json\/wp\/v2\/media\/55686"}],"wp:attachment":[{"href":"https:\/\/www.experimenta.es\/tienda\/wp-json\/wp\/v2\/media?parent=47924"}],"wp:term":[{"taxonomy":"product_cat","embeddable":true,"href":"https:\/\/www.experimenta.es\/tienda\/wp-json\/wp\/v2\/product_cat?post=47924"},{"taxonomy":"product_tag","embeddable":true,"href":"https:\/\/www.experimenta.es\/tienda\/wp-json\/wp\/v2\/product_tag?post=47924"}],"curies":[{"name":"wp","href":"https:\/\/api.w.org\/{rel}","templated":true}]}}