{"id":49726,"date":"2019-01-18T12:01:55","date_gmt":"2019-01-18T11:01:55","guid":{"rendered":"https:\/\/www.experimenta.es\/?post_type=product&#038;p=49726"},"modified":"2023-10-02T12:38:08","modified_gmt":"2023-10-02T10:38:08","slug":"experimenta-80","status":"publish","type":"product","link":"https:\/\/www.experimenta.es\/tienda\/producto\/experimenta-80\/","title":{"rendered":"Revista Experimenta 80"},"content":{"rendered":"<div class=\"page\" title=\"Page 5\">\n<div class=\"layoutArea\">\n<div class=\"column\">\n<div class=\"page\" title=\"Page 5\">\n<div class=\"layoutArea\">\n<div class=\"column\">\n<h3>Contenidos<\/h3>\n<\/div>\n<\/div>\n<\/div>\n<p><strong>03.\u00a0<\/strong>Mickey Mouse: El m\u00e1ximo referente de la animaci\u00f3n cumple 90 a\u00f1os. Fue presentado en noviembre de 1928<br \/>\n<strong>10.<\/strong>\u00a0Deseo<br \/>\n<strong>18.<\/strong>\u00a0Emilio Gil. Un pionero que sigue haciendo camino<br \/>\n<strong>26.<\/strong>\u00a0Has le\u00eddo bien, s\u00ed: \u00a1dise\u00f1o period\u00edstico!<br \/>\n<strong>34.<\/strong>\u00a0La gran muralla china 3.0.\u00a0Cr\u00f3nica de una distop\u00eda tecnol\u00f3gica<br \/>\n<strong>38.<\/strong>\u00a0Rock House, la nueva vivienda de AGi Architects en Kuwait<br \/>\n<strong>44.<\/strong>\u00a0The Artphabet.<br \/>\nCess homenajea a los grandes del arte<br \/>\n<strong>48.<\/strong>\u00a0London, el mobiliario textil de Meike Harde M\u00e1s ligeros y vers\u00e1tiles<br \/>\n<strong>52.<\/strong>\u00a0Luis Ram\u00edrez. Si no llega a las casas, el dise\u00f1o es invisible<br \/>\n<strong>58.<\/strong>\u00a0Opticks, la obra de Isaac Newton reeditada por Kronecker Wallis<br \/>\n<strong>60.<\/strong>\u00a0ZUM: Dise\u00f1ar para jugar<br \/>\n<strong>62.<\/strong>\u00a0The Pure, de Alain Gilles. Reinterpretaci\u00f3n del cl\u00e1sico futbol\u00edn<br \/>\n<strong>64.<\/strong>\u00a0The Grid Game, la reinterpretaci\u00f3n del domin\u00f3 de Estudio Victor Alem\u00e1n<br \/>\n<strong>66.<\/strong>\u00a0Hackjes, los juegos DIY de David van der Stel<br \/>\n<strong>68.<\/strong>\u00a0Lego House, de Big. Una casa Lego en Dinamarca<br \/>\n<strong>70.<\/strong>\u00a0Magination, el juego que experimenta con imanes<br \/>\n<strong>72.<\/strong>\u00a0The Game of Creativity, de Zuelly Co. Un juego de cartas para estimular la creatividad<br \/>\n<strong>74.<\/strong>\u00a0Dise\u00f1ar hoy. Sobre el dise\u00f1o en la empresa, en las instituciones y en la formaci\u00f3n<br \/>\n<strong>78.<\/strong>\u00a0Los a\u00f1os de Ulm en el pensamiento de Tom\u00e1s Maldonado<br \/>\n<strong>84.<\/strong>\u00a0T4 Stories, historias de aeropuerto producidas por Actiu<br \/>\n<strong>86.<\/strong>\u00a05Libros<br \/>\n<strong>90.<\/strong>\u00a0Susan Kare, la dise\u00f1adora icono de los iconos.<br \/>\n<strong>92.<\/strong>\u00a0The Winton Gallery, un proyecto de Zaha Hadid Architects para el Science Museum de Londres<br \/>\n<strong>98.<\/strong>\u00a0550 aniversario de la imprenta. Gutenberg y el origen de la revoluci\u00f3n gr\u00e1fica<br \/>\n<strong>100.<\/strong>\u00a0Bauhaus a 100 a\u00f1os de la revoluci\u00f3n creativa<br \/>\n<strong>104.<\/strong>\u00a0Sans Forgetica, la tipograf\u00eda que te ayuda a recordar<br \/>\n<strong>106.<\/strong>\u00a0La Divina Comedia. El renacer de un cl\u00e1sico enla era digital<br \/>\n<strong>112.<\/strong>\u00a0Velt, de Laia Lloret.\u00a0Un sistema de reparaci\u00f3n contra el consumo masivo<br \/>\n<strong>114.<\/strong>\u00a0Pinch. Componer a trav\u00e9s de luces y sombras.<br \/>\n<strong>120.<\/strong>\u00a0George M\u00e9li\u00e8s. El padre de la ciencia ficci\u00f3n. Una vida de pel\u00edcula<br \/>\n<strong>124.<\/strong>\u00a0Packaging e ilustraciones de Buenaventura para Modesta Cassinello<br \/>\n<strong>127.<\/strong>\u00a0Dise\u00f1o de Experiencias<br \/>\n<strong>128.<\/strong>\u00a0Dise\u00f1o de servicios e interacci\u00f3n social<br \/>\n<strong>134.<\/strong>\u00a0Desaf\u00edos para el Dise\u00f1o de Servicios contempor\u00e1neo<br \/>\n<strong>138.<\/strong>\u00a0Dise\u00f1o de servicios para la movilidad urbana mediante aplicaciones m\u00f3viles<br \/>\n<strong>140.<\/strong>\u00a0Service Design. El futuro de los servicios depende del Dise\u00f1o<\/p>\n<\/div>\n<\/div>\n<\/div>\n","protected":false},"excerpt":{"rendered":"<p>Esta nueva entrega de <strong>Experimenta<\/strong> repasa, una vez m\u00e1s, lo mejor del dise\u00f1o nacional e internacional. A trav\u00e9s de entrevistas exclusivas, reportajes y art\u00edculos de opini\u00f3n, esta nueva edici\u00f3n ofrece, a lo largo de sus 142 p\u00e1ginas, una visi\u00f3n de 360\u00ba del universo creativo actual. Contra el invierno, Dise\u00f1o. Disponible ya en librer\u00edas y en nuestra tienda online.\u00a0El contenido de esta edici\u00f3n es tan variado como potente, entrevistas exclusivas a <strong>Emilio Gil<\/strong>, fundador de Tau Dise\u00f1o, Medalla de Oro al M\u00e9rito en las Bellas Artes, autor de<em> Pioneros del Dise\u00f1o Gr\u00e1fico en Espa\u00f1a\u2026\u00a0<\/em>un referente del dise\u00f1o espa\u00f1ol donde los haya; a <strong>Maru Ceballos<\/strong>, dise\u00f1adora gr\u00e1fica, ilustradora y Directora de Arte en Bravvura; al famoso fot\u00f3grafo de moda, <strong>Martin Tremblay<\/strong>\u2026 y mucho m\u00e1s.\u00a0Como siempre, la secci\u00f3n central, es un capitulo aparte, en esta ocasi\u00f3n dedicada al <strong>Dise\u00f1o de Servicios<\/strong>, un tema tan apasionante como inagotable: qu\u00e9 es, para qu\u00e9 sirve, presente, pasado y futuro. En\u00a0<strong>Zum<\/strong> (secci\u00f3n en la que se aborda una tem\u00e1tica del dise\u00f1o en forma transversal), nos centramos en el <strong>dise\u00f1o de juegos<\/strong>.<br \/>\nEl numero se completa con una selecci\u00f3n cuidada de los mejores proyectos que vieron la luz en 2018. Dise\u00f1o Industrial, Gr\u00e1fico, Social, Editorial\u2026 ademas de ilustraci\u00f3n, fotograf\u00eda, rese\u00f1a de libros\u2026<\/p>\n<p>&nbsp;<\/p>\n<p>\u00b7 Edici\u00f3n: Invierno 2018<br \/>\n\u00b7 ISBN: 978-84-949296-2-5<br \/>\n\u00b7 Medidas: 23 x 26,5 x 1,5 cm<br \/>\n\u00b7 P\u00e1ginas: 136<\/p>\n","protected":false},"featured_media":55687,"comment_status":"open","ping_status":"closed","template":"","meta":[],"product_cat":[9893,7311],"product_tag":[9713,9707,9708,9714],"jetpack_sharing_enabled":true,"_links":{"self":[{"href":"https:\/\/www.experimenta.es\/tienda\/wp-json\/wp\/v2\/product\/49726"}],"collection":[{"href":"https:\/\/www.experimenta.es\/tienda\/wp-json\/wp\/v2\/product"}],"about":[{"href":"https:\/\/www.experimenta.es\/tienda\/wp-json\/wp\/v2\/types\/product"}],"replies":[{"embeddable":true,"href":"https:\/\/www.experimenta.es\/tienda\/wp-json\/wp\/v2\/comments?post=49726"}],"wp:featuredmedia":[{"embeddable":true,"href":"https:\/\/www.experimenta.es\/tienda\/wp-json\/wp\/v2\/media\/55687"}],"wp:attachment":[{"href":"https:\/\/www.experimenta.es\/tienda\/wp-json\/wp\/v2\/media?parent=49726"}],"wp:term":[{"taxonomy":"product_cat","embeddable":true,"href":"https:\/\/www.experimenta.es\/tienda\/wp-json\/wp\/v2\/product_cat?post=49726"},{"taxonomy":"product_tag","embeddable":true,"href":"https:\/\/www.experimenta.es\/tienda\/wp-json\/wp\/v2\/product_tag?post=49726"}],"curies":[{"name":"wp","href":"https:\/\/api.w.org\/{rel}","templated":true}]}}