{"id":51673,"date":"2019-04-05T14:06:33","date_gmt":"2019-04-05T12:06:33","guid":{"rendered":"https:\/\/www.experimenta.es\/?post_type=product&#038;p=51673"},"modified":"2024-02-12T11:50:42","modified_gmt":"2024-02-12T10:50:42","slug":"diseno-de-comunicacion-corporativa-sebastian-garcia-garrido","status":"publish","type":"product","link":"https:\/\/www.experimenta.es\/tienda\/producto\/diseno-de-comunicacion-corporativa-sebastian-garcia-garrido\/","title":{"rendered":"Dise\u00f1o de Comunicaci\u00f3n Corporativa. Marca y Dise\u00f1o Estrat\u00e9gico"},"content":{"rendered":"<p>Esta obra desarrolla un estudio de los aspectos que conforman la\u00a0identidad de productos y servicios, de empresas e instituciones,\u00a0y la imagen percibida por los destinatarios y la opini\u00f3n p\u00fablica,\u00a0mediante una amplia selecci\u00f3n de casos de estudio.\u00a0Tambi\u00e9n permite evaluar <strong>el potencial del valor a\u00f1adido y la\u00a0imagen en producto, corporaci\u00f3n y marca,<\/strong> a trav\u00e9s de una\u00a0<strong>metodolog\u00eda did\u00e1ctica<\/strong> que ofrece recursos para la\u00a0<strong>identificaci\u00f3n emotiva y personal que se transmite en la\u00a0comunicaci\u00f3n de intangibles.<\/strong><\/p>\n<p>Por \u00faltimo, se revisa el papel del dise\u00f1ador, su organizaci\u00f3n\u00a0profesional, su metodolog\u00eda, y la integraci\u00f3n de la comunicaci\u00f3n,\u00a0material e inmaterial, <strong>en proyectos de dise\u00f1o estrat\u00e9gico y de\u00a0desarrollo social<\/strong>.<\/p>\n<p><strong>Imprescindible para los diferentes grados, posgrados y\u00a0t\u00edtulos superiores en Dise\u00f1o.<\/strong><\/p>\n<p>&nbsp;<\/p>\n<p><span class=\"Apple-converted-space\">SOBRE EL AUTOR<br \/>\n<\/span><strong>Sebasti\u00e1n Garc\u00eda Garrido <\/strong>es profesor Catedr\u00e1tico\u00a0de Dise\u00f1o de Comunicaci\u00f3n, en la Universidad de\u00a0M\u00e1laga, y coordinador del Programa de Doctorado\u00a0en Bellas Artes, Dise\u00f1o y Nuevas Tecnolog\u00edas.\u00a0Su formaci\u00f3n como dise\u00f1ador en la especialidad de\u00a0Dise\u00f1o de la Facultad de Bellas Artes de Sevilla se\u00a0completa con el doctorado sobre Lenguaje Visual en\u00a0la Her\u00e1ldica, en la Universidad de Salamanca.<\/p>\n<p>Ha desarrollado su faceta profesional, especialmente\u00a0en el terreno del Dise\u00f1o Gr\u00e1fico.<br \/>\nSu investigaci\u00f3n comprende los \u00e1mbitos de la\u00a0identidad visual de las instituciones y corporativa, la\u00a0evoluci\u00f3n del dise\u00f1o como disciplina y desarrollo\u00a0profesional, el papel de la cultura y del territorio en el\u00a0dise\u00f1o, la sencillez como fundamento de la est\u00e9tica\u00a0contempor\u00e1nea, la conservaci\u00f3n y el componente\u00a0est\u00e9tico de los tipos m\u00f3viles de la imprenta\u00a0tradicional, la promoci\u00f3n de la transversalidad e\u00a0intuici\u00f3n para el desarrollo creativo, y la simbiosis\u00a0entre las esferas del arte, el dise\u00f1o y el artesanado.<\/p>\n","protected":false},"excerpt":{"rendered":"<p><span style=\"color: #ff0000;\"><span style=\"color: #000000;\">Autor:<\/span> Sebasti\u00e1n Garc\u00eda Garrido<\/span><\/p>\n<p>A lo largo de estas p\u00e1ginas, el autor se aproxima al fen\u00f3meno de\u00a0la evoluci\u00f3n de la identidad gr\u00e1fica a nivel glocal, es decir, la\u00a0vinculaci\u00f3n a un contexto universal global con la capacidad para\u00a0actuar desde el \u00e1mbito local, con un enfoque fundamental en la\u00a0identidad y la cultura sobre las que se<strong> sustenta el\u00a0desempe\u00f1o profesional de todo dise\u00f1ador<\/strong>.<\/p>\n<p>Esta obra analiza diferentes tipos de estrategias de comunicaci\u00f3n de la identidad, dependiendo de los caracteres y objetivos corporativos, mediante una amplia selecci\u00f3n de casos de estudio.<\/p>\n<p>&nbsp;<\/p>\n<p>\u00b7 ISBN: 978-84-949296-1-8<br \/>\n\u00b7 Medidas: 16 x 23 x 1,1 cm<br \/>\n\u00b7 P\u00e1ginas: 224<br \/>\n\u00b7 Impresi\u00f3n interior: color<\/p>\n","protected":false},"featured_media":55696,"comment_status":"open","ping_status":"closed","template":"","meta":[],"product_cat":[9895,9892,7313],"product_tag":[9730,9642,9591,9641,9707,9762,9765],"jetpack_sharing_enabled":true,"_links":{"self":[{"href":"https:\/\/www.experimenta.es\/tienda\/wp-json\/wp\/v2\/product\/51673"}],"collection":[{"href":"https:\/\/www.experimenta.es\/tienda\/wp-json\/wp\/v2\/product"}],"about":[{"href":"https:\/\/www.experimenta.es\/tienda\/wp-json\/wp\/v2\/types\/product"}],"replies":[{"embeddable":true,"href":"https:\/\/www.experimenta.es\/tienda\/wp-json\/wp\/v2\/comments?post=51673"}],"wp:featuredmedia":[{"embeddable":true,"href":"https:\/\/www.experimenta.es\/tienda\/wp-json\/wp\/v2\/media\/55696"}],"wp:attachment":[{"href":"https:\/\/www.experimenta.es\/tienda\/wp-json\/wp\/v2\/media?parent=51673"}],"wp:term":[{"taxonomy":"product_cat","embeddable":true,"href":"https:\/\/www.experimenta.es\/tienda\/wp-json\/wp\/v2\/product_cat?post=51673"},{"taxonomy":"product_tag","embeddable":true,"href":"https:\/\/www.experimenta.es\/tienda\/wp-json\/wp\/v2\/product_tag?post=51673"}],"curies":[{"name":"wp","href":"https:\/\/api.w.org\/{rel}","templated":true}]}}