{"id":52009,"date":"2019-04-15T16:42:04","date_gmt":"2019-04-15T14:42:04","guid":{"rendered":"https:\/\/www.experimenta.es\/?post_type=product&#038;p=52009"},"modified":"2025-06-06T18:17:58","modified_gmt":"2025-06-06T16:17:58","slug":"experimenta-81","status":"publish","type":"product","link":"https:\/\/www.experimenta.es\/tienda\/producto\/experimenta-81\/","title":{"rendered":"Revista Experimenta 81"},"content":{"rendered":"<p>Charlamos sobre el <strong>futuro de la comunicaci\u00f3n<\/strong> con <strong>Carlos Scolari<\/strong>, profesor titular del Departamento de Comunicaci\u00f3n de la Universitat Pompeu Fabra y autor de m\u00e1s de 15 libros sobre narrativas transmedia, interfaces y la nueva ecolog\u00eda de los medios.\u00a0Conversamos con <strong>Joan Costa<\/strong>, fundador de la primera empresa consultora en Europa dedicada a la Comunicaci\u00f3n, la Imagen y la Identidad Corporativa.\u00a0Charlamos con <strong>Anna Dev\u00eds y Daniel Rueda<\/strong>, la pareja de fot\u00f3grafos espa\u00f1oles del momento; o la fant\u00e1stica \u00abno entrevista\u00bb a uno de los grandes referentes del dise\u00f1o espa\u00f1ol,\u00a0<strong>Isidro Ferrer;<\/strong>\u00a0son algunos de los di\u00e1logos exclusivos contenidos en esta entrega.<\/p>\n<p>En\u00a0<strong>Zum<\/strong>, la\u00a0secci\u00f3n en la que se aborda una tem\u00e1tica del dise\u00f1o de forma transversal, se la dedicamos al <strong>dise\u00f1o para dise\u00f1adores<\/strong>: aplicaciones para desarrollar en tiempo real tu propias tipograf\u00edas;\u00a0<em>gadgets<\/em> para\u00a0ampliar la funcionalidad de tus bol\u00edgrafos; la irrupci\u00f3n del mobiliario inteligente, el nuevo <em>software<\/em> de Adobe para experimentar con\u00a0Realidad Aumentada&#8230; y mucho m\u00e1s.<\/p>\n<p>Como siempre, la secci\u00f3n central, es un capitulo aparte. A 100 a\u00f1os de la fundaci\u00f3n de la Bauhaus, nuestro <em>dossier<\/em> no pod\u00eda sino consagrarse a las instituciones y actores principales que moldearon el pensamiento acad\u00e9mico de toda una generaci\u00f3n.\u00a0El n\u00famero se completa con una selecci\u00f3n cuidada de los mejores proyectos que vieron la luz recientemente. Dise\u00f1o Industrial, Gr\u00e1fico, Social, Editorial\u2026 ademas de ilustraci\u00f3n, fotograf\u00eda, rese\u00f1a de libros\u2026 El Dise\u00f1o no para, nosotros tampoco.<\/p>\n","protected":false},"excerpt":{"rendered":"<p>Manteniendo nuestro compromiso con la calidad, esta nueva entrega de Experimenta ofrece una panor\u00e1mica actualizada del universo creativo. Sus 138 p\u00e1ginas cuidadosamente maquetadas,\u00a0repasan una vez m\u00e1s, a trav\u00e9s de entrevistas exclusivas, reportajes, an\u00e1lisis, rese\u00f1as,\u00a0<em>dossiers,\u00a0<\/em>lo mejor del dise\u00f1o nacional e internacional&#8230; M\u00e1s de tres d\u00e9cadas viviendo el Dise\u00f1o.<\/p>\n<div class=\"page\" title=\"Page 4\">\n<div class=\"layoutArea\">\n<div class=\"column\">\n<p>\u00b7 Edici\u00f3n: Primavera 2019<br \/>\n\u00b7 ISBN: 978-84-949296-4-9<br \/>\n\u00b7 Medidas: 23 x 26,5 x 1,5 cm<br \/>\n\u00b7 P\u00e1ginas: 136<\/p>\n<\/div>\n<\/div>\n<\/div>\n","protected":false},"featured_media":55688,"comment_status":"open","ping_status":"closed","template":"","meta":[],"product_cat":[7311],"product_tag":[9713,9707,9708,9714],"jetpack_sharing_enabled":true,"_links":{"self":[{"href":"https:\/\/www.experimenta.es\/tienda\/wp-json\/wp\/v2\/product\/52009"}],"collection":[{"href":"https:\/\/www.experimenta.es\/tienda\/wp-json\/wp\/v2\/product"}],"about":[{"href":"https:\/\/www.experimenta.es\/tienda\/wp-json\/wp\/v2\/types\/product"}],"replies":[{"embeddable":true,"href":"https:\/\/www.experimenta.es\/tienda\/wp-json\/wp\/v2\/comments?post=52009"}],"wp:featuredmedia":[{"embeddable":true,"href":"https:\/\/www.experimenta.es\/tienda\/wp-json\/wp\/v2\/media\/55688"}],"wp:attachment":[{"href":"https:\/\/www.experimenta.es\/tienda\/wp-json\/wp\/v2\/media?parent=52009"}],"wp:term":[{"taxonomy":"product_cat","embeddable":true,"href":"https:\/\/www.experimenta.es\/tienda\/wp-json\/wp\/v2\/product_cat?post=52009"},{"taxonomy":"product_tag","embeddable":true,"href":"https:\/\/www.experimenta.es\/tienda\/wp-json\/wp\/v2\/product_tag?post=52009"}],"curies":[{"name":"wp","href":"https:\/\/api.w.org\/{rel}","templated":true}]}}