{"id":56051,"date":"2019-09-19T12:57:34","date_gmt":"2019-09-19T10:57:34","guid":{"rendered":"https:\/\/dev.experimenta.es\/tienda\/?post_type=product&#038;p=56051"},"modified":"2024-02-12T11:50:35","modified_gmt":"2024-02-12T10:50:35","slug":"el-adn-del-dircom","status":"publish","type":"product","link":"https:\/\/www.experimenta.es\/tienda\/producto\/el-adn-del-dircom\/","title":{"rendered":"El ADN del DirCom"},"content":{"rendered":"<p>El Director de Comunicaci\u00f3n emergi\u00f3 con el cambio de ciclo econ\u00f3mico, coincidiendo con la Revoluci\u00f3n Cient\u00edfica que reemplaz\u00f3 la Revoluci\u00f3n Industrial.<\/p>\n<p>La fusi\u00f3n de la Cibern\u00e9tica con la Teor\u00eda de la Comunicaci\u00f3n y la Teor\u00eda matem\u00e1tica de la Informaci\u00f3n, incidi\u00f3 en las empresas cuando \u00e9stas romp\u00edan con los modelos de organizaci\u00f3n y producci\u00f3n empujadas por los movimientos socioculturales.<\/p>\n<p>Se suman a esta transformaci\u00f3n radical la aparici\u00f3n de la primera computadora de uso civil, comercializada por IBM, y la Declaraci\u00f3n Universal de los Derechos Humanos. Una tal conjunci\u00f3n de nuevas fuerzas ten\u00eda que transformar el mundo.<\/p>\n<p><strong>\u00bfC\u00f3mo todos estos cambios influyeron en las empresas, y c\u00f3mo surgi\u00f3 la filosof\u00eda pr\u00e1ctica y la figura del Director de Comunicaci\u00f3n (DirCom), que han consolidado una nueva concepci\u00f3n de la Gesti\u00f3n Corporativa? \u00bfC\u00f3mo la Comunicaci\u00f3n se ha revelado como el sistema nervioso central de la inteligencia organizacional?<\/strong><\/p>\n<p>Estas son algunas de las preguntas a las que esta obra da\u00a0respuesta, sentando las bases de un modelo pr\u00e1ctico y\u00a0eficaz para la gesti\u00f3n de comunicaci\u00f3n.<\/p>\n<p><em>\u201cCosta es, probablemente, el mayor ide\u00f3logo\u00a0de la comunicaci\u00f3n empresarial desde cuando\u00a0\u00e9sta todav\u00eda estaba en pa\u00f1ales\u201d.<\/em><br \/>\n<strong>Alberto Borrini.<\/strong> Fundador y director del\u00a0Instituto de Estudios de la Comunicaci\u00f3n\u00a0Institucional de la UCES, Argentina.<\/p>\n<p>&nbsp;<\/p>\n<p><span class=\"Apple-converted-space\">SOBRE EL AUTOR<br \/>\n<\/span><strong>Joan Costa<\/strong> es autodidacta y se define como librepensador y francotirador. Es dise\u00f1ador, soci\u00f3logo, comunic\u00f3logo y metod\u00f3logo. A finales de los \u201960 crea la primera Consultora en Imagen y Comunicaci\u00f3n e inicia sus colaboraciones con empresas y universidades de Europa y Am\u00e9rica. En los a\u00f1os \u201980 crea y dirige la primera Enciclopedia del Dise\u00f1o, con 12 vol\u00famenes, entre ellos Se\u00f1al\u00e9tica e Imagen Global que aportan conceptos, teor\u00eda y metodolog\u00eda y se afirman como disciplinas de dise\u00f1o. En 1999 publica en M\u00e9xico el Manifiesto por el Dise\u00f1o del siglo XXI, un a\u00f1o antes del c\u00e9lebre First Things First Manifesto 2000. Sus aportes pioneros en Esquem\u00e1tica, la ciencia de los esquemas (1998) y Esquematismo (2019) son las obras de referencia en esta nueva disciplina. Su actual trabajo en Cientigraf\u00eda integra la imaginer\u00eda cient\u00edfica en una categor\u00eda espec\u00edfica de la comunicaci\u00f3n visual. Costa ha dado contenido pragm\u00e1tico-cient\u00edfico y modelos de gesti\u00f3n a la disciplina de Direcci\u00f3n de Comunicaci\u00f3n, DirCom. Es autor de 50 libros sobre Imagen, Comunicaci\u00f3n, Dise\u00f1o e Innovaci\u00f3n. Doctor Honoris causa en Espa\u00f1a, Argentina y Per\u00fa. Actualmente centra su actividad en los cursos, investigaciones y publicaciones desde Joan Costa Institute.<\/p>\n","protected":false},"excerpt":{"rendered":"<p><span style=\"color: #ff0000;\"><span style=\"color: #000000;\">Autor:<\/span> Joan Costa<\/span><\/p>\n<p><strong>Joan Costa descifra en este libro el ADN del DirCom. <\/strong><\/p>\n<p>Comprender el DirCom es comprender la nueva dimensi\u00f3n del <em>management<\/em> del conocimiento y de la creaci\u00f3n de valor. Y es descubrir las nuevas v\u00edas para el desarrollo profesional del comunicador global, as\u00ed como su influencia en el futuro de las empresas y las organizaciones, junto al aporte de herramientas\u00a0para la gesti\u00f3n estrat\u00e9gica de los cambios profundos entre individuos, empresa, entorno y sociedad provocados por la civilizaci\u00f3n tecnol\u00f3gica.<\/p>\n<p>&nbsp;<\/p>\n<p>\u00b7 ISBN: 978-84-615-0260-8<br \/>\n\u00b7 Medidas: 17 x 24 cm<br \/>\n\u00b7 P\u00e1ginas: 152<br \/>\n\u00b7 Encuadernaci\u00f3n: R\u00fastica<br \/>\n\u00b7 Impresi\u00f3n interior: color con gr\u00e1ficos<\/p>\n","protected":false},"featured_media":56059,"comment_status":"open","ping_status":"closed","template":"","meta":[],"product_cat":[9895,7313],"product_tag":[9730,9735,9642,9766,9641,9762],"jetpack_sharing_enabled":true,"_links":{"self":[{"href":"https:\/\/www.experimenta.es\/tienda\/wp-json\/wp\/v2\/product\/56051"}],"collection":[{"href":"https:\/\/www.experimenta.es\/tienda\/wp-json\/wp\/v2\/product"}],"about":[{"href":"https:\/\/www.experimenta.es\/tienda\/wp-json\/wp\/v2\/types\/product"}],"replies":[{"embeddable":true,"href":"https:\/\/www.experimenta.es\/tienda\/wp-json\/wp\/v2\/comments?post=56051"}],"wp:featuredmedia":[{"embeddable":true,"href":"https:\/\/www.experimenta.es\/tienda\/wp-json\/wp\/v2\/media\/56059"}],"wp:attachment":[{"href":"https:\/\/www.experimenta.es\/tienda\/wp-json\/wp\/v2\/media?parent=56051"}],"wp:term":[{"taxonomy":"product_cat","embeddable":true,"href":"https:\/\/www.experimenta.es\/tienda\/wp-json\/wp\/v2\/product_cat?post=56051"},{"taxonomy":"product_tag","embeddable":true,"href":"https:\/\/www.experimenta.es\/tienda\/wp-json\/wp\/v2\/product_tag?post=56051"}],"curies":[{"name":"wp","href":"https:\/\/api.w.org\/{rel}","templated":true}]}}