{"id":56065,"date":"2019-09-19T16:08:06","date_gmt":"2019-09-19T14:08:06","guid":{"rendered":"https:\/\/dev.experimenta.es\/tienda\/?post_type=product&#038;p=56065"},"modified":"2023-10-02T12:38:14","modified_gmt":"2023-10-02T10:38:14","slug":"identidad-televisiva-en-4d","status":"publish","type":"product","link":"https:\/\/www.experimenta.es\/tienda\/producto\/identidad-televisiva-en-4d\/","title":{"rendered":"Identidad Televisiva en 4D"},"content":{"rendered":"<p>Cada cadena TV es un supermercado rebosante de productos que fluyen sin cesar las 24 horas del d\u00eda. \u00bfC\u00f3mo funcionar\u00edan las televisiones -y c\u00f3mo reaccionar\u00edan los televidentes- si de repente suprimimos los signos y sistemas de identidad de los canales y si borramos el embalaje gr\u00e1fico de los programas?<span class=\"Apple-converted-space\">\u00a0<\/span><\/p>\n<p>Joan Costa muestra en este nuevo trabajo que dise\u00f1ar para TV es dise\u00f1ar de la 4\u00aa dimensi\u00f3n del Espacio en la dimensi\u00f3n del Tiempo. Este punto es absolutamente nuevo y crucial. Define la especificidad misma de la gr\u00e1fica televisiva. Tal como se\u00f1ala el autor, \u201cesta es una pr\u00e1ctica todav\u00eda sin teor\u00eda\u201d, por lo cual el grafismo televisivo no posee todav\u00eda el rango de una disciplina de dise\u00f1o.<span class=\"Apple-converted-space\">\u00a0<\/span><\/p>\n<p>Este libro propone un corpus te\u00f3rico donde no lo hay. Y aporta un an\u00e1lisis in\u00e9dito sobre c\u00f3mo el grafismo construye la Imagen Global de las televisiones a trav\u00e9s de la identidad corporativa, el packaging de los programas y el estilo de comunicaci\u00f3n del canal.<span class=\"Apple-converted-space\">\u00a0<\/span><\/p>\n<p>&nbsp;<\/p>\n<p><span class=\"Apple-converted-space\">SOBRE EL AUTOR<br \/>\n<\/span><strong>Joan Costa<\/strong> es autodidacta y se define como librepensador y francotirador. Es dise\u00f1ador, soci\u00f3logo, comunic\u00f3logo y metod\u00f3logo. A finales de los \u201960 crea la primera Consultora en Imagen y Comunicaci\u00f3n e inicia sus colaboraciones con empresas y universidades de Europa y Am\u00e9rica. En los a\u00f1os \u201980 crea y dirige la primera Enciclopedia del Dise\u00f1o, con 12 vol\u00famenes, entre ellos Se\u00f1al\u00e9tica e Imagen Global que aportan conceptos, teor\u00eda y metodolog\u00eda y se afirman como disciplinas de dise\u00f1o. En 1999 publica en M\u00e9xico el Manifiesto por el Dise\u00f1o del siglo XXI, un a\u00f1o antes del c\u00e9lebre First Things First Manifesto 2000. Sus aportes pioneros en Esquem\u00e1tica, la ciencia de los esquemas (1998) y Esquematismo (2019) son las obras de referencia en esta nueva disciplina. Su actual trabajo en Cientigraf\u00eda integra la imaginer\u00eda cient\u00edfica en una categor\u00eda espec\u00edfica de la comunicaci\u00f3n visual. Costa ha dado contenido pragm\u00e1tico-cient\u00edfico y modelos de gesti\u00f3n a la disciplina de Direcci\u00f3n de Comunicaci\u00f3n, DirCom. Es autor de 50 libros sobre Imagen, Comunicaci\u00f3n, Dise\u00f1o e Innovaci\u00f3n. Doctor Honoris causa en Espa\u00f1a, Argentina y Per\u00fa. Actualmente centra su actividad en los cursos, investigaciones y publicaciones desde Joan Costa Institute.<\/p>\n","protected":false},"excerpt":{"rendered":"<p><span class=\"Apple-converted-space\">\u00a0<\/span><b><i>El primer libro dedicado a la estrategia de identidad gr\u00e1fica corporativa para cadenas de televisi\u00f3n.<\/i><\/b><\/p>\n<p>Con pr\u00f3logo de Gillo Dorfles<\/p>\n<p><em>\u201cEste libro de Joan Costa es particularmente considerable -incluso dir\u00eda indispensable-<span class=\"Apple-converted-space\">\u00a0<\/span>para todos aquellos que quieren tener las ideas<span class=\"Apple-converted-space\">\u00a0<\/span>claras sobre la situaci\u00f3n actual del dise\u00f1o<span class=\"Apple-converted-space\">\u00a0<\/span>gr\u00e1fico y del dise\u00f1o gr\u00e1fico televisivo\u201d.<\/em><br \/>\n<i>Gillo Dorfles<\/i><\/p>\n<p><b><i>Identidad Televisiva en 4D <\/i><\/b>es un ensayo caleidosc\u00f3pico, que combina historia, sociolog\u00eda, cr\u00edtica, comunicaci\u00f3n, creatividad y pragmatismo.\u00a0Y nos ofrece una abundante selecci\u00f3n de algunos de los sistemas gr\u00e1ficos televisivos m\u00e1s notables del mundo, reproducidos a todo color.<\/p>\n<p>&nbsp;<\/p>\n<ul>\n<li style=\"list-style-type: none;\">\n<ul>\n<li>ISBN<span class=\"Apple-converted-space\">\u00a0<\/span>99905-0-806-2<span class=\"Apple-converted-space\">\u00a0<\/span><span class=\"Apple-converted-space\">\u00a0<\/span><\/li>\n<li>250 p\u00e1ginas<\/li>\n<li>Impresi\u00f3n en color<\/li>\n<\/ul>\n<\/li>\n<\/ul>\n","protected":false},"featured_media":56066,"comment_status":"open","ping_status":"closed","template":"","meta":[],"product_cat":[9892,7313],"product_tag":[9730,9642,9641,9731],"jetpack_sharing_enabled":true,"_links":{"self":[{"href":"https:\/\/www.experimenta.es\/tienda\/wp-json\/wp\/v2\/product\/56065"}],"collection":[{"href":"https:\/\/www.experimenta.es\/tienda\/wp-json\/wp\/v2\/product"}],"about":[{"href":"https:\/\/www.experimenta.es\/tienda\/wp-json\/wp\/v2\/types\/product"}],"replies":[{"embeddable":true,"href":"https:\/\/www.experimenta.es\/tienda\/wp-json\/wp\/v2\/comments?post=56065"}],"wp:featuredmedia":[{"embeddable":true,"href":"https:\/\/www.experimenta.es\/tienda\/wp-json\/wp\/v2\/media\/56066"}],"wp:attachment":[{"href":"https:\/\/www.experimenta.es\/tienda\/wp-json\/wp\/v2\/media?parent=56065"}],"wp:term":[{"taxonomy":"product_cat","embeddable":true,"href":"https:\/\/www.experimenta.es\/tienda\/wp-json\/wp\/v2\/product_cat?post=56065"},{"taxonomy":"product_tag","embeddable":true,"href":"https:\/\/www.experimenta.es\/tienda\/wp-json\/wp\/v2\/product_tag?post=56065"}],"curies":[{"name":"wp","href":"https:\/\/api.w.org\/{rel}","templated":true}]}}