{"id":56078,"date":"2019-09-19T17:10:56","date_gmt":"2019-09-19T15:10:56","guid":{"rendered":"https:\/\/dev.experimenta.es\/tienda\/?post_type=product&#038;p=56078"},"modified":"2024-03-01T10:02:09","modified_gmt":"2024-03-01T09:02:09","slug":"la-forma-de-las-ideas-nueva-edicion-actualizada-y-ampliada","status":"publish","type":"product","link":"https:\/\/www.experimenta.es\/tienda\/producto\/la-forma-de-las-ideas-nueva-edicion-actualizada-y-ampliada\/","title":{"rendered":"La Forma de las Ideas &#8211; Nueva edici\u00f3n actualizada y ampliada"},"content":{"rendered":"<p>Pensamos con im\u00e1genes y esquemas que la mente\u00a0produce y entiende. Es el invento de nuestras neuronas,\u00a0que trabajan en redes y circuitos a una velocidad\u00a0endiablada. Nosotros tenemos una capacidad limitada\u00a0para captar este destello mental que estalla de pronto: 16\u00a0bit\/seg. Deslumbrados por este chispazo, no hemos visto\u00a0la idea. Ellas no se ven. Se sienten. Y eso es la sensibilidad:\u00a0una emoci\u00f3n creativa, innovadora, que puede llegar a\u00a0transformar el significado del mundo.<\/p>\n<p>Joan Costa aborda el reto de ayudar a pensar. Y lo hace\u00a0combinando el rigor, la imaginaci\u00f3n y la experiencia, y\u00a0tambi\u00e9n -por qu\u00e9 no- la iron\u00eda y la provocaci\u00f3n.<br \/>\nLa <strong>nueva edici\u00f3n actualizada y ampliada<\/strong> de este libro\u00a0redobla la indagaci\u00f3n iniciada por Costa sobre un hecho\u00a0real pero del que no somos conscientes: pensar es\u00a0producir formas mentales. S\u00ed. Las ideas tienen forma:\u00a0invisible, intangible y ef\u00edmera.<\/p>\n<p>&nbsp;<\/p>\n<p><em>\u201cJoan Costa es un intelectual con visi\u00f3n pl\u00e1stica de la ciencia.\u00a0Pasando del dibujo y el dise\u00f1o gr\u00e1fico al an\u00e1lisis de la imagen, ha\u00a0fundamentado sobre la pr\u00e1ctica, la teor\u00eda de la\u00a0comunicolog\u00eda de la que es un experto de\u00a0primer nivel mundial.\u201d<\/em><br \/>\n<strong>Oriol Pi de Cabanyes.<\/strong> Escritor, periodista y\u00a0profesor universitario. Ex Director de Relaciones\u00a0Culturales de la Generalitat de Catalunya.<\/p>\n<p>&nbsp;<\/p>\n<p><span class=\"Apple-converted-space\">SOBRE EL AUTOR<br \/>\n<\/span><strong>Joan Costa<\/strong> es autodidacta y se define como librepensador y francotirador. Es dise\u00f1ador, soci\u00f3logo, comunic\u00f3logo y metod\u00f3logo. A finales de los \u201960 crea la primera Consultora en Imagen y Comunicaci\u00f3n e inicia sus colaboraciones con empresas y universidades de Europa y Am\u00e9rica. En los a\u00f1os \u201980 crea y dirige la primera Enciclopedia del Dise\u00f1o, con 12 vol\u00famenes, entre ellos Se\u00f1al\u00e9tica e Imagen Global que aportan conceptos, teor\u00eda y metodolog\u00eda y se afirman como disciplinas de dise\u00f1o. En 1999 publica en M\u00e9xico el Manifiesto por el Dise\u00f1o del siglo XXI, un a\u00f1o antes del c\u00e9lebre First Things First Manifesto 2000. Sus aportes pioneros en Esquem\u00e1tica, la ciencia de los esquemas (1998) y Esquematismo (2019) son las obras de referencia en esta nueva disciplina. Su actual trabajo en Cientigraf\u00eda integra la imaginer\u00eda cient\u00edfica en una categor\u00eda espec\u00edfica de la comunicaci\u00f3n visual. Costa ha dado contenido pragm\u00e1tico-cient\u00edfico y modelos de gesti\u00f3n a la disciplina de Direcci\u00f3n de Comunicaci\u00f3n, DirCom. Es autor de 50 libros sobre Imagen, Comunicaci\u00f3n, Dise\u00f1o e Innovaci\u00f3n. Doctor Honoris causa en Espa\u00f1a, Argentina y Per\u00fa. Actualmente centra su actividad en los cursos, investigaciones y publicaciones desde Joan Costa Institute.<\/p>\n","protected":false},"excerpt":{"rendered":"<p><span style=\"color: #ff0000;\"><span style=\"color: #000000;\">Autor:<\/span> Joan Costa<\/span><\/p>\n<p><b>La Forma de las Ideas.\u00a0<\/b><i>C\u00f3mo piensa la mente.\u00a0<\/i><i>Estrategias de la imaginaci\u00f3n creativa<span class=\"Apple-converted-space\">\u00a0<\/span><\/i><\/p>\n<p><b>Este libro es creatividad pura.\u00a0<\/b>Indispensable para <b>aprender a pensar<\/b>. O por lo menos, para conocer c\u00f3mo piensa la mente. Para ello ha reunido una variedad de temas, argumentos y ejemplos que provienen del arte, la ciencia, la experimentaci\u00f3n, la comunicaci\u00f3n, el dise\u00f1o, las tecnolog\u00edas. Y lo hace combinando el rigor, la imaginaci\u00f3n y -por qu\u00e9 no- la iron\u00eda y la provocaci\u00f3n.<\/p>\n<p>\u00b7 ISBN: 978-84-18049-02-6<br \/>\n\u00b7 Medidas: \u00a016 x 23 cm<br \/>\n\u00b7 P\u00e1ginas: 168<br \/>\n\u00b7 Encuadernaci\u00f3n: R\u00fastica<br \/>\n\u00b7 Impresi\u00f3n interior: B\/N con ilustraciones en B\/N<\/p>\n","protected":false},"featured_media":56079,"comment_status":"open","ping_status":"closed","template":"","meta":[],"product_cat":[9895,9898,7313],"product_tag":[9730,9642,9641],"jetpack_sharing_enabled":true,"_links":{"self":[{"href":"https:\/\/www.experimenta.es\/tienda\/wp-json\/wp\/v2\/product\/56078"}],"collection":[{"href":"https:\/\/www.experimenta.es\/tienda\/wp-json\/wp\/v2\/product"}],"about":[{"href":"https:\/\/www.experimenta.es\/tienda\/wp-json\/wp\/v2\/types\/product"}],"replies":[{"embeddable":true,"href":"https:\/\/www.experimenta.es\/tienda\/wp-json\/wp\/v2\/comments?post=56078"}],"wp:featuredmedia":[{"embeddable":true,"href":"https:\/\/www.experimenta.es\/tienda\/wp-json\/wp\/v2\/media\/56079"}],"wp:attachment":[{"href":"https:\/\/www.experimenta.es\/tienda\/wp-json\/wp\/v2\/media?parent=56078"}],"wp:term":[{"taxonomy":"product_cat","embeddable":true,"href":"https:\/\/www.experimenta.es\/tienda\/wp-json\/wp\/v2\/product_cat?post=56078"},{"taxonomy":"product_tag","embeddable":true,"href":"https:\/\/www.experimenta.es\/tienda\/wp-json\/wp\/v2\/product_tag?post=56078"}],"curies":[{"name":"wp","href":"https:\/\/api.w.org\/{rel}","templated":true}]}}