{"id":56094,"date":"2019-09-19T17:29:48","date_gmt":"2019-09-19T15:29:48","guid":{"rendered":"https:\/\/dev.experimenta.es\/tienda\/?post_type=product&#038;p=56094"},"modified":"2024-02-12T11:49:14","modified_gmt":"2024-02-12T10:49:14","slug":"senaletica-corporativa","status":"publish","type":"product","link":"https:\/\/www.experimenta.es\/tienda\/producto\/senaletica-corporativa\/","title":{"rendered":"Se\u00f1al\u00e9tica Corporativa"},"content":{"rendered":"<p>El lector recorrer\u00e1 el entramado que, desde la Antig\u00fcedad,\u00a0enlaza con la necesidad creciente de abrir v\u00edas y puntos de\u00a0encuentro y de intercambio entre las gentes. Seguir\u00e1 las\u00a0rutas de la Modernidad en las ciudades y en el transporte vial\u00a0con la se\u00f1alizaci\u00f3n urbana y el tr\u00e1fico rodado. Ver\u00e1 surgir y\u00a0crecer los comercios hasta configurar el espect\u00e1culo\u00a0multicolor de la se\u00f1alaci\u00f3n, las ense\u00f1as y las marcas: es el\u00a0triunfo del cartelismo, la arquigraf\u00eda, la electrograf\u00eda y los LED\u00a0en la construcci\u00f3n de la imagen de las grandes ciudades. Y\u00a0llegar\u00e1 hasta la Se\u00f1al\u00e9tica (el libro pionero que Joan Costa\u00a0nos dio a conocer en 1987). Se\u00f1ales, signos y sistemas de\u00a0signos que gu\u00edan los pasos de los individuos en los espacios\u00a0de acci\u00f3n: instituciones, empresas, redes de sucursales,\u00a0centros comerciales, franquicias, puntos de venta, espacios\u00a0l\u00fadicos y culturales, aeropuertos, parques tem\u00e1ticos,\u00a0complejos deportivos&#8230;<\/p>\n<p>Un libro que evidencia donde todas esas actividades de\u00a0encuentro y de intercambio se integran en una: la que\u00a0coordina la Identidad y la Imagen, la Arquitectura y el Dise\u00f1o,\u00a0la Informaci\u00f3n y la Tecnolog\u00eda: <strong>Se\u00f1al\u00e9tica Corporativa.<\/strong><\/p>\n<p><em>\u201cLos constantes aportes de Joan Costa al\u00a0info-dise\u00f1o no tienen paralelo. Sus polos de\u00a0referencia son Se\u00f1al\u00e9tica (1987) y\u00a0Esquematismo (2019)\u201d<\/em>.<br \/>\n<strong>Dr. F\u00e9lix Beltr\u00e1n.<\/strong> Profesor de Dise\u00f1o,\u00a0Universidad Aut\u00f3noma Metropolitana, M\u00e9xico.<\/p>\n<p>&nbsp;<\/p>\n<p><span class=\"Apple-converted-space\">SOBRE EL AUTOR<br \/>\n<\/span><strong>Joan Costa<\/strong> es autodidacta y se define como librepensador y francotirador. Es dise\u00f1ador, soci\u00f3logo, comunic\u00f3logo y metod\u00f3logo. A finales de los \u201960 crea la primera Consultora en Imagen y Comunicaci\u00f3n e inicia sus colaboraciones con empresas y universidades de Europa y Am\u00e9rica. En los a\u00f1os \u201980 crea y dirige la primera Enciclopedia del Dise\u00f1o, con 12 vol\u00famenes, entre ellos Se\u00f1al\u00e9tica e Imagen Global que aportan conceptos, teor\u00eda y metodolog\u00eda y se afirman como disciplinas de dise\u00f1o. En 1999 publica en M\u00e9xico el Manifiesto por el Dise\u00f1o del siglo XXI, un a\u00f1o antes del c\u00e9lebre First Things First Manifesto 2000. Sus aportes pioneros en Esquem\u00e1tica, la ciencia de los esquemas (1998) y Esquematismo (2019) son las obras de referencia en esta nueva disciplina. Su actual trabajo en Cientigraf\u00eda integra la imaginer\u00eda cient\u00edfica en una categor\u00eda espec\u00edfica de la comunicaci\u00f3n visual. Costa ha dado contenido pragm\u00e1tico-cient\u00edfico y modelos de gesti\u00f3n a la disciplina de Direcci\u00f3n de Comunicaci\u00f3n, DirCom. Es autor de 50 libros sobre Imagen, Comunicaci\u00f3n, Dise\u00f1o e Innovaci\u00f3n. Doctor Honoris causa en Espa\u00f1a, Argentina y Per\u00fa. Actualmente centra su actividad en los cursos, investigaciones y publicaciones desde Joan Costa Institute.<\/p>\n","protected":false},"excerpt":{"rendered":"<p><span style=\"color: #ff0000;\"><span style=\"color: #000000;\">Autor:<\/span> Joan Costa<\/span><br \/>\nPr\u00f3logo: <span style=\"color: #ff0000;\">Andr\u00e9 Ricard<\/span><\/p>\n<p>La <b>Se\u00f1al\u00e9tica Corporativa <\/b>es el medio de comunicaci\u00f3n m\u00e1s directo, completo, permanente y eficaz para vincular la empresa y sus p\u00fablicos. Y sin embargo, es el menos estudiado. <strong>Por eso este libro era necesario.<\/strong><\/p>\n<p>&nbsp;<\/p>\n<p>\u00b7 ISBN: 978-84-611-8136-0<br \/>\n\u00b7 Medidas: 17 x 24 cm<br \/>\n\u00b7 P\u00e1ginas: 168<br \/>\n\u00b7 Encuadernaci\u00f3n: R\u00fastica<br \/>\n\u00b7 Impresi\u00f3n interior: color con im\u00e1genes color y ByN<\/p>\n","protected":false},"featured_media":56095,"comment_status":"open","ping_status":"closed","template":"","meta":[],"product_cat":[9892,7313],"product_tag":[9730,9735,9642,9641,9734],"jetpack_sharing_enabled":true,"_links":{"self":[{"href":"https:\/\/www.experimenta.es\/tienda\/wp-json\/wp\/v2\/product\/56094"}],"collection":[{"href":"https:\/\/www.experimenta.es\/tienda\/wp-json\/wp\/v2\/product"}],"about":[{"href":"https:\/\/www.experimenta.es\/tienda\/wp-json\/wp\/v2\/types\/product"}],"replies":[{"embeddable":true,"href":"https:\/\/www.experimenta.es\/tienda\/wp-json\/wp\/v2\/comments?post=56094"}],"wp:featuredmedia":[{"embeddable":true,"href":"https:\/\/www.experimenta.es\/tienda\/wp-json\/wp\/v2\/media\/56095"}],"wp:attachment":[{"href":"https:\/\/www.experimenta.es\/tienda\/wp-json\/wp\/v2\/media?parent=56094"}],"wp:term":[{"taxonomy":"product_cat","embeddable":true,"href":"https:\/\/www.experimenta.es\/tienda\/wp-json\/wp\/v2\/product_cat?post=56094"},{"taxonomy":"product_tag","embeddable":true,"href":"https:\/\/www.experimenta.es\/tienda\/wp-json\/wp\/v2\/product_tag?post=56094"}],"curies":[{"name":"wp","href":"https:\/\/api.w.org\/{rel}","templated":true}]}}