{"id":56103,"date":"2019-09-19T17:36:19","date_gmt":"2019-09-19T15:36:19","guid":{"rendered":"https:\/\/dev.experimenta.es\/tienda\/?post_type=product&#038;p=56103"},"modified":"2025-05-23T02:08:05","modified_gmt":"2025-05-23T00:08:05","slug":"esquematismo-la-eficacia-de-la-simplicidad-teoria-informacional-del-esquema","status":"publish","type":"product","link":"https:\/\/www.experimenta.es\/tienda\/producto\/esquematismo-la-eficacia-de-la-simplicidad-teoria-informacional-del-esquema\/","title":{"rendered":"Esquematismo. La eficacia de la simplicidad. Teor\u00eda informacional del esquema"},"content":{"rendered":"<p>Esquematismo es incluso m\u00e1s que el conocimiento y la habilidad gr\u00e1fica para comunicar el pensamiento visual y la transmisi\u00f3n de informaci\u00f3n. El esquematismo es una tendencia de la simplicidad inteligente en la toma de decisiones, la soluci\u00f3n de problemas y la comunicaci\u00f3n.<\/p>\n<p>En este nuevo libro, Costa pone el acento en el impacto de la inform\u00e1tica sobre el esquematismo. Y descubre las leyes comunes de los esquemas preinform\u00e1ticos y la infograf\u00eda.<\/p>\n<p>Costa, pionero de la Esquem\u00e1tica, examina en este libro los mecanismos del cerebro \u00f3ptico humano y los procesos de la percepci\u00f3n. Atraviesa la evoluci\u00f3n del esquematismo desde la prehistoria hasta la inteligencia artificial, y nos ofrece la asignatura pendiente: la teor\u00eda informacional del esquema.<\/p>\n<p><em>\u201cJoan Costa particulariza un tipo de visualizaci\u00f3n esquem\u00e1tica,\u00a0que puede considerarse una representaci\u00f3n gr\u00e1fica o simb\u00f3lica de\u00a0las cosas materiales o inmateriales. Y presenta doce puntos sobre\u00a0la naturaleza y funcionalidad de la visualizaci\u00f3n esquem\u00e1tica .\u201d<\/em><br \/>\n<strong>John Maeda.<\/strong> Investigador y fundador del Grupo de Computaci\u00f3n y\u00a0Est\u00e9tica del Medialab del MIT, Estados Unidos.<\/p>\n<p><em>\u201cLa esquem\u00e1tica de Costa es una revoluci\u00f3n\u00a0en la comunicaci\u00f3n.\u201d<\/em><br \/>\n<strong>Alex Barnet.<\/strong> Periodista La Vanguardia, Espa\u00f1a.<\/p>\n<p>&nbsp;<\/p>\n<p>&nbsp;<\/p>\n<p><span class=\"Apple-converted-space\">SOBRE EL AUTOR<br \/>\n<\/span><strong>Joan Costa<\/strong> es autodidacta y se define como librepensador y francotirador. Es dise\u00f1ador, soci\u00f3logo, comunic\u00f3logo y metod\u00f3logo. A finales de los \u201960 crea la primera Consultora en Imagen y Comunicaci\u00f3n e inicia sus colaboraciones con empresas y universidades de Europa y Am\u00e9rica. En los a\u00f1os \u201980 crea y dirige la primera Enciclopedia del Dise\u00f1o, con 12 vol\u00famenes, entre ellos Se\u00f1al\u00e9tica e Imagen Global que aportan conceptos, teor\u00eda y metodolog\u00eda y se afirman como disciplinas de dise\u00f1o. En 1999 publica en M\u00e9xico el Manifiesto por el Dise\u00f1o del siglo XXI, un a\u00f1o antes del c\u00e9lebre First Things First Manifesto 2000. Sus aportes pioneros en Esquem\u00e1tica, la ciencia de los esquemas (1998) y Esquematismo (2019) son las obras de referencia en esta nueva disciplina. Su actual trabajo en Cientigraf\u00eda integra la imaginer\u00eda cient\u00edfica en una categor\u00eda espec\u00edfica de la comunicaci\u00f3n visual. Costa ha dado contenido pragm\u00e1tico-cient\u00edfico y modelos de gesti\u00f3n a la disciplina de Direcci\u00f3n de Comunicaci\u00f3n, DirCom. Es autor de 50 libros sobre Imagen, Comunicaci\u00f3n, Dise\u00f1o e Innovaci\u00f3n. Doctor Honoris causa en Espa\u00f1a, Argentina y Per\u00fa. Actualmente centra su actividad en los cursos, investigaciones y publicaciones desde Joan Costa Institute.<\/p>\n","protected":false},"excerpt":{"rendered":"<p><span style=\"color: #ff0000;\"><span style=\"color: #000000;\">Autor:<\/span> Joan Costa<\/span><\/p>\n<p><strong>El libro m\u00e1s esperado de Joan Costa.<\/strong><\/p>\n<p>Costa, pionero de la Esquem\u00e1tica, examina en este nuevo libro los mecanismos del cerebro \u00f3ptico humano y los procesos de la percepci\u00f3n. Atraviesa la evoluci\u00f3n del esquematismo desde la prehistoria hasta la inteligencia artificial, y nos ofrece la asignatura pendiente: la teor\u00eda informacional del esquema.<\/p>\n<p>&nbsp;<\/p>\n<p>\u00b7 ISBN: 978-84-18049-00-2<br \/>\n\u00b7 Medidas: 16 x 23 x 1,1 cm<br \/>\n\u00b7 P\u00e1ginas: 232<br \/>\n\u00b7 Impresi\u00f3n interior: Color<\/p>\n","protected":false},"featured_media":56104,"comment_status":"open","ping_status":"closed","template":"","meta":[],"product_cat":[9897,9892,7313],"product_tag":[9730,9591,9641],"jetpack_sharing_enabled":true,"_links":{"self":[{"href":"https:\/\/www.experimenta.es\/tienda\/wp-json\/wp\/v2\/product\/56103"}],"collection":[{"href":"https:\/\/www.experimenta.es\/tienda\/wp-json\/wp\/v2\/product"}],"about":[{"href":"https:\/\/www.experimenta.es\/tienda\/wp-json\/wp\/v2\/types\/product"}],"replies":[{"embeddable":true,"href":"https:\/\/www.experimenta.es\/tienda\/wp-json\/wp\/v2\/comments?post=56103"}],"wp:featuredmedia":[{"embeddable":true,"href":"https:\/\/www.experimenta.es\/tienda\/wp-json\/wp\/v2\/media\/56104"}],"wp:attachment":[{"href":"https:\/\/www.experimenta.es\/tienda\/wp-json\/wp\/v2\/media?parent=56103"}],"wp:term":[{"taxonomy":"product_cat","embeddable":true,"href":"https:\/\/www.experimenta.es\/tienda\/wp-json\/wp\/v2\/product_cat?post=56103"},{"taxonomy":"product_tag","embeddable":true,"href":"https:\/\/www.experimenta.es\/tienda\/wp-json\/wp\/v2\/product_tag?post=56103"}],"curies":[{"name":"wp","href":"https:\/\/api.w.org\/{rel}","templated":true}]}}