{"id":56160,"date":"2019-10-02T16:19:36","date_gmt":"2019-10-02T14:19:36","guid":{"rendered":"https:\/\/www.experimenta.es\/tienda\/?post_type=product&#038;p=56160"},"modified":"2024-02-12T11:49:10","modified_gmt":"2024-02-12T10:49:10","slug":"la-silla-ese-objeto-de-diseno","status":"publish","type":"product","link":"https:\/\/www.experimenta.es\/tienda\/producto\/la-silla-ese-objeto-de-diseno\/","title":{"rendered":"La Silla. Ese objeto del dise\u00f1o"},"content":{"rendered":"<p><em>\u201cEl requerimiento de una silla es m\u00ednimo. Que sirva de soporte, para sentarse y que vista el espacio donde se lo ubica. Es una estructura de m\u00ednima con un enorme valor antropol\u00f3gico. Para un dise\u00f1ador, construir una silla nueva es un ejercicio fant\u00e1stico. Volver a hacer algo que existe desde hace 7 u 8 mil a\u00f1os, y saber que no hay un final.\u201d<\/em><\/p>\n<p>La estructura metodol\u00f3gica que se presenta en esta obra es parte de la curr\u00edcula de la carrera de posgrado de especializaci\u00f3n en dise\u00f1o de mobiliario \u2013DIMO\u2013 que se dicta en la Facultad de Arquitectura, Dise\u00f1o y Urbanismo, UBA.<\/p>\n<p>&nbsp;<\/p>\n<p><span class=\"Apple-converted-space\">SOBRE EL AUTOR<br \/>\n<\/span><strong>Ricardo Blanco <\/strong>(1940-2017) se gradu\u00f3 como arquitecto en la Universidad de Buenos Aires (UBA) en 1967, pero desde los primeros a\u00f1os enfoc\u00f3 su profesi\u00f3n en el Dise\u00f1o Industrial Argentino, del que fue pionero, educador y hacedor. Dise\u00f1ador de mobiliario, electrodom\u00e9sticos, tel\u00e9fonos, trenes, edificios, cruceros; destacan en su prol\u00edfica producci\u00f3n los pupitres y asientos para el Plan de Escuelas de la Municipalidad de la Ciudad de Buenos Aires, el equipamiento para los Hospitales Fern\u00e1ndez y Argerich, y el mobilirio para la emblem\u00e1tica Biblioteca Nacional de Buenos Aires. Dise\u00f1ador, gestor cultural y profesor, Ricardo Blanco fue un hombre de su tiempo, trascendi\u00f3 con su multifac\u00e9tica obra e hizo escuela.<\/p>\n","protected":false},"excerpt":{"rendered":"<p><span style=\"color: #ff0000;\"><span style=\"color: #000000;\">Autor:<\/span> Ricardo Blanco<\/span><\/p>\n<p><em>\u201cHago sillas. Tengo claro que nadie necesita una silla m\u00e1s. Est\u00e1n todas hechas. Pero yo, necesito dise\u00f1arlas.\u201d<\/em><\/p>\n<p>Dise\u00f1ar sillas fue una verdadera pasi\u00f3n para Ricardo Blanco. Lo cierto es que su estructura sint\u00e9tica, en la que no debe sobrar ni faltar nada, sumado a su valor simb\u00f3lico social, \u201ces el trono de los monarcas y el banquillo de los acusados\u201d, la convert\u00eda en el terreno ideal sobre la cual explorar y poner en pr\u00e1ctica los l\u00edmites a los que se enfrenta el dise\u00f1ador.<\/p>\n<p><strong>LA SILLA, ese objeto de dise\u00f1o<\/strong> es la culminaci\u00f3n de un trabajo de investigaci\u00f3n que, sumado a la amplia experiencia del autor en el dise\u00f1o de mobiliario, propone una metodolog\u00eda para el proyecto de dise\u00f1o de asientos. Partiendo de lo principios morfol\u00f3gicos llega a las caracter\u00edsticas sem\u00e1nticas del mismo, haciendo un recorrido desde los modelos hist\u00f3ricos hasta las piezas de dise\u00f1o actual. El trabajo est\u00e1 ejemplificado con cientos de im\u00e1genes con las correspondientes referencias a los autores y a sus fechas de creaci\u00f3n.<\/p>\n<p>\u00b7 ISBN: 978-84-18049-06-4<br \/>\n\u00b7 Medidas: 14,5 x 20,5 x 1,7 cm<br \/>\n\u00b7 P\u00e1ginas: 288<br \/>\n\u00b7 Encuadernaci\u00f3n: R\u00fastica<br \/>\n\u00b7 Impresi\u00f3n interior: B\/N con tablas e ilustraciones<\/p>\n","protected":false},"featured_media":56161,"comment_status":"open","ping_status":"closed","template":"","meta":[],"product_cat":[9892,7313],"product_tag":[9638,9641,9708,9762,9765],"jetpack_sharing_enabled":true,"_links":{"self":[{"href":"https:\/\/www.experimenta.es\/tienda\/wp-json\/wp\/v2\/product\/56160"}],"collection":[{"href":"https:\/\/www.experimenta.es\/tienda\/wp-json\/wp\/v2\/product"}],"about":[{"href":"https:\/\/www.experimenta.es\/tienda\/wp-json\/wp\/v2\/types\/product"}],"replies":[{"embeddable":true,"href":"https:\/\/www.experimenta.es\/tienda\/wp-json\/wp\/v2\/comments?post=56160"}],"wp:featuredmedia":[{"embeddable":true,"href":"https:\/\/www.experimenta.es\/tienda\/wp-json\/wp\/v2\/media\/56161"}],"wp:attachment":[{"href":"https:\/\/www.experimenta.es\/tienda\/wp-json\/wp\/v2\/media?parent=56160"}],"wp:term":[{"taxonomy":"product_cat","embeddable":true,"href":"https:\/\/www.experimenta.es\/tienda\/wp-json\/wp\/v2\/product_cat?post=56160"},{"taxonomy":"product_tag","embeddable":true,"href":"https:\/\/www.experimenta.es\/tienda\/wp-json\/wp\/v2\/product_tag?post=56160"}],"curies":[{"name":"wp","href":"https:\/\/api.w.org\/{rel}","templated":true}]}}