{"id":56167,"date":"2019-10-02T16:32:09","date_gmt":"2019-10-02T14:32:09","guid":{"rendered":"https:\/\/www.experimenta.es\/tienda\/?post_type=product&#038;p=56167"},"modified":"2024-02-12T11:49:08","modified_gmt":"2024-02-12T10:49:08","slug":"breviario-estilos-y-tendencias-en-diseno-industrial","status":"publish","type":"product","link":"https:\/\/www.experimenta.es\/tienda\/producto\/breviario-estilos-y-tendencias-en-diseno-industrial\/","title":{"rendered":"Breviario. Estilos y tendencias en dise\u00f1o industrial"},"content":{"rendered":"<p><span class=\"Apple-converted-space\">Sabemos que la forma \u201cinforma\u201d, comunica, y describe a\u00a0trav\u00e9s de los rasgos tipol\u00f3gicos o sem\u00e1nticos y hasta \u2013en\u00a0ocasiones\u2013 delinea la imagen de una cultura o un pa\u00eds.<br \/>\nCuando el Movimiento Moderno se debilit\u00f3, en el campo\u00a0del dise\u00f1o industrial comenzaron a aparecer distintos\u00a0lenguajes de las formas; algunas queriendo convertirse en\u00a0Estilos, mientras que otras s\u00f3lo fueron tendencias\u00a0moment\u00e1neas. Algunas de \u00e9stas tendencias nacieron\u00a0como oposici\u00f3n al lenguaje <em>Bauhausiano<\/em> y <em>Ulmiano<\/em> pero\u00a0teni\u00e9ndolos como referente, otras fueron hijas de los\u00a0\u201cestilos arquitect\u00f3nicos\u201d de la \u00e9poca y algunas derivadas\u00a0de conceptos del propio campo profesional del Dise\u00f1o.<br \/>\nBreviario se ocupa de reflexionar sobre la idea de la forma\u00a0y su correspondencia con los estilos y las tendencias, a\u00a0partir de un peque\u00f1o referente de productos que ayudan a\u00a0entender y aceptar el mundo objetual actual y las\u00a0caracter\u00edsticas que han tomado los lenguajes formales del\u00a0Dise\u00f1o Industrial.<\/span><\/p>\n<p>&nbsp;<\/p>\n<p><span class=\"Apple-converted-space\">SOBRE EL AUTOR<br \/>\n<\/span><strong>Ricardo Blanco <\/strong>(1940-2017) se gradu\u00f3 como arquitecto en la Universidad de Buenos Aires (UBA) en 1967, pero desde los primeros a\u00f1os enfoc\u00f3 su profesi\u00f3n en el Dise\u00f1o Industrial Argentino, del que fue pionero, educador y hacedor. Dise\u00f1ador de mobiliario, electrodom\u00e9sticos, tel\u00e9fonos, trenes, edificios, cruceros; destacan en su prol\u00edfica producci\u00f3n los pupitres y asientos para el Plan de Escuelas de la Municipalidad de la Ciudad de Buenos Aires, el equipamiento para los Hospitales Fern\u00e1ndez y Argerich, y el mobilirio para la emblem\u00e1tica Biblioteca Nacional de Buenos Aires. Dise\u00f1ador, gestor cultural y profesor, Ricardo Blanco fue un hombre de su tiempo, trascendi\u00f3 con su multifac\u00e9tica obra e hizo escuela.<\/p>\n","protected":false},"excerpt":{"rendered":"<p><span style=\"color: #ff0000;\"><span style=\"color: #000000;\">Autor:<\/span> Ricardo Blanco<\/span><\/p>\n<p>Sabemos que la forma \u201cinforma\u201d, comunica, y describe a trav\u00e9s de los rasgos tipol\u00f3gicos o sem\u00e1nticos y hasta \u2013en ocasiones\u2013 delinea la imagen de una cultura o un pa\u00eds.<\/p>\n<p>Breviario se ocupa de reflexionar sobre la idea de la forma y su correspondencia con los estilos y las tendencias, a partir de un peque\u00f1o referente de productos que ayudan a entender y aceptar el mundo objetual actual y las caracter\u00edsticas que han tomado los lenguajes formales del Dise\u00f1o Industrial.<\/p>\n<p>&nbsp;<\/p>\n<p>\u00b7 ISBN: 978-84-18049-05-7<br \/>\n\u00b7 Medidas: 16 x 23 x 0,6 cm<br \/>\n\u00b7 P\u00e1ginas: 96<br \/>\n\u00b7 Impresi\u00f3n interior: B\/N con im\u00e1genes<\/p>\n","protected":false},"featured_media":56168,"comment_status":"open","ping_status":"closed","template":"","meta":[],"product_cat":[9892,7313],"product_tag":[9638,9641,9708,9762,9765],"jetpack_sharing_enabled":true,"_links":{"self":[{"href":"https:\/\/www.experimenta.es\/tienda\/wp-json\/wp\/v2\/product\/56167"}],"collection":[{"href":"https:\/\/www.experimenta.es\/tienda\/wp-json\/wp\/v2\/product"}],"about":[{"href":"https:\/\/www.experimenta.es\/tienda\/wp-json\/wp\/v2\/types\/product"}],"replies":[{"embeddable":true,"href":"https:\/\/www.experimenta.es\/tienda\/wp-json\/wp\/v2\/comments?post=56167"}],"wp:featuredmedia":[{"embeddable":true,"href":"https:\/\/www.experimenta.es\/tienda\/wp-json\/wp\/v2\/media\/56168"}],"wp:attachment":[{"href":"https:\/\/www.experimenta.es\/tienda\/wp-json\/wp\/v2\/media?parent=56167"}],"wp:term":[{"taxonomy":"product_cat","embeddable":true,"href":"https:\/\/www.experimenta.es\/tienda\/wp-json\/wp\/v2\/product_cat?post=56167"},{"taxonomy":"product_tag","embeddable":true,"href":"https:\/\/www.experimenta.es\/tienda\/wp-json\/wp\/v2\/product_tag?post=56167"}],"curies":[{"name":"wp","href":"https:\/\/api.w.org\/{rel}","templated":true}]}}