{"id":56183,"date":"2019-10-02T18:25:14","date_gmt":"2019-10-02T16:25:14","guid":{"rendered":"https:\/\/www.experimenta.es\/tienda\/?post_type=product&#038;p=56183"},"modified":"2023-10-02T12:38:15","modified_gmt":"2023-10-02T10:38:15","slug":"revista-experimenta-83","status":"publish","type":"product","link":"https:\/\/www.experimenta.es\/tienda\/producto\/revista-experimenta-83\/","title":{"rendered":"Revista Experimenta 83"},"content":{"rendered":"<h3>Dise\u00f1o de organizaciones. Dise\u00f1ando comunidades, instituciones y empresas<\/h3>\n<p>Esta edici\u00f3n suma adem\u00e1s, como es habitual, entrevistas a destacados referentes del dise\u00f1o: <strong>Jon Gasca<\/strong> comparte la visi\u00f3n de <strong>STUA<\/strong>, una emblem\u00e1tica marca del dise\u00f1o espa\u00f1ol; <strong>Quim Marin<\/strong> nos dice que \u201cla intuici\u00f3n, el procesos y el error son partes importantes de la creaci\u00f3n\u201d mientras pone en pr\u00e1ctica con eficacia formal y comunicacional sus ideas; y la ilustradora \/ dise\u00f1adora <strong>Aranxa Recio Parra<\/strong> \u2013la mujer detr\u00e1s de <strong>Harsa<\/strong>&#8211; nos da algunas pistas sobre c\u00f3mo lleva adelante su proceso creativo.<br \/>\nCelebramos con <strong>Valencia<\/strong> su Capitalidad como <strong>Ciudad del Dise\u00f1o 2020<\/strong> y homenajeamos, gracias a <strong>Quim Larrea<\/strong>, al maestro <strong>Ximo Roca<\/strong> en un recorrido fascinante sobre su obra.<br \/>\nDesde Brasil <strong>Felipe Taborda<\/strong> nos sumerge en el mundo de la tipograf\u00eda popular de la mano de <strong>Fernanda Martins<\/strong> y su trabajo \u201cLetras Flotantes\u201d, un proyecto destinado a recuperar el trabajo de los letristas de embarcaciones que surcan el r\u00edo Amazonas. Y desde Uruguay, la <strong>C\u00e1mara de Dise\u00f1o<\/strong> comparte con nosotros su d\u00e9cimo aniversario de vida integrando a todas las organizaciones del dise\u00f1o uruguayo.<br \/>\nLa arquitectura tambi\u00e9n est\u00e1 presente en esta edici\u00f3n con proyectos de alto impacto: Centro K\u00e0lida Sant Paul, de <strong>Benedetta Tagliabue \u2013 Miralles Tagliabue EMBT Arquitectos<\/strong>; Vit\u00e1polis, de <strong>Romero &amp; Vallejos<\/strong>; y el Hal Janoub Stadium, de <strong>Zaha Hadid<\/strong>.<br \/>\nEn dise\u00f1o gr\u00e1fico, rendimos homenaje a <strong>Muriel Cooper<\/strong> y <strong>Jaqueline Casey<\/strong>, dos mujeres que desafiaron las normas de su tiempo y lideraron desde la Oficina de Dise\u00f1o del emblem\u00e1tico MIT una revoluci\u00f3n en la comunicaci\u00f3n gr\u00e1fica de esta organizaci\u00f3n, dejando un potente legado para las futuras generaciones de dise\u00f1adores.<br \/>\nY por supuesto est\u00e1n presentes nuestras habituales secciones ZUM (dedicada en esta oportunidad al dise\u00f1o de espacios p\u00fablicos), 5 libros y Deseo.<br \/>\nLlega <strong>Experimenta 83, \u00abDise\u00f1o de organizaciones. Dise\u00f1ando comunidades, instituciones y empresas\u201d<\/strong>.<br \/>\nUn excelente territorio para preparar la invernada y\u00a0reestructurar nuestra organizaci\u00f3n, en una sociedad en la que el dise\u00f1o es cada vez m\u00e1s relevante.<\/p>\n<p>\u00a1Bienvenidos a Experimenta 83!<\/p>\n","protected":false},"excerpt":{"rendered":"<p><strong>Dise\u00f1ar y organizar la colmena.<\/strong><\/p>\n<p>Dedicamos el tema central de nuestra edici\u00f3n 83 al <strong>\u201cDise\u00f1o de organizaciones. Dise\u00f1ando comunidades, instituciones y empresas\u201d<\/strong>, para reflexionar acerca de los cambios que se est\u00e1n produciendo en las organizaciones y en c\u00f3mo el dise\u00f1o se convierte en una herramienta indispensable para un nuevo modelo de gesti\u00f3n.<br \/>\n<strong>Eugenio Vega<\/strong> y <strong>John Jordan<\/strong> aportan las claves para entender la influencia del dise\u00f1o en los nuevos escenarios, al mismo tiempo que proporcionan definiciones fundamentales sobre qu\u00e9 significa \u201cdise\u00f1o organizacional\u201d y ponen en debate las definiciones tradicionales (\u00bfqu\u00e9 es una f\u00e1brica, qu\u00e9 es una empresa, o un ciclo de vida del producto?) estableciendo que ya no pueden darse por supuestos los viejos valores.<\/p>\n<p>&nbsp;<\/p>\n<div class=\"page\" title=\"Page 4\">\n<div class=\"layoutArea\">\n<div class=\"column\">\n<p>\u00b7 Edici\u00f3n: Oto\u00f1o 2019<br \/>\n\u00b7 ISBN: 978-84-18049-04-0<br \/>\n\u00b7 Medidas: 23 x 26,5 x 1,5 cm<br \/>\n\u00b7 P\u00e1ginas: 136<\/p>\n<\/div>\n<\/div>\n<\/div>\n","protected":false},"featured_media":56184,"comment_status":"open","ping_status":"closed","template":"","meta":[],"product_cat":[7311],"product_tag":[9713,9638,9591,9707,9708,9714,9762],"jetpack_sharing_enabled":true,"_links":{"self":[{"href":"https:\/\/www.experimenta.es\/tienda\/wp-json\/wp\/v2\/product\/56183"}],"collection":[{"href":"https:\/\/www.experimenta.es\/tienda\/wp-json\/wp\/v2\/product"}],"about":[{"href":"https:\/\/www.experimenta.es\/tienda\/wp-json\/wp\/v2\/types\/product"}],"replies":[{"embeddable":true,"href":"https:\/\/www.experimenta.es\/tienda\/wp-json\/wp\/v2\/comments?post=56183"}],"wp:featuredmedia":[{"embeddable":true,"href":"https:\/\/www.experimenta.es\/tienda\/wp-json\/wp\/v2\/media\/56184"}],"wp:attachment":[{"href":"https:\/\/www.experimenta.es\/tienda\/wp-json\/wp\/v2\/media?parent=56183"}],"wp:term":[{"taxonomy":"product_cat","embeddable":true,"href":"https:\/\/www.experimenta.es\/tienda\/wp-json\/wp\/v2\/product_cat?post=56183"},{"taxonomy":"product_tag","embeddable":true,"href":"https:\/\/www.experimenta.es\/tienda\/wp-json\/wp\/v2\/product_tag?post=56183"}],"curies":[{"name":"wp","href":"https:\/\/api.w.org\/{rel}","templated":true}]}}