{"id":56411,"date":"2019-11-04T17:26:58","date_gmt":"2019-11-04T16:26:58","guid":{"rendered":"https:\/\/www.experimenta.es\/tienda\/?post_type=product&#038;p=56411"},"modified":"2024-02-12T11:49:03","modified_gmt":"2024-02-12T10:49:03","slug":"tonico-chaves-contra-la-modorra-norberto-chaves-en-comprimidos","status":"publish","type":"product","link":"https:\/\/www.experimenta.es\/tienda\/producto\/tonico-chaves-contra-la-modorra-norberto-chaves-en-comprimidos\/","title":{"rendered":"T\u00f3nico Chaves. Contra la modorra Norberto Chaves en comprimidos"},"content":{"rendered":"<p><strong>T\u00f3nico Chaves<\/strong> es un estimulante natural compuesto por\u00a0reflexiones comprimidas por el autor en formato aforismo.<br \/>\nCada dosis hace efecto a corto y largo plazo en la\u00a0inteligencia, ejercit\u00e1ndola y revitaliz\u00e1ndola.<\/p>\n<p><strong>Felipe Ib\u00e1\u00f1ez,<\/strong> editor de esta obra, dice de <em>T\u00f3nico CHAVES<\/em><span class=\"apple-converted-space\">\u00a0<em>\u00ab<\/em><\/span><em>es un poderoso compendio de 435 reflexiones \u00abcomprimidas\u00bb. Una invitaci\u00f3n a reflexionar sobre 22 temas que nos interesan, por cubrir un amplio espectro en los aspectos que la cultura nos ofrece para observar. Para crecer. Para inspirarnos. Para evolucionar. Divertido como diverso. Un libro que dialoga con todo lo le\u00eddo, con lo visto y o\u00eddo. M\u00e1s que un libro, al ser un glosario de invitaciones a pensar, es una obra tonificante. Un t\u00f3nico.<\/em><br \/>\n<em>El t\u00f3nico es el concepto de la edici\u00f3n. Forma y funci\u00f3n se potencian rec\u00edprocamente en esta obra editorial completa. El t\u00f3nico m\u00e1gico que elegir\u00eda llevarme a una isla desierta y el ant\u00eddoto que necesito para quedarme en la cultura, a\u00fan cuando esta pareciera una reiterada desmotivaci\u00f3n\u00bb.<\/em><\/p>\n<p>Su amplio espectro es advertido tambi\u00e9n por sus prologuistas:<br \/>\n<em>\u201cChaves llama a las cosas por su nombre, y por tanto es\u00a0refractario: ofrece transparencias, y es reaccionario;\u00a0desliza la chanza, y entonces es revulsivo&#8230; Los aforismos\u00a0de Chaves podr\u00edan pasar por inscripciones en un muro\u00a0romano, o casa de lenocinio, ac\u00e1pite de un trabajo de\u00a0Montaigne, o Chateaubriand\u201d<\/em>. <strong>A. Garc\u00eda Schnetzer<\/strong><\/p>\n<p><em>\u201cLas obras publicadas de Norberto Chaves dan cuenta de\u00a0su marcada afici\u00f3n por la iron\u00eda y el sarcasmo, dos\u00a0ingredientes ling\u00fc\u00edsticos que dan sabor a la elaboraci\u00f3n\u00a0del idioma. No resulta extra\u00f1o, por tanto, que su trabajo lo\u00a0haya conducido, como satisfacci\u00f3n acabada de estas\u00a0inclinaciones, a la forma afor\u00edstica que abre espacio al\u00a0buen humor y a la profundidad del pensar\u201d.<\/em> <strong>N. Schnaith<\/strong><\/p>\n<p><em>Y la motivaci\u00f3n de esta obra, puesta de manifiesto en las\u00a0palabras del propio autor:<\/em><br \/>\n<em>\u201c\u00bfPor qu\u00e9 escribo aforismos? Por pura ansiedad. No\u00a0soporto las novelas ni los tratados. De las f\u00e1bulas s\u00f3lo me\u00a0interesa la moraleja. De muchos libros, sus t\u00edtulos me\u00a0tientan; pero, por lo general, sus lomos me desaniman. Mi\u00a0pasi\u00f3n es hallar el meollo de la cuesti\u00f3n; pues, siguiendo,\u00a0como Nelly Schnaith, a Graci\u00e1n: \u00abm\u00e1s consiguen\u00a0quintaesencias que f\u00e1rragos\u00bb Y el meollo est\u00e1, a veces, en\u00a0una sola palabra&#8230; o dos: \u00abBasta mirarlos\u00bb. Dar con esa\u00a0frase que desnuda un mundo, que pone en evidencia un\u00a0mecanismo oculto de lo real\u201d.<\/em> <strong>Norberto Chaves<\/strong><\/p>\n<p>&nbsp;<\/p>\n<p><span class=\"Apple-converted-space\">SOBRE EL AUTOR<br \/>\n<\/span><strong>Norberto Chaves<\/strong> (Avellaneda, Buenos Aires, 1942)\u00a0se form\u00f3 en la UBA (Filosof\u00eda y Arquitectura) y es un\u00a0fiel representante de la generaci\u00f3n del 68.\u00a0En 1976 emigr\u00f3 huyendo de la dictadura a Barcelona,\u00a0donde vive desde entonces. Desarrolla una intensa\u00a0actividad docente en imagen y comunicaci\u00f3n y ha\u00a0publicado varios libros relacionados con su tem\u00e1tica<br \/>\nprofesional.<br \/>\nParalelamente persevera en la reflexi\u00f3n cultural, la\u00a0cr\u00edtica social y la evasi\u00f3n po\u00e9tica. Ha publicado La\u00a0homosexualidad imaginada (Maia Ediciones, Madrid,\u00a02009), El sexo entre hombres, m\u00e1s all\u00e1 del tab\u00fa y de\u00a0la cultura gay (Punto de Vista Editores, Madrid, 2016),\u00a0De hombre a hombre, apuntes sobre la\u00a0homosexualidad para cerrar el caso (Wolkowicz\u00a0Editores, Buenos Aires, 2017) y Ser posmoderno,\u00a0dilemas culturales del capitalismo financiero (Punto\u00a0de Vista Editores, Madrid, 2017).<br \/>\nAficionado a los aforismos, ha publicado tres libros:\u00a0Desafueros, literatura de emergencia para una \u00e9poca\u00a0sin tiempo (Gustavo Gili, Barcelona, 2008), su\u00a0segunda edici\u00f3n en Punto de Vista Editores (Madrid,\u00a02016) y \u00e9ste mismo, <strong>T\u00f3nico Chaves, contra la\u00a0modorra<\/strong>. Tambi\u00e9n es autor de un libro de poes\u00eda,\u00a0Instantes (Ed Pigmali\u00f3n, Madrid, 2014).<\/p>\n","protected":false},"excerpt":{"rendered":"<p><span style=\"color: #ff0000;\"><span style=\"color: #000000;\">Autor:<\/span> Norberto Chaves<\/span><\/p>\n<p><strong>T\u00f3nico Chaves<\/strong> es un estimulante natural compuesto por\u00a0reflexiones comprimidas por el autor en <strong>formato aforismo<\/strong>.\u00a0Cada dosis hace efecto a corto y largo plazo en la\u00a0inteligencia, ejercit\u00e1ndola y revitaliz\u00e1ndola.<\/p>\n<p>\u00b7 ISBN: 978-84-18049-08-8<br \/>\n\u00b7 Medidas: 15 x 21 cm<br \/>\n\u00b7 P\u00e1ginas: 272<br \/>\n\u00b7 Impresi\u00f3n interior: B\/N<br \/>\n\u00b7 Coedici\u00f3n Experimenta Libros \/ Wolkowicz Editores<\/p>\n","protected":false},"featured_media":56413,"comment_status":"open","ping_status":"closed","template":"","meta":[],"product_cat":[9895,9898,7313],"product_tag":[9764,9641],"jetpack_sharing_enabled":true,"_links":{"self":[{"href":"https:\/\/www.experimenta.es\/tienda\/wp-json\/wp\/v2\/product\/56411"}],"collection":[{"href":"https:\/\/www.experimenta.es\/tienda\/wp-json\/wp\/v2\/product"}],"about":[{"href":"https:\/\/www.experimenta.es\/tienda\/wp-json\/wp\/v2\/types\/product"}],"replies":[{"embeddable":true,"href":"https:\/\/www.experimenta.es\/tienda\/wp-json\/wp\/v2\/comments?post=56411"}],"wp:featuredmedia":[{"embeddable":true,"href":"https:\/\/www.experimenta.es\/tienda\/wp-json\/wp\/v2\/media\/56413"}],"wp:attachment":[{"href":"https:\/\/www.experimenta.es\/tienda\/wp-json\/wp\/v2\/media?parent=56411"}],"wp:term":[{"taxonomy":"product_cat","embeddable":true,"href":"https:\/\/www.experimenta.es\/tienda\/wp-json\/wp\/v2\/product_cat?post=56411"},{"taxonomy":"product_tag","embeddable":true,"href":"https:\/\/www.experimenta.es\/tienda\/wp-json\/wp\/v2\/product_tag?post=56411"}],"curies":[{"name":"wp","href":"https:\/\/api.w.org\/{rel}","templated":true}]}}