{"id":56445,"date":"2019-11-14T18:40:03","date_gmt":"2019-11-14T17:40:03","guid":{"rendered":"https:\/\/www.experimenta.es\/tienda\/?post_type=product&#038;p=56445"},"modified":"2024-02-12T11:48:59","modified_gmt":"2024-02-12T10:48:59","slug":"tendencias-mercadologicas-esenciales-espiando-el-futuro-de-los-negocios","status":"publish","type":"product","link":"https:\/\/www.experimenta.es\/tienda\/producto\/tendencias-mercadologicas-esenciales-espiando-el-futuro-de-los-negocios\/","title":{"rendered":"Tendencias Mercadol\u00f3gicas Esenciales: espiando el futuro de los negocios"},"content":{"rendered":"<p>Antes de dise\u00f1ar y lanzar al mercado nuevos productos y servicios, es relevante -para tener perspectivas de \u00e9xito- la detecci\u00f3n temprana de las tendencias mercadol\u00f3gicas existentes.<\/p>\n<p><strong>Tendencias mercadol\u00f3gicas esenciales: Espiando el futuro de los negocios<\/strong> presenta una metodolog\u00eda para detectar e interpretar tendencias, proponiendo una gu\u00eda para adquirir nuevas habilidades y pericias que permitan detectar \u201cla aguja en el pajar\u201d y para visualizar que \u201cno todo lo que brilla es oro\u201d.<\/p>\n<p>SOBRE EL AUTOR<\/p>\n<p><strong>Jos\u00e9 Antonio Par\u00eds<\/strong>. Doctor en Administraci\u00f3n (UNAM). Mag\u00edster en Marketing Internacional (Convenio Universidad Reutlingen-Alemania con la Universidad Nacional de La Plata). Profesor titular universitario desde 1996, tambi\u00e9n act\u00faa en varios postgrados, maestr\u00edas y doctorados de Latinoam\u00e9rica y Espa\u00f1a. Relacionado con 27 universidades argentinas, latinoamericanas y espa\u00f1olas. Es investigador cient\u00edfico en el \u00e1rea de administraci\u00f3n y marketing. Categorizado como investigador CONEAU con ocho proyectos realizados en el campo del marketing y la administraci\u00f3n. Autor de 17 libros de marketing, entre cuyos t\u00edtulos se destacan: Marketing Esencial un enfoque latinoamericano, La Segunda Miop\u00eda del Marketing, Las Marcas y sus Significados, Segmentaci\u00f3n Significativa, Posicionamiento Significativo, Investigaci\u00f3n Mercadol\u00f3gica Esencial, Marketing Estrat\u00e9gico desde el Paradigma Esencial, El Consumidor Latinoamericano, Dise\u00f1o Esencial, Comunicaci\u00f3n Esencial, entre otros. Es el fundador del Congreso de Marketing Latinoamericano que se lleva a cabo en todo Latinoam\u00e9rica desde el 2010. Fundador y actual presidente del Movimiento Intelectual de Marketing Latinoamericano.<\/p>\n","protected":false},"excerpt":{"rendered":"<p><span style=\"color: #ff0000;\"><span style=\"color: #000000;\">Autor:<\/span> Jos\u00e9 Antonio Par\u00eds<\/span><\/p>\n<p>Esta obra ofrece una metodolog\u00eda para evaluar escenarios futuros, adem\u00e1s de acceder a las fuerzas, debilidades, oportunidades y amenazas de todo proyecto. Finalmente ofrece un \u201cmapa de valoraci\u00f3n de consumo\u201d y el <strong>an\u00e1lisis de diez tendencias que cambiar\u00e1n el futuro de los negocios<\/strong> y que impactar\u00e1n en la d\u00e9cada que comenzar\u00e1 en 2020.<\/p>\n<p>Detectar e interpretar las tendencias, equivale a adelantarse al futuro para tomar mejores decisiones estrat\u00e9gicas para el provenir de cada negocio.<\/p>\n<p>&nbsp;<\/p>\n<p>\u00b7 ISBN: 978-84-18049-15-6<br \/>\n\u00b7 Medidas: 15 x 21 cm<br \/>\n\u00b7 P\u00e1ginas: 276<br \/>\n\u00b7 Impresi\u00f3n interior: B\/N<br \/>\n\u00b7 Coedici\u00f3n Experimenta Libros \/ Dise\u00f1o Editorial<\/p>\n","protected":false},"featured_media":56446,"comment_status":"open","ping_status":"closed","template":"","meta":[],"product_cat":[9895,9896,7313],"product_tag":[9766,9641,9770,9771],"jetpack_sharing_enabled":true,"_links":{"self":[{"href":"https:\/\/www.experimenta.es\/tienda\/wp-json\/wp\/v2\/product\/56445"}],"collection":[{"href":"https:\/\/www.experimenta.es\/tienda\/wp-json\/wp\/v2\/product"}],"about":[{"href":"https:\/\/www.experimenta.es\/tienda\/wp-json\/wp\/v2\/types\/product"}],"replies":[{"embeddable":true,"href":"https:\/\/www.experimenta.es\/tienda\/wp-json\/wp\/v2\/comments?post=56445"}],"wp:featuredmedia":[{"embeddable":true,"href":"https:\/\/www.experimenta.es\/tienda\/wp-json\/wp\/v2\/media\/56446"}],"wp:attachment":[{"href":"https:\/\/www.experimenta.es\/tienda\/wp-json\/wp\/v2\/media?parent=56445"}],"wp:term":[{"taxonomy":"product_cat","embeddable":true,"href":"https:\/\/www.experimenta.es\/tienda\/wp-json\/wp\/v2\/product_cat?post=56445"},{"taxonomy":"product_tag","embeddable":true,"href":"https:\/\/www.experimenta.es\/tienda\/wp-json\/wp\/v2\/product_tag?post=56445"}],"curies":[{"name":"wp","href":"https:\/\/api.w.org\/{rel}","templated":true}]}}