{"id":56447,"date":"2019-11-14T19:12:11","date_gmt":"2019-11-14T18:12:11","guid":{"rendered":"https:\/\/www.experimenta.es\/tienda\/?post_type=product&#038;p=56447"},"modified":"2025-06-10T18:35:26","modified_gmt":"2025-06-10T16:35:26","slug":"brandstory-historias-que-dejan-marca","status":"publish","type":"product","link":"https:\/\/www.experimenta.es\/tienda\/producto\/brandstory-historias-que-dejan-marca\/","title":{"rendered":"Brandstory. Historias que dejan marca."},"content":{"rendered":"<p>Vivimos en un mundo fr\u00edo y desconfiado, de c\u00edrculos sociales cada vez m\u00e1s cerrados. Un mundo en el que el poder de concentraci\u00f3n de una persona es de tan s\u00f3lo segundos y en el que millones de mensajes nos bombardean a cada instante.<\/p>\n<p>Muchas marcas lo han entendido y a partir de \u00e9sto est\u00e1n buscando nuevas estrategias de marketing para acercarse a sus audiencias.<\/p>\n<p>En <strong>Brandstory, historias que dejan marca<\/strong> Claudio Seguel utiliza el storytelling para generar un cambio y un mejor acercamiento entre marcas y personas, destacando la importancia de esta herramienta en el nuevo marketing y en el mundo de los negocios.<\/p>\n<p>Un libro que nos guiar\u00e1 en la b\u00fasqueda de aquellas historias que permitan captar la atenci\u00f3n y, al mismo tiempo, construir una relaci\u00f3n de largo plazo con los consumidores.<\/p>\n<p>&nbsp;<\/p>\n<p>SOBRE EL AUTOR<\/p>\n<p><strong>Claudio Seguel<\/strong> es publicista, CEO y strategic storyteller de la consultora Brand Story. Magister en comunicaci\u00f3n estrat\u00e9gica en la Pontificia Universidad Cat\u00f3lica de Chile, lleva m\u00e1s de 15 a\u00f1os en el mundo de la publicidad, trabajando en agencias como Prolam Young and Rubicam, Leo Burnett, entre otras. Despu\u00e9s decidi\u00f3 montar su propia consultora Brandstory, para asesorar a empresas en la construcci\u00f3n de marca. Actualmente ejerce como acad\u00e9mico de la Pontificia Universidad Cat\u00f3lica de Chile para el curso de Relatos Publicitarios.<\/p>\n","protected":false},"excerpt":{"rendered":"<p><span style=\"color: #ff0000;\"><span style=\"color: #000000;\">Autor:<\/span> Claudio Seguel<\/span><\/p>\n<p>En <strong>Brandstory, historias que dejan marca<\/strong> Claudio Seguel utiliza el storytelling para generar un cambio y un mejor acercamiento entre marcas y personas, destacando la importancia de esta herramienta en el nuevo marketing y en el mundo de los negocios.<\/p>\n<p>Un libro que nos guiar\u00e1 en la b\u00fasqueda de aquellas historias que permitan captar la atenci\u00f3n y, al mismo tiempo, construir una relaci\u00f3n de largo plazo con los consumidores.<\/p>\n<p>\u00b7 ISBN: 978-84-18049-03-3<br \/>\n\u00b7 Medidas: 13 x 20 cm<br \/>\n\u00b7 P\u00e1ginas: 164<br \/>\n\u00b7 Impresi\u00f3n interior: B\/N<\/p>\n","protected":false},"featured_media":56448,"comment_status":"open","ping_status":"closed","template":"","meta":[],"product_cat":[9895,9896,7313],"product_tag":[9732,9730,9766,9641,9770,9733,9771,9761],"jetpack_sharing_enabled":true,"_links":{"self":[{"href":"https:\/\/www.experimenta.es\/tienda\/wp-json\/wp\/v2\/product\/56447"}],"collection":[{"href":"https:\/\/www.experimenta.es\/tienda\/wp-json\/wp\/v2\/product"}],"about":[{"href":"https:\/\/www.experimenta.es\/tienda\/wp-json\/wp\/v2\/types\/product"}],"replies":[{"embeddable":true,"href":"https:\/\/www.experimenta.es\/tienda\/wp-json\/wp\/v2\/comments?post=56447"}],"wp:featuredmedia":[{"embeddable":true,"href":"https:\/\/www.experimenta.es\/tienda\/wp-json\/wp\/v2\/media\/56448"}],"wp:attachment":[{"href":"https:\/\/www.experimenta.es\/tienda\/wp-json\/wp\/v2\/media?parent=56447"}],"wp:term":[{"taxonomy":"product_cat","embeddable":true,"href":"https:\/\/www.experimenta.es\/tienda\/wp-json\/wp\/v2\/product_cat?post=56447"},{"taxonomy":"product_tag","embeddable":true,"href":"https:\/\/www.experimenta.es\/tienda\/wp-json\/wp\/v2\/product_tag?post=56447"}],"curies":[{"name":"wp","href":"https:\/\/api.w.org\/{rel}","templated":true}]}}