{"id":56449,"date":"2019-11-14T19:31:49","date_gmt":"2019-11-14T18:31:49","guid":{"rendered":"https:\/\/www.experimenta.es\/tienda\/?post_type=product&#038;p=56449"},"modified":"2024-02-12T11:48:54","modified_gmt":"2024-02-12T10:48:54","slug":"libro-reflexiones-paratextuales-sobre-cultura-comunicacion-y-diseno","status":"publish","type":"product","link":"https:\/\/www.experimenta.es\/tienda\/producto\/libro-reflexiones-paratextuales-sobre-cultura-comunicacion-y-diseno\/","title":{"rendered":"Libro. Reflexiones paratextuales sobre cultura, comunicaci\u00f3n y dise\u00f1o"},"content":{"rendered":"<p><em>\u201cA lo largo de estas p\u00e1ginas, el autor, armado con una mirada creativamente cr\u00edtica y con un afilado a la vez que contundente verbo, se sale fuera del \u00e1mbito estricto del dise\u00f1o en bastantes de sus reflexiones para indagar en temas y \u00e1mbitos que, aparentemente, nada tienen que ver con \u00e9ste. Y su mirada cr\u00edtica siempre encuentra falsas apariencias contra las que disparar sus afi ladas palabras, contra aspectos de la realidad o asuntos relativos al bien com\u00fan, que merecen, efectivamente, que se dispare contra ellos. Este libro es, as\u00ed, una suerte de obra total, contenedor y contenido son obra de la misma mente. El decir y la forma del decir adquieren en cada discurso una singular y potente unidad. Me alegro que semejante libro se publique y ojal\u00e1 que esta voz singular de Felipe Ib\u00e1\u00f1ez despierte e incite a otros dise\u00f1adores de su misma generaci\u00f3n a emprender este mismo camino del aprendizaje mediante la escritura\u201d.<\/em><br \/>\n<strong>Yves Zimmermann<\/strong><\/p>\n<p>En la \u00e9poca del aburrimiento postmedi\u00e1tico, en el juego del supercontrol cultural, en el mundo del capital, en la actualidad, los comunicadores abandonan el h\u00e1bito de pensar, reflexionar, de poner en crisis el enga\u00f1o<\/p>\n<p><strong>Libro<\/strong>, adem\u00e1s de ser una baraja de meditaciones muy propias de un comunicador visual es un nutritivo refresco bibliogr\u00e1fico para mentes que a\u00fan est\u00e1n interesadas en la cultura visual, el dise\u00f1o gr\u00e1fico, la realidad, la voluntad individual, el pensar y la acci\u00f3n comunitaria.<\/p>\n<p>En sus p\u00e1ginas, se desarrollan y se enuncian ideas con palabras e im\u00e1genes. <strong>Ideas que pueden incentivar a los nuevos y futuros dise\u00f1adores a pensar el dise\u00f1o. Ideas que pueden ayudar a los dise\u00f1adores consagrados a no sentirse tan c\u00f3modos en las peque\u00f1as certezas.<\/strong><\/p>\n<p>&nbsp;<\/p>\n<p><span class=\"Apple-converted-space\">SOBRE EL AUTOR<br \/>\n<\/span><strong>Felipe Augusto Ib\u00e1\u00f1ez Frocham<\/strong> es dise\u00f1ador gr\u00e1fico, editor, dramaturgo, director y productor de teatro, circo y medios audiovisuales. Ha hecho programas de radio en Argentina y Espa\u00f1a. Es egresado y ex docente de la Universidad de Buenos Aires. Naci\u00f3 en Gonnet, Argentina.<\/p>\n","protected":false},"excerpt":{"rendered":"<p><span style=\"color: #ff0000;\"><span style=\"color: #000000;\">Autor:<\/span> Felipe Ib\u00e1\u00f1ez<br \/>\n<span style=\"color: #000000;\">Pr\u00f3logo:<\/span> Yves Zimmerman<br \/>\n<\/span><\/p>\n<p><strong>Libro<\/strong>, adem\u00e1s de ser una baraja de meditaciones muy propias de un comunicador visual es un nutritivo refresco bibliogr\u00e1fico para mentes que a\u00fan est\u00e1n interesadas en la cultura visual, el dise\u00f1o gr\u00e1fico, la realidad, la voluntad individual, el pensar y la acci\u00f3n comunitaria.<\/p>\n<p>En sus p\u00e1ginas, se desarrollan y se enuncian ideas con palabras e im\u00e1genes. <strong>Ideas que pueden incentivar a los nuevos y futuros dise\u00f1adores a pensar el dise\u00f1o. Ideas que pueden ayudar a los dise\u00f1adores consagrados a no sentirse tan c\u00f3modos en las peque\u00f1as certezas.<\/strong><\/p>\n<p>&nbsp;<\/p>\n<p>\u00b7 ISBN: 978-84-18049-10-1<br \/>\n\u00b7 Medidas: 15 x 21 cm<br \/>\n\u00b7 P\u00e1ginas: 136<br \/>\n\u00b7 Impresi\u00f3n interior: B\/N<br \/>\n\u00b7 Coedici\u00f3n Experimenta Libros \/ Wolkowicz Editores<\/p>\n","protected":false},"featured_media":56450,"comment_status":"open","ping_status":"closed","template":"","meta":[],"product_cat":[9895,9892,9898,7313],"product_tag":[9730,9764,9591,9641,9707,9763,9765],"jetpack_sharing_enabled":true,"_links":{"self":[{"href":"https:\/\/www.experimenta.es\/tienda\/wp-json\/wp\/v2\/product\/56449"}],"collection":[{"href":"https:\/\/www.experimenta.es\/tienda\/wp-json\/wp\/v2\/product"}],"about":[{"href":"https:\/\/www.experimenta.es\/tienda\/wp-json\/wp\/v2\/types\/product"}],"replies":[{"embeddable":true,"href":"https:\/\/www.experimenta.es\/tienda\/wp-json\/wp\/v2\/comments?post=56449"}],"wp:featuredmedia":[{"embeddable":true,"href":"https:\/\/www.experimenta.es\/tienda\/wp-json\/wp\/v2\/media\/56450"}],"wp:attachment":[{"href":"https:\/\/www.experimenta.es\/tienda\/wp-json\/wp\/v2\/media?parent=56449"}],"wp:term":[{"taxonomy":"product_cat","embeddable":true,"href":"https:\/\/www.experimenta.es\/tienda\/wp-json\/wp\/v2\/product_cat?post=56449"},{"taxonomy":"product_tag","embeddable":true,"href":"https:\/\/www.experimenta.es\/tienda\/wp-json\/wp\/v2\/product_tag?post=56449"}],"curies":[{"name":"wp","href":"https:\/\/api.w.org\/{rel}","templated":true}]}}