{"id":56514,"date":"2019-11-27T12:17:34","date_gmt":"2019-11-27T11:17:34","guid":{"rendered":"https:\/\/www.experimenta.es\/tienda\/?post_type=product&#038;p=56514"},"modified":"2024-02-12T11:48:48","modified_gmt":"2024-02-12T10:48:48","slug":"amar-las-preguntas-acerca-de-la-universidad-y-la-educacion","status":"publish","type":"product","link":"https:\/\/www.experimenta.es\/tienda\/producto\/amar-las-preguntas-acerca-de-la-universidad-y-la-educacion\/","title":{"rendered":"Amar las preguntas. Acerca de la universidad y la educaci\u00f3n"},"content":{"rendered":"<p>En este contexto, el libro del profesor <strong>Ian Angus<\/strong> se\u00a0transforma en una reflexi\u00f3n estimulante, que nos invita, o\u00a0mejor a\u00fan, nos desaf\u00eda a detener el insano apuro en busca\u00a0de promedios que supuestamente demuestren\u00a0(ilusoriamente) la relevancia de nuestro trabajo y de la\u00a0instituci\u00f3n universitaria misma.<\/p>\n<p>Afortunadamente se mantuvieron vivas las luchas por la\u00a0preservaci\u00f3n de la universidad como una instituci\u00f3n\u00a0volcada a lo que Ian Angus llama la \u201cilustraci\u00f3n\u201d\u00a0(enlightment). Por ende, el autor declara no pretender que\u00a0su libro sea un lamento sobre los rumbos tomados por la\u00a0universidad p\u00fablica, sino <strong>una reflexi\u00f3n que considere de\u00a0manera realista las transformaciones ocurridas<\/strong>, sin\u00a0mientras tanto abandonar la idea de la universidad como\u00a0una instituci\u00f3n comprometida como la formaci\u00f3n de\u00a0sujetos cr\u00edticos.<\/p>\n<p>&nbsp;<\/p>\n<p><span class=\"Apple-converted-space\">SOBRE EL AUTOR<br \/>\n<\/span><strong>Ian Angus\u00a0<\/strong>naci\u00f3 en Inglaterra en 1948, en\u00a01958 emigra a Canad\u00e1 y reside en Vancouver donde\u00a0es profesor em\u00e9rito de la universidad Simon Fraser,\u00a0Columbia Brit\u00e1nica, Canad\u00e1.<\/p>\n<p>Autor de nueve libros y de numerosos ensayos sobre filosof\u00eda, humanidades, tecnolog\u00eda y movimientos\u00a0sociales.<\/p>\n<p>Actualmente investiga y escribe acerca de Husserl,\u00a0Marx y el estado de la crisis social que vive el hombre\u00a0y las instituciones en un mundo complejo y\u00a0cambiante.<\/p>\n","protected":false},"excerpt":{"rendered":"<p><span style=\"color: #ff0000;\"><span style=\"color: #000000;\">Autor:<\/span> Ian Angus<\/span><\/p>\n<p><strong>Ian Angus<\/strong> nos presenta en su libro Amar las preguntas\u00a0una oportuna y necesaria reflexi\u00f3n. Tambi\u00e9n pone en crisis\u00a0ideas que cotidianamente est\u00e1n presentes y son\u00a0practicadas en las universidades contempor\u00e1neas.<\/p>\n<p>De hecho se trata de un libro que va a contramano de las\u00a0actuales tendencias dominantes, tanto en t\u00e9rminos de las\u00a0pol\u00edticas de ense\u00f1anza superior, como tambi\u00e9n en lo que\u00a0se refiere al modus operandi impuesto en las\u00a0universidades en las \u00faltimas dos d\u00e9cadas.<\/p>\n<p><strong>Una obra fundamental para entender el presente y el\u00a0futuro de la universidad y la educaci\u00f3n en un contexto\u00a0din\u00e1mico de permanente transformaci\u00f3n.<\/strong><\/p>\n<p>\u00b7 ISBN: 978-84-18049-19<br \/>\n\u00b7 Coedici\u00f3n Experimenta Libros \/ Wolkowicz Editores<br \/>\n\u00b7 Medidas: 15 x 21 cm<br \/>\n\u00b7 P\u00e1ginas: 152<br \/>\n\u00b7 Impresi\u00f3n interior: negro<br \/>\n\u00b7 Encuadernaci\u00f3n: r\u00fastica<\/p>\n","protected":false},"featured_media":56515,"comment_status":"open","ping_status":"closed","template":"","meta":[],"product_cat":[9898,7313],"product_tag":[9730,9777,9641,9763,9762,9778],"jetpack_sharing_enabled":true,"_links":{"self":[{"href":"https:\/\/www.experimenta.es\/tienda\/wp-json\/wp\/v2\/product\/56514"}],"collection":[{"href":"https:\/\/www.experimenta.es\/tienda\/wp-json\/wp\/v2\/product"}],"about":[{"href":"https:\/\/www.experimenta.es\/tienda\/wp-json\/wp\/v2\/types\/product"}],"replies":[{"embeddable":true,"href":"https:\/\/www.experimenta.es\/tienda\/wp-json\/wp\/v2\/comments?post=56514"}],"wp:featuredmedia":[{"embeddable":true,"href":"https:\/\/www.experimenta.es\/tienda\/wp-json\/wp\/v2\/media\/56515"}],"wp:attachment":[{"href":"https:\/\/www.experimenta.es\/tienda\/wp-json\/wp\/v2\/media?parent=56514"}],"wp:term":[{"taxonomy":"product_cat","embeddable":true,"href":"https:\/\/www.experimenta.es\/tienda\/wp-json\/wp\/v2\/product_cat?post=56514"},{"taxonomy":"product_tag","embeddable":true,"href":"https:\/\/www.experimenta.es\/tienda\/wp-json\/wp\/v2\/product_tag?post=56514"}],"curies":[{"name":"wp","href":"https:\/\/api.w.org\/{rel}","templated":true}]}}