{"id":56669,"date":"2025-08-24T19:05:06","date_gmt":"2025-08-24T17:05:06","guid":{"rendered":"https:\/\/www.experimenta.es\/tienda\/?post_type=product&#038;p=56669"},"modified":"2025-11-26T17:17:16","modified_gmt":"2025-11-26T16:17:16","slug":"incidencia-y-reflexion-pensamientos-entorno-al-diseno-de-producto","status":"publish","type":"product","link":"https:\/\/www.experimenta.es\/tienda\/producto\/incidencia-y-reflexion-pensamientos-entorno-al-diseno-de-producto\/","title":{"rendered":"Incidencia y reflexi\u00f3n.  Pensamientos en torno al dise\u00f1o de producto."},"content":{"rendered":"<p><strong>Este libro es un hallazgo en el pensamiento, en el ser y en la existencia de todo estudioso del dise\u00f1o.<\/strong> Una obra que invita a una cr\u00edtica m\u00e1s profunda, literaria y reflexiva del dise\u00f1o, tan necesaria como el marcado sello de identidad de su autor: ir\u00f3nico, transgresor y siempre alejado de lo convencional.<\/p>\n<p>En <em>Incidencia y reflexi\u00f3n: pensamientos en torno al dise\u00f1o de producto<\/em>, <strong>Chema Aznar<\/strong> invita al lector a reflexionar, analizar y construir una conciencia cr\u00edtica en torno al dise\u00f1o de producto.<\/p>\n<p><strong>Con una prosa inteligente y afilada, nos sumerge en los aspectos m\u00e1s sustanciales del dise\u00f1o, entrelazando citas de autores, referencias hist\u00f3ricas e im\u00e1genes culturales<\/strong> que van del cine a la mitolog\u00eda y la literatura, con el objetivo de estimular la capacidad cr\u00edtica del lector.<\/p>\n<p><strong>Quiz\u00e1 estemos ante la cr\u00edtica m\u00e1s mordaz, \u00e1cida, realista y brillante sobre el dise\u00f1o de producto.<\/strong><\/p>\n<p>&nbsp;<\/p>\n<p><span class=\"Apple-converted-space\">SOBRE EL AUTOR<br \/>\n<\/span><strong>Chema Aznar<\/strong> es graduado en Dise\u00f1o Industrial e Interiores en la Escuela de Artes Aplicadas y Oficios Art\u00edsticos de Valencia. Licenciado en Historia del Arte en la Facultad de Historia y Geograf\u00eda. Diplomado en Idustrial Design en la Scuola Polit\u00e9cnica Design de Milano (SPD). En su extensa trayectoria acad\u00e9mica, destaca el haber sido titular del Departamento de Dise\u00f1o de Producto en la Escuela de Arte y Superior de Dise\u00f1o de Valencia (EASD) desde 1985. Siendo Jefe del Departamento en los a\u00f1os 1997 a 2001 y desde 2004 a 2008. Fue miembro del Seminario sobre la \u201cEnse\u00f1anza del Dise\u00f1o\u201d de la Conseller\u00eda de Cultura de Educaci\u00f3n y Ciencia. Como profesional, fue cofundador del estudio \u201cFactor\u00eda Dise\u00f1o Industrial\u201d, el cual fue seleccionado para exponer sus productos en la Bienal de Bolonia. Obtuvo a lo largo de su extensa trayectoria una gran cantidad de galadornes, entre ellos, Premio de la Cr\u00edtica Internacional del mueble y el Premio del Mueble del Colegio de Decoradores y Arquitectos de Interiores de Madrid. Pertenece a la Asociaci\u00f3n de Dise\u00f1adores de Valencia ADCV, y tambi\u00e9n forma parte del BEDA (Bureau of European Design Associations).<\/p>\n","protected":false},"excerpt":{"rendered":"<p><span style=\"color: #ff0000;\"><span style=\"color: #000000;\">Autor:\u00a0<span style=\"color: #ff0000;\">Chema Aznar<\/span><\/span><\/span><\/p>\n<p><strong>Este libro es un hallazgo en el pensamiento, en el ser y en la existencia de todo estudioso del dise\u00f1o.<\/strong> Una obra que invita a una cr\u00edtica m\u00e1s profunda, literaria y reflexiva del dise\u00f1o, tan necesaria como el marcado sello de identidad de su autor: ir\u00f3nico, transgresor y siempre alejado de lo convencional.<\/p>\n<p>&nbsp;<\/p>\n<p>\u00b7 ISBN: 978-84-19555-42-7<br \/>\n\u00b7 Edici\u00f3n 2025. Madrid. Experimenta Libros.<br \/>\n\u00b7 Medidas: 15 x 21,5 cm<br \/>\n\u00b7 P\u00e1ginas: 256<br \/>\n\u00b7 Impresi\u00f3n interior: 2 colores<br \/>\n\u00b7 Encuadernaci\u00f3n: r\u00fastica<\/p>\n","protected":false},"featured_media":63017,"comment_status":"open","ping_status":"closed","template":"","meta":[],"product_cat":[9981,9892,9979,9898,7313],"product_tag":[9764,9638,9777,9763,9708,9762,9778],"jetpack_sharing_enabled":true,"_links":{"self":[{"href":"https:\/\/www.experimenta.es\/tienda\/wp-json\/wp\/v2\/product\/56669"}],"collection":[{"href":"https:\/\/www.experimenta.es\/tienda\/wp-json\/wp\/v2\/product"}],"about":[{"href":"https:\/\/www.experimenta.es\/tienda\/wp-json\/wp\/v2\/types\/product"}],"replies":[{"embeddable":true,"href":"https:\/\/www.experimenta.es\/tienda\/wp-json\/wp\/v2\/comments?post=56669"}],"wp:featuredmedia":[{"embeddable":true,"href":"https:\/\/www.experimenta.es\/tienda\/wp-json\/wp\/v2\/media\/63017"}],"wp:attachment":[{"href":"https:\/\/www.experimenta.es\/tienda\/wp-json\/wp\/v2\/media?parent=56669"}],"wp:term":[{"taxonomy":"product_cat","embeddable":true,"href":"https:\/\/www.experimenta.es\/tienda\/wp-json\/wp\/v2\/product_cat?post=56669"},{"taxonomy":"product_tag","embeddable":true,"href":"https:\/\/www.experimenta.es\/tienda\/wp-json\/wp\/v2\/product_tag?post=56669"}],"curies":[{"name":"wp","href":"https:\/\/api.w.org\/{rel}","templated":true}]}}