{"id":56765,"date":"2020-02-07T18:42:05","date_gmt":"2020-02-07T17:42:05","guid":{"rendered":"https:\/\/www.experimenta.es\/tienda\/?post_type=product&#038;p=56765"},"modified":"2024-02-12T11:48:45","modified_gmt":"2024-02-12T10:48:45","slug":"comunicar-visualmente-el-diseno-grafico-de-la-marca","status":"publish","type":"product","link":"https:\/\/www.experimenta.es\/tienda\/producto\/comunicar-visualmente-el-diseno-grafico-de-la-marca\/","title":{"rendered":"Comunicar Visualmente. El dise\u00f1o gr\u00e1fico de la marca."},"content":{"rendered":"<p>Esta obra re\u00fane un conjunto de expertos en la creaci\u00f3n, dise\u00f1o y gesti\u00f3n de marcas internacionales: Joan Costa, Emilio Gil, Francisco Provid\u00e8ncia, Eduardo Herrera, Leire Fern\u00e1ndez, Albert Culler\u00e9, Emilio Gil, Fernando Oliveira, Felix Beltr\u00e1n, Bruno Maag y Daniel Raposo. Adem\u00e1s, relaciona conocimientos provenientes de programas de comunicaci\u00f3n global y de proyectos de dise\u00f1o con datos cient\u00edficos y acad\u00e9micos, resultando en una visi\u00f3n inusualmente completa, hol\u00edstica y humanista de las marcas, del branding y de la identidad visual de marca, siempre ilustrada con ejemplos y diagramas de modelos para desarrollo.<\/p>\n<p>Cada cap\u00edtulo est\u00e1 inscrito en una l\u00f3gica secuencial para explicar las relaciones entre la definici\u00f3n y estrategia de marca, la comunicaci\u00f3n visual, el dise\u00f1o, la marca y su imagen de marca, considerada como un fen\u00f3meno social, cultural y simb\u00f3lico con particular impacto en la vida de las personas.<\/p>\n<p><em>\u201cComunicar Visualmente: el dise\u00f1o gr\u00e1fico de la marca\u201d es una publicaci\u00f3n oportuna en un tiempo en que la noci\u00f3n de branding se impregn\u00f3 en todos los campos de actividad, desde el comercial (donde la noci\u00f3n fue inventada) al sector p\u00fablico y, ciertamente, al campo pol\u00edtico. Pero esto es una publicaci\u00f3n muy especial, ya que ocho de los nueve autores del mundo del espa\u00f1ol y el portugu\u00e9s, con lo que las experiencias y perspectivas que raramente \u2013 si alguna \u2013 han estado disponibles a los lectores de lengua inglesa. Todos los autores son expertos en el \u00e1rea correspondiente a su cap\u00edtulo y en su conjunto cubren una amplia variedad de t\u00f3picos, desde conceptos globales hasta ejemplos concretos. Se trata de un \u00abmust read\u00bb (libro de lectura obligatoria) para dise\u00f1adores interesados en el \u00abestado del conocimiento\u00bb sobre la marca contempor\u00e1nea.\u201d<br \/>\n<\/em><strong>Jorge Frascara FGDC<\/strong> (Canad\u00e1) Profesor Em\u00e9rito de la Universidad de Alberta, Canad\u00e1, codirector de la Health Design Network, profesor honorario de la Emily Carr University y miembro de la Society of Graphic Designers de Canad\u00e1.<\/p>\n<p><em>\u00abEl inter\u00e9s de esta publicaci\u00f3n est\u00e1 en el hecho de considerar el branding no s\u00f3lo como un desaf\u00edo para los profesionales de dise\u00f1o gr\u00e1fico y de comunicaci\u00f3n, sino tambi\u00e9n como un objeto te\u00f3rico complejo de investigaci\u00f3n, un objeto que requiere un enfoque multidisciplinario. De este modo, el libro es bienvenido y \u00fatil no s\u00f3lo para investigadores y profesores de dise\u00f1o, sino tambi\u00e9n para profesionales interesados en fundamentar las opciones de dise\u00f1adores de marcas. De hecho, tambi\u00e9n ser\u00e1 un libro \u00fatil para los estudiantes\u00bb.<br \/>\n<\/em><strong>Alain Findeli<\/strong> (Canad\u00e1 \/ Francia) Profesor Honorario de la Universidad de Montreal (Canad\u00e1), donde pas\u00f3 la mayor parte de su carrera (1975-2007), Miembro de la Comisi\u00f3n Cient\u00edfica de Journals como Design Issues (MIT Press), The Design Journal (Bloomsbury), Design and Culture (Bloomsbury), l\u2019International Journal of Design Sciences and Technologies et Sciences du design (PUF).<\/p>\n<p>&nbsp;<\/p>\n<p><span class=\"Apple-converted-space\">SOBRE EL AUTOR<br \/>\n<\/span><strong>Daniel Raposo\u00a0<\/strong>es dise\u00f1ador de comunicaci\u00f3n, investigador y profesor de dise\u00f1o del Instituto Polit\u00e9cnico de Castelo Branco (Portugal), principalmente en el tema del Branding y Identidad Visual de Marca. Se dedica al estudio de dise\u00f1o desde 1993. Tiene un doctorado en dise\u00f1o (2012), una maestr\u00eda en dise\u00f1o, materiales y gesti\u00f3n de productos (2005), una licenciatura en dise\u00f1o de comunicaci\u00f3n (2002) y un curso t\u00e9cnico en dise\u00f1o (1995). Editor Jefe de \u201cConvergencias \u2013 Revista de Investigaci\u00f3n y Ense\u00f1anza de las Artes\u201d (ISSN: 1646-9054) desde 2008; miembro del consejo cient\u00edfico de revistas internacionales y congresos con revisi\u00f3n por pares. Autor de varios art\u00edculos cient\u00edficos y de opini\u00f3n, de obras como en 2008 el cap\u00edtulo del libro \u201cVer, oir y sentir letras\u201d, publicado en Bilbao, Espa\u00f1a; el libro \u201cDise\u00f1o de identidad e imagen corporativa\u201d, Ediciones IPCB; \u201cLa rebeli\u00f3n de los signos. El alma de la letra\u201d, La Cruj\u00eda, Argentina, con Joan Costa. Este \u00faltimo libro publicado en portugu\u00e9s por Dinalivro Edi\u00e7\u00f5es en 2010 y en 2013 en formato ePub por Joan Costa Institute. En ingl\u00e9s, adem\u00e1s de este libro editado con Cambridge Scholars Publishing em 2018, ha publicado cap\u00edtulos como \u201cPerceptive and Ergonomics concerns in Corporate Visual Identity\u201d, 2012, EUA: CRC Press &#8211; Taylor; \u201cCommunication efficiency and inclusiveness in the Corporate Visual Identity\u201d, en 2016, EUA: CRC Press &#8211; Taylor; \u201cThe Contribute of Graphic Style and Connotations to Memorability of Brand Marks from Agri-Food Sector\u201d, 2016 Springer, Cham y \u201cClarifying the Concept of Corporate Identity from a Collective Vision to Cultural Interface\u201d, 2018, Springer. Es coeditor de \u201cIV Encuentro de Tipograf\u00eda \u2013 De lo inscrito a lo escrito\u201d en 2013, coeditor de \u201cInvestiga\u00e7\u00e3o e Ensino em Design e M\u00fasica\u201d Edi\u00e7\u00f5es IPCB en 2017 y \u201cPerspective on Design \u2013 Research, Education and Practice\u201d, Springer, 2020.<\/p>\n","protected":false},"excerpt":{"rendered":"<p><span style=\"color: #ff0000;\"><span style=\"color: #000000;\">Autor:<\/span> Daniel Raposo<\/span><\/p>\n<p>Este libro detalla los componentes de comunicaci\u00f3n visual de marca en el siglo XXI, con enfoque en aspectos estrat\u00e9gicos, simb\u00f3licos, gr\u00e1ficos, est\u00e9ticos, comunicacionales, intangibles, perceptivos y de su gesti\u00f3n, concretando con casos reales.<\/p>\n<p>No solo permite comprender la interdependencia entre marca, entorno y personas, como explica los planteamientos fundamentales a la hora de crear, dise\u00f1ar y gestionar una marca impactante, duradera y sostenible (nivel econ\u00f3mico, ambiental y social).<\/p>\n<p>\u00b7 ISBN: 978-84-180492-1-7<br \/>\n\u00b7 Edici\u00f3n Experimenta Libros<br \/>\n\u00b7 Medidas: 16 x 23 cm<br \/>\n\u00b7 P\u00e1ginas: 232<br \/>\n\u00b7 Impresi\u00f3n interior: color<br \/>\n\u00b7 Encuadernaci\u00f3n: r\u00fastica<\/p>\n","protected":false},"featured_media":56766,"comment_status":"open","ping_status":"closed","template":"","meta":[],"product_cat":[9895,9892,7313],"product_tag":[9732,9730,9735,9591,9766,9641,9707,9762,9765,9733,9771,9778],"jetpack_sharing_enabled":true,"_links":{"self":[{"href":"https:\/\/www.experimenta.es\/tienda\/wp-json\/wp\/v2\/product\/56765"}],"collection":[{"href":"https:\/\/www.experimenta.es\/tienda\/wp-json\/wp\/v2\/product"}],"about":[{"href":"https:\/\/www.experimenta.es\/tienda\/wp-json\/wp\/v2\/types\/product"}],"replies":[{"embeddable":true,"href":"https:\/\/www.experimenta.es\/tienda\/wp-json\/wp\/v2\/comments?post=56765"}],"wp:featuredmedia":[{"embeddable":true,"href":"https:\/\/www.experimenta.es\/tienda\/wp-json\/wp\/v2\/media\/56766"}],"wp:attachment":[{"href":"https:\/\/www.experimenta.es\/tienda\/wp-json\/wp\/v2\/media?parent=56765"}],"wp:term":[{"taxonomy":"product_cat","embeddable":true,"href":"https:\/\/www.experimenta.es\/tienda\/wp-json\/wp\/v2\/product_cat?post=56765"},{"taxonomy":"product_tag","embeddable":true,"href":"https:\/\/www.experimenta.es\/tienda\/wp-json\/wp\/v2\/product_tag?post=56765"}],"curies":[{"name":"wp","href":"https:\/\/api.w.org\/{rel}","templated":true}]}}