{"id":56772,"date":"2020-02-07T18:58:10","date_gmt":"2020-02-07T17:58:10","guid":{"rendered":"https:\/\/www.experimenta.es\/tienda\/?post_type=product&#038;p=56772"},"modified":"2025-05-27T23:17:37","modified_gmt":"2025-05-27T21:17:37","slug":"cuestiones-del-diseno-equilibrio-inestable-sobre-campos-imprecisos","status":"publish","type":"product","link":"https:\/\/www.experimenta.es\/tienda\/producto\/cuestiones-del-diseno-equilibrio-inestable-sobre-campos-imprecisos\/","title":{"rendered":"Cuestiones del Dise\u00f1o. Equilibrio inestable sobre campos imprecisos"},"content":{"rendered":"<p><strong>Este libro constituye un imprescindible texto en la necesaria tarea de construir conocimiento como \u201cproceso intelectivo de construcci\u00f3n y descubrimiento sobre la observaci\u00f3n reflexiva de lo real y sobre las mallas de datos\u201d en el contexto contempor\u00e1neo. <\/strong><\/p>\n<p>Estamos frente a un itinerario de construcci\u00f3n de sentido del Dise\u00f1o como hecho humano.<\/p>\n<p>El texto, <strong>de gran relevancia para acad\u00e9micos, dise\u00f1adores y estudiantes<\/strong>, nos permite ese necesario tr\u00e1nsito del modelo a la red, del salir de la caverna al descubrimiento de \u201cfisuras en la pared\u201d, para poder construir nuevas preguntas y nuevas hip\u00f3tesis de interpretaci\u00f3n dentro del proceso de construcci\u00f3n del conocimiento en torno al Dise\u00f1o.<\/p>\n<p>As\u00ed lo deja ver y se explica en el propio t\u00edtulo de esta obra: Equilibrio inestable sobre campos imprecisos.<\/p>\n<p>&nbsp;<\/p>\n<p><span class=\"Apple-converted-space\">SOBRE LA AUTORA<br \/>\n<\/span><strong>Dora Giordano<\/strong> es arquitecta, por la Facultad de Arquitectura y Urbanismo de la Universidad de Buenos Aires (1967). En esos a\u00f1os inicia su labor docente en la misma Instituci\u00f3n, en la Carrera de Arquitectura. Desde 1983 ejerce el cargo de profesora. Desarrolla su trayectoria acad\u00e9mica en la UBA y en otras universidades nacionales, abarcando las \u00e1reas de Dise\u00f1o y Arquitectura. En 1985 es convocada por la Ponti\ufb01cia Universidad Cat\u00f3lica del Ecuador (sede en Cuenca) para el asesoramiento acad\u00e9mico en la formaci\u00f3n de la primera Escuela Universitaria de Dise\u00f1o en ese pa\u00eds. Contratada por la OEA, integra el equipo de profesores latinoamericanos en los cursos de Dise\u00f1o para becarios artesanos art\u00ed\ufb01ces. Es invitada, asimismo, por la Facultad de Arquitectura de la Universidad de Cuenca, Ecuador. Contin\u00faa en esas actividades, peri\u00f3dicamente, hasta 1994, a\u00f1o en el que la FADU\/UBA la convoca para plani\ufb01car y dirigir la \u201cCarrera de Formaci\u00f3n Docente\u201d. En 1996 es invitada por Gast\u00f3n Breyer para desempe\u00f1ar el cargo de profesora adjunta en Heur\u00edstica, una materia electiva que inauguraba la noci\u00f3n de transversalidad en la FADU. Con el aval del Rectorado de UBA participa en los Programas Interuniversitarios Iberoamericanos, convocados y subsidiados por Espa\u00f1a, durante 2 per\u00edodos: 1997\/2003 y 2005\/2009. Desde 2005 es invitada a colaborar en la programaci\u00f3n de Maestr\u00edas en Universidades argentinas y ecuatorianas. En 2005 el Consejo Superior de UBA designa a Dora Giordano: Profesora Consulta. En 2009, la Universidad del Azuay (Ecuador) la designa: Profesora Em\u00e9rita. En 2010 asume la direcci\u00f3n del Centro de Investigaciones Heur\u00edsticas hasta la actualidad. En 2011 recibe el reconocimiento: \u201cTrayectoria Acad\u00e9mica de Maestros de la UBA\u201d. Actualmente contin\u00faa con el dictado de cursos de posgrado, la direcci\u00f3n de Proyectos UBACyT y la formaci\u00f3n de recursos humanos a trav\u00e9s de la direcci\u00f3n de tesis doctorales y de maestr\u00edas.<\/p>\n","protected":false},"excerpt":{"rendered":"<p><span style=\"color: #ff0000;\"><span style=\"color: #000000;\">Autor:\u00a0<span style=\"color: #ff0000;\">Dora Giordano<\/span><\/span><\/span><\/p>\n<p>Trazar un paisaje distinto y distante del que dibujaron el Movimiento Moderno y el pensamiento racionalista que marc\u00f3 los discursos y la pr\u00e1ctica de estos campos disciplinares hasta ya entrada la segunda mitad del siglo XX, es la propuesta de este libro de Dora Giordano.<\/p>\n<p>M\u00e1s espec\u00edficamente, <strong>nos propone pensar el dise\u00f1o desde las perspectivas de las inestabilidades, las turbulencias, la no linealidad<\/strong>, que corresponden al contexto cultural contempor\u00e1neo y se dibuja sobre la inestabilidad, las asimetr\u00edas, las crisis sist\u00e9micas, la complejidad.<\/p>\n<p>&nbsp;<\/p>\n<p>\u00b7 ISBN: 978-84-18049-18-7<br \/>\n\u00b7 Coedici\u00f3n 2020. Experimenta Libros \/ Dise\u00f1o Editorial<br \/>\n\u00b7 Medidas: 14,5 x 20,5 cm<br \/>\n\u00b7 P\u00e1ginas: 232<br \/>\n\u00b7 Impresi\u00f3n interior: Color<br \/>\n\u00b7 Encuadernaci\u00f3n: r\u00fastica<\/p>\n","protected":false},"featured_media":56773,"comment_status":"open","ping_status":"closed","template":"","meta":[],"product_cat":[9892,9898,7313],"product_tag":[9713,9642,9777,9641,9763,9708,9762,9778],"jetpack_sharing_enabled":true,"_links":{"self":[{"href":"https:\/\/www.experimenta.es\/tienda\/wp-json\/wp\/v2\/product\/56772"}],"collection":[{"href":"https:\/\/www.experimenta.es\/tienda\/wp-json\/wp\/v2\/product"}],"about":[{"href":"https:\/\/www.experimenta.es\/tienda\/wp-json\/wp\/v2\/types\/product"}],"replies":[{"embeddable":true,"href":"https:\/\/www.experimenta.es\/tienda\/wp-json\/wp\/v2\/comments?post=56772"}],"wp:featuredmedia":[{"embeddable":true,"href":"https:\/\/www.experimenta.es\/tienda\/wp-json\/wp\/v2\/media\/56773"}],"wp:attachment":[{"href":"https:\/\/www.experimenta.es\/tienda\/wp-json\/wp\/v2\/media?parent=56772"}],"wp:term":[{"taxonomy":"product_cat","embeddable":true,"href":"https:\/\/www.experimenta.es\/tienda\/wp-json\/wp\/v2\/product_cat?post=56772"},{"taxonomy":"product_tag","embeddable":true,"href":"https:\/\/www.experimenta.es\/tienda\/wp-json\/wp\/v2\/product_tag?post=56772"}],"curies":[{"name":"wp","href":"https:\/\/api.w.org\/{rel}","templated":true}]}}