{"id":56813,"date":"2020-02-19T21:07:26","date_gmt":"2020-02-19T20:07:26","guid":{"rendered":"https:\/\/www.experimenta.es\/tienda\/?post_type=product&#038;p=56813"},"modified":"2025-12-07T22:04:41","modified_gmt":"2025-12-07T21:04:41","slug":"burton-en-el-jardin-de-las-delicias","status":"publish","type":"product","link":"https:\/\/www.experimenta.es\/tienda\/producto\/burton-en-el-jardin-de-las-delicias\/","title":{"rendered":"Burton en el Jard\u00edn de las Delicias"},"content":{"rendered":"<p><strong>Tim Burton es, ante todo, un creador.<\/strong> Aunque, tal vez, no sea tanto un creador de relatos \u2013muchas de sus pel\u00edculas parten de historias pensadas por otros\u2013 como un creador de personajes. Este ansia de crear, se manifiesta en la forma en la que encara la realizaci\u00f3n de sus pel\u00edculas as\u00ed como en los personajes que las protagonizan. <strong>\u00bfQu\u00e9 inter\u00e9s subyace en su amor por estas criaturas solitarias y monstruosas? \u00bfPor qu\u00e9 en su cine lo feo, lejos de espantar, convoca y conmueve?<\/strong> Su recorrido como director es un camino zigzagueante cuyos puntos no son equidistantes. Cada alto en este camino aporta un nuevo personaje a su propio e inquietante Jard\u00edn de las Delicias. Este recuerda al de El Bosco, <strong>pero las criaturas que lo habitan ya no buscan como las de aquellos tiempos, mostrar el horror del hombre.<\/strong><\/p>\n<p>&nbsp;<\/p>\n<p><span class=\"Apple-converted-space\">SOBRE LA AUTORA<br \/>\n<\/span><strong>Cecilia Mazzeo.<\/strong> Dise\u00f1adora Gr\u00e1fica FADU UBA y Doctora por la Universidad de Buenos Aires \u00e1rea Dise\u00f1o. Se desempe\u00f1a como profesora titular de Dise\u00f1o Gr\u00e1fico 1, 2 y 3, y Morfolog\u00eda 1 y 2, ambas asignaturas de la carrera de Dise\u00f1o Gr\u00e1fico de la Facultad de Arquitectura, Dise\u00f1o y Urbanismo de la Universidad de Buenos Aires (FADU\/UBA). Dicta seminarios en la Carrera de especializaci\u00f3n en Sociolog\u00eda del Dise\u00f1o (DISO\/FADU) y Doctorado FADU y UP. Es autora de los libros \u201cQu\u00e9 dice del dise\u00f1o la ense\u00f1anza del dise\u00f1o\u201d y \u201cDise\u00f1o y sistema\u201d, y coautora de \u201cLa ense\u00f1anza de las disciplinas proyectuales\u201d. Paralelamente a este recorrido acad\u00e9mico, ha complementado su formaci\u00f3n realizando cursos sobre Est\u00e9tica, Historia del Arte, Cine y Literatura en Ethos, estudio de Arte y Est\u00e9tica dirigido por la Dra. Marta Z\u00e1tonyi.<\/p>\n","protected":false},"excerpt":{"rendered":"<p><span style=\"color: #ff0000;\"><span style=\"color: #000000;\">Autor:\u00a0<span style=\"color: #ff0000;\">Cecilia Mazzeo<\/span><\/span><\/span><\/p>\n<p><strong>Los seres burtonianos han sido creados para mostrar lo humano en el horror.<\/strong><\/p>\n<p>Una obra fant\u00e1stica para lectores especializados, tanto como para cualquier persona interesada en el cine, las biograf\u00edas y las historias humanas.<\/p>\n<p>&nbsp;<\/p>\n<p>\u00b7 ISBN: 978-84-18049-14-9<br \/>\n\u00b7 Coedici\u00f3n 2020. Experimenta Libros \/ Dise\u00f1o Editorial<br \/>\n\u00b7 Medidas: 14,5 x 20,5 cm<br \/>\n\u00b7 P\u00e1ginas: 128<br \/>\n\u00b7 Impresi\u00f3n interior: Negro<br \/>\n\u00b7 Encuadernaci\u00f3n: r\u00fastica<\/p>\n","protected":false},"featured_media":56814,"comment_status":"open","ping_status":"closed","template":"","meta":[],"product_cat":[9897,9898,7313],"product_tag":[9806,9847,9730,9848,9641,9763,9762],"jetpack_sharing_enabled":true,"_links":{"self":[{"href":"https:\/\/www.experimenta.es\/tienda\/wp-json\/wp\/v2\/product\/56813"}],"collection":[{"href":"https:\/\/www.experimenta.es\/tienda\/wp-json\/wp\/v2\/product"}],"about":[{"href":"https:\/\/www.experimenta.es\/tienda\/wp-json\/wp\/v2\/types\/product"}],"replies":[{"embeddable":true,"href":"https:\/\/www.experimenta.es\/tienda\/wp-json\/wp\/v2\/comments?post=56813"}],"wp:featuredmedia":[{"embeddable":true,"href":"https:\/\/www.experimenta.es\/tienda\/wp-json\/wp\/v2\/media\/56814"}],"wp:attachment":[{"href":"https:\/\/www.experimenta.es\/tienda\/wp-json\/wp\/v2\/media?parent=56813"}],"wp:term":[{"taxonomy":"product_cat","embeddable":true,"href":"https:\/\/www.experimenta.es\/tienda\/wp-json\/wp\/v2\/product_cat?post=56813"},{"taxonomy":"product_tag","embeddable":true,"href":"https:\/\/www.experimenta.es\/tienda\/wp-json\/wp\/v2\/product_tag?post=56813"}],"curies":[{"name":"wp","href":"https:\/\/api.w.org\/{rel}","templated":true}]}}