{"id":57636,"date":"2020-08-12T11:48:06","date_gmt":"2020-08-12T09:48:06","guid":{"rendered":"https:\/\/www.experimenta.es\/tienda\/?post_type=product&#038;p=57636"},"modified":"2023-10-02T12:38:21","modified_gmt":"2023-10-02T10:38:21","slug":"revista-experimenta-86","status":"publish","type":"product","link":"https:\/\/www.experimenta.es\/tienda\/producto\/revista-experimenta-86\/","title":{"rendered":"Revista Experimenta 86"},"content":{"rendered":"<p>(Re)dise\u00f1ar el dise\u00f1o es una invitaci\u00f3n a reflexionar no s\u00f3lo desde la perspectiva tradicional de la disciplina, sino tambi\u00e9n desde diferentes sectores relacionados directa o indirectamente con el n\u00facleo hist\u00f3rico del dise\u00f1o.<span class=\"Apple-converted-space\">\u00a0<\/span><\/p>\n<p>Un hilo conductor que conecta ideas y acciones a trav\u00e9s de las diferentes p\u00e1ginas: <b>David Barro<\/b> analiza la evoluci\u00f3n de la relaci\u00f3n entre arte y dise\u00f1o en <i>\u201cEl dise\u00f1o como arteria. El dise\u00f1o como revoluci\u00f3n\u201d<\/i>; <b>Chema Ib\u00e1\u00f1ez<\/b> nos invita a repensar los espacios de trabajo para optimizarlos en su uso; <b>Le\u00f3n L\u00f3pez de la Osa<\/b> reflexiona sobre el rol de la creatividad en el proceso de dise\u00f1o; <b>Hern\u00e1n Balmaceda <\/b>y <b>Sebasti\u00e1n Seghini<\/b> nos convocan para (re)pensarnos frente a los desaf\u00edos del dise\u00f1o industrial Iberoamericano; <b>Mariano Lesser<\/b> aporta una reflexi\u00f3n sobre el tan promocionado <i>\u201cBig Reset\u201d<\/i> de un mundo que debe ser redise\u00f1ado; <b>Teresa Jular<\/b> expone el rol de las asociaciones profesionales en el an\u00e1lisis del presente y la proyecci\u00f3n a futuro de la disciplina; <b>Luis Montero<\/b> en \u201cDise\u00f1o, sentido y \u00e9tica\u201d se pregunta si en el dise\u00f1o se puede actuar \u00e9ticamente sin saber porqu\u00e9 actuar \u00e9ticamente; <b>Pilar Mellado Lluch<\/b> y <b>Josep Puig Cabeza<\/b> vuelven a las bases, en su b\u00fasqueda del origen del dise\u00f1o industrial espa\u00f1ol; y <b>John Z. Langrish<\/b> nos comparte su visi\u00f3n sobre los m\u00e9todos de dise\u00f1o en su art\u00edculo \u201c<i>Design Methods Movement<\/i>, del optimismo al darwinismo\u201d.<\/p>\n<p>(Re)dise\u00f1ar el dise\u00f1o tambi\u00e9n est\u00e1 relacionado con la capacidad de respuesta ante lo imprevisto y a la capacidad de respuesta que como colectivo profesional tenemos frente a un escenario de crisis. Desde las <i>Ciudades Invisibles<\/i> \u2013un proyecto experimental de <b>Mariana Gella<\/b> y <b>Camille Benoit<\/b> nacido del encierro por la cuarentena COVID-19- hasta estaciones desinfectantes o mascarillas que hemos reunido en nuestra habitual secci\u00f3n ZUM.<\/p>\n<p><b>Jorge Alderete<\/b> y <b>Slavimir Stojanovic<\/b> reflexionan junto a <b>Felipe Taborda<\/b> sobre la necesidad de reinventarse en un pa\u00eds diferente y c\u00f3mo el dise\u00f1o ha sido fundamental como integrador cultural.<span class=\"Apple-converted-space\">\u00a0<\/span><\/p>\n<p>Tambi\u00e9n realizamos una visita a la ciudad de El Alto, en Bolivia, junto a <b>Tatiana Monta\u00f1o Arzabe<\/b> para conocer el impacto de la arquitectura Neoandina.<\/p>\n<p>Una edici\u00f3n de Experimenta muy especial en la rendimos nuestro homenaje al Maestro <b>Milton Glaser<\/b> en Foco, nuestra secci\u00f3n de apertura.<\/p>\n<p>Ingenier\u00eda, arquitectura, creatividad y la necesidad de un <i>big reset<\/i>, son algunos de los m\u00faltiples caminos que hemos abordado en esta edici\u00f3n para que, nuevamente en palabras de <b>Eugenio Vega<\/b>, <i>\u201cni el dise\u00f1o ni los dise\u00f1adores puedan permitirse el lujo de seguir avanzando hacia el futuro por caminos paralelos cuando no divergentes\u201d.<\/i><\/p>\n<p>Para que podamos, juntos, (re)dise\u00f1ar el dise\u00f1o.<span class=\"Apple-converted-space\">\u00a0<\/span><\/p>\n<p>Bienvenidos a Experimenta 86: (Re)dise\u00f1ar el dise\u00f1o. Reflexi\u00f3n y acci\u00f3n para un mundo en permanente cambio.<\/p>\n","protected":false},"excerpt":{"rendered":"<p><strong>(Re)dise\u00f1ar el dise\u00f1o.<\/strong><br \/>\nReflexi\u00f3n y acci\u00f3n para un mundo en permanente cambio.<\/p>\n<p>El dise\u00f1o crea cultura. La cultura moldea valores. Los valores determinan el futuro. Robert L. Peters.<\/p>\n<p>\u201cDise\u00f1ar el dise\u00f1o\u201d, tal y como lo expresa Eugenio Vega en su art\u00edculo \u201cRedise\u00f1ar el dise\u00f1o (una vez m\u00e1s)\u201d, adem\u00e1s del t\u00edtulo de un libro de John Christopher Jones, \u201ces una pretensi\u00f3n constante desde que esta disciplina alcanz\u00f3 suficiente madurez y hubo de enfrentarse a desaf\u00edos mayores que la mera formalizaci\u00f3n de objetos\u201d.<br \/>\nEn estos tiempos dif\u00edciles, dominados por la incertidumbre de una crisis inesperada, la necesidad de reinvenci\u00f3n es tambi\u00e9n una forma de transitar el camino de la reconstrucci\u00f3n. Porque repensar el dise\u00f1o para encontrar soluciones a problemas in\u00e9ditos, est\u00e1 en la g\u00e9nesis de la disciplina.<\/p>\n<div class=\"page\" title=\"Page 4\">\n<div class=\"layoutArea\">\n<div class=\"column\">\n<p>\u00b7 Edici\u00f3n: Oto\u00f1o 2020<br \/>\n\u00b7 ISBN: 978-84-18049-36-1<br \/>\n\u00b7 Medidas: 23 x 26,5 cm<br \/>\n\u00b7 P\u00e1ginas: 120<\/p>\n<\/div>\n<\/div>\n<\/div>\n","protected":false},"featured_media":57848,"comment_status":"open","ping_status":"closed","template":"","meta":[],"product_cat":[7311],"product_tag":[9713,9732,9730,9735,9638,9591,9777,9766,9748,9707,9708,9714,9762],"jetpack_sharing_enabled":true,"_links":{"self":[{"href":"https:\/\/www.experimenta.es\/tienda\/wp-json\/wp\/v2\/product\/57636"}],"collection":[{"href":"https:\/\/www.experimenta.es\/tienda\/wp-json\/wp\/v2\/product"}],"about":[{"href":"https:\/\/www.experimenta.es\/tienda\/wp-json\/wp\/v2\/types\/product"}],"replies":[{"embeddable":true,"href":"https:\/\/www.experimenta.es\/tienda\/wp-json\/wp\/v2\/comments?post=57636"}],"wp:featuredmedia":[{"embeddable":true,"href":"https:\/\/www.experimenta.es\/tienda\/wp-json\/wp\/v2\/media\/57848"}],"wp:attachment":[{"href":"https:\/\/www.experimenta.es\/tienda\/wp-json\/wp\/v2\/media?parent=57636"}],"wp:term":[{"taxonomy":"product_cat","embeddable":true,"href":"https:\/\/www.experimenta.es\/tienda\/wp-json\/wp\/v2\/product_cat?post=57636"},{"taxonomy":"product_tag","embeddable":true,"href":"https:\/\/www.experimenta.es\/tienda\/wp-json\/wp\/v2\/product_tag?post=57636"}],"curies":[{"name":"wp","href":"https:\/\/api.w.org\/{rel}","templated":true}]}}