{"id":58191,"date":"2020-11-12T16:08:04","date_gmt":"2020-11-12T15:08:04","guid":{"rendered":"https:\/\/www.experimenta.es\/tienda\/?post_type=product&#038;p=58191"},"modified":"2024-02-12T11:44:28","modified_gmt":"2024-02-12T10:44:28","slug":"diseno-de-la-identidad-visual-de-las-instituciones","status":"publish","type":"product","link":"https:\/\/www.experimenta.es\/tienda\/producto\/diseno-de-la-identidad-visual-de-las-instituciones\/","title":{"rendered":"Dise\u00f1o de la identidad visual de las instituciones"},"content":{"rendered":"<p>La profusi\u00f3n actual de mensajes de todo tipo, desde empresas y entidades de servicios hasta la gran competencia que se hace notar, tambi\u00e9n, en el \u00e1mbito no comercial, exige una mayor planificaci\u00f3n de las estrategias de comunicaci\u00f3n corporativa.<\/p>\n<p>Estos proyectos y gesti\u00f3n de <strong>la identidad corporativa institucional est\u00e1n quiz\u00e1s m\u00e1s cerca del dise\u00f1o industrial de grandes productos por su complejidad y su dependencia al desarrollo de importantes estudios previos,<\/strong> en la b\u00fasqueda por lograr comunicar el factor de la consolidaci\u00f3n hist\u00f3rica que le otorga a \u00e9stos emblemas la legitimidad de los poderes p\u00fablicos que muchos de ellos representan.<\/p>\n<p>Aspectos como seriedad, sobriedad y solidez, que en ocasiones tienen en com\u00fan las instituciones, son valores de su identidad que deben ser traducidos por una marca de est\u00e9tica \u2018cl\u00e1sica\u2019 que, sin embargo, debe aspirar a mostrarse con un nivel de modernidad y actualizaci\u00f3n acorde con sus funciones actuales, <strong>respondiendo a una tendencia innovadora que requiere transmitir al arquetipo institucionalizado.<\/strong><\/p>\n<p>&nbsp;<\/p>\n<p><span class=\"Apple-converted-space\">SOBRE EL AUTOR<br \/>\n<\/span><strong>Sebasti\u00e1n Garc\u00eda Garrido <\/strong>es profesor Catedr\u00e1tico\u00a0de Dise\u00f1o de Comunicaci\u00f3n, en la Universidad de\u00a0M\u00e1laga, y coordinador del Programa de Doctorado\u00a0en Bellas Artes, Dise\u00f1o y Nuevas Tecnolog\u00edas.\u00a0Su formaci\u00f3n como dise\u00f1ador en la especialidad de\u00a0Dise\u00f1o de la Facultad de Bellas Artes de Sevilla se\u00a0completa con el doctorado sobre Lenguaje Visual en\u00a0la Her\u00e1ldica, en la Universidad de Salamanca.<\/p>\n<p>Ha desarrollado su faceta profesional, especialmente\u00a0en el terreno del Dise\u00f1o Gr\u00e1fico.<br \/>\nSu investigaci\u00f3n comprende los \u00e1mbitos de la\u00a0identidad visual de las instituciones y corporativa, la\u00a0evoluci\u00f3n del dise\u00f1o como disciplina y desarrollo\u00a0profesional, el papel de la cultura y del territorio en el\u00a0dise\u00f1o, la sencillez como fundamento de la est\u00e9tica\u00a0contempor\u00e1nea, la conservaci\u00f3n y el componente\u00a0est\u00e9tico de los tipos m\u00f3viles de la imprenta\u00a0tradicional, la promoci\u00f3n de la transversalidad e\u00a0intuici\u00f3n para el desarrollo creativo, y la simbiosis\u00a0entre las esferas del arte, el dise\u00f1o y el artesanado.<\/p>\n","protected":false},"excerpt":{"rendered":"<p><span style=\"color: #ff0000;\"><span style=\"color: #000000;\">Autor:<\/span> Sebasti\u00e1n Garc\u00eda Garrido<\/span><\/p>\n<p><strong>El contenido de este libro propone cubrir una parcela de la identidad visual corporativa que no lograba definirse claramente<\/strong> con respecto a la gr\u00e1fica del mundo de los negocios. Se trata del amplio mundo de las corporaciones no comerciales, las instituciones oficiales y organizaciones no gubernamentales, de car\u00e1cter social y sin \u00e1nimo de lucro.<\/p>\n<p>Un libro de gran inter\u00e9s para profesionales y estudiantes de los \u00e1mbitos del dise\u00f1o, la comunicaci\u00f3n y gesti\u00f3n institucional.<\/p>\n<p>&nbsp;<\/p>\n<p>\u00b7 ISBN: 978-84-18049-39-2<br \/>\n\u00b7 Medidas: 16 x 23 x 1,4 cm<br \/>\n\u00b7 P\u00e1ginas: 300<br \/>\n\u00b7 Impresi\u00f3n interior: negro, im\u00e1genes a color<\/p>\n","protected":false},"featured_media":58192,"comment_status":"open","ping_status":"closed","template":"","meta":[],"product_cat":[9892,7313],"product_tag":[9730,9642,9591,9641,9707,9762,9765],"jetpack_sharing_enabled":true,"_links":{"self":[{"href":"https:\/\/www.experimenta.es\/tienda\/wp-json\/wp\/v2\/product\/58191"}],"collection":[{"href":"https:\/\/www.experimenta.es\/tienda\/wp-json\/wp\/v2\/product"}],"about":[{"href":"https:\/\/www.experimenta.es\/tienda\/wp-json\/wp\/v2\/types\/product"}],"replies":[{"embeddable":true,"href":"https:\/\/www.experimenta.es\/tienda\/wp-json\/wp\/v2\/comments?post=58191"}],"wp:featuredmedia":[{"embeddable":true,"href":"https:\/\/www.experimenta.es\/tienda\/wp-json\/wp\/v2\/media\/58192"}],"wp:attachment":[{"href":"https:\/\/www.experimenta.es\/tienda\/wp-json\/wp\/v2\/media?parent=58191"}],"wp:term":[{"taxonomy":"product_cat","embeddable":true,"href":"https:\/\/www.experimenta.es\/tienda\/wp-json\/wp\/v2\/product_cat?post=58191"},{"taxonomy":"product_tag","embeddable":true,"href":"https:\/\/www.experimenta.es\/tienda\/wp-json\/wp\/v2\/product_tag?post=58191"}],"curies":[{"name":"wp","href":"https:\/\/api.w.org\/{rel}","templated":true}]}}