{"id":58282,"date":"2020-11-30T14:23:24","date_gmt":"2020-11-30T13:23:24","guid":{"rendered":"https:\/\/www.experimenta.es\/tienda\/?post_type=product&#038;p=58282"},"modified":"2025-06-11T10:21:30","modified_gmt":"2025-06-11T08:21:30","slug":"diseno-historia-teoria-y-practica-del-diseno-de-producto-epub","status":"publish","type":"product","link":"https:\/\/www.experimenta.es\/tienda\/producto\/diseno-historia-teoria-y-practica-del-diseno-de-producto-epub\/","title":{"rendered":"Dise\u00f1o. Historia, teor\u00eda y pr\u00e1ctica del dise\u00f1o de producto (EPUB)"},"content":{"rendered":"<p><strong>Dise\u00f1o. Historia, teor\u00eda y pr\u00e1ctica del dise\u00f1o de producto.<\/strong><\/p>\n<p>En esta obra, B\u00fcrdek se\u00f1ala que la revoluci\u00f3n digital ha tra\u00eddo no s\u00f3lo nuevas herramientas para el dise\u00f1o, sino una forma distinta de interacci\u00f3n social. Esta nueva edici\u00f3n, ha incorporado cap\u00edtulos que se ocupan de aspectos metodol\u00f3gicos y t\u00e9cnicos, necesarios para comprender el papel del dise\u00f1o en un mundo en transformaci\u00f3n.<\/p>\n<p>B\u00fcrdek pone especial \u00e9nfasis en evidenciar la \u00edntima relaci\u00f3n entre dise\u00f1o y econom\u00eda. Y c\u00f3mo un gran n\u00famero de dise\u00f1adores en todo el mundo trabajan d\u00eda a d\u00eda para que los nuevos productos sean cada vez m\u00e1s competitivos, transformando al dise\u00f1o en un factor decisivo para los usuarios.<\/p>\n<p><strong>Una obra cl\u00e1sica que regresa, corregida, ampliada y actualizada, de la mano de Experimenta Libros.<\/strong><\/p>\n<p>&nbsp;<\/p>\n<p><span class=\"Apple-converted-space\">SOBRE EL AUTOR<br \/>\n<\/span><strong>Bernhard E. B\u00fcrdek<\/strong> naci\u00f3 en Sttutgart en 1947. Fue alumno de la Hochschule f\u00fcr Gestaltung de Ulm y del Institut f\u00fcr Umweltplanung de la Universidad de Sttutgart entre 1967 y 1972. En los a\u00f1os siguientes desarroll\u00f3 una relevante trayectoria como dise\u00f1ador y consultor especializado en el dise\u00f1o de producto.<\/p>\n<p>Compagin\u00f3 su actividad profesional con la docencia en diferentes instituciones educativas, en campos tan diversos como la ergonom\u00eda o la interacci\u00f3n digital. Ha sido docente en la Hochschule f\u00fcr Gestaltung de Ofenbach y en m\u00faltiples instituciones de Europa y Am\u00e9rica Latina.<\/p>\n<p>Es autor de numerosos art\u00edculos y de varios libros que han sido traducidos a diversas lenguas.<\/p>\n","protected":false},"excerpt":{"rendered":"<p><a href=\"https:\/\/www.experimenta.es\/tienda\/producto\/diseno-historia-teoria-y-practica-del-diseno-de-producto-burdek\/\">*Tambi\u00e9n puedes comprar este libro en papel<\/a><\/p>\n<p><span style=\"color: #ff0000;\"><span style=\"color: #000000;\">Autor:<\/span> Bernhard E. B\u00fcrdek<\/span><\/p>\n<p>En esta obra, <strong>B\u00fcrdek<\/strong> se\u00f1ala que la revoluci\u00f3n digital ha\u00a0tra\u00eddo no s\u00f3lo nuevas herramientas para el dise\u00f1o, sino\u00a0una forma distinta de interacci\u00f3n social. <strong>Esta nueva\u00a0edici\u00f3n<\/strong>, ha incorporado cap\u00edtulos que se ocupan de\u00a0aspectos metodol\u00f3gicos y t\u00e9cnicos, necesarios <strong>para\u00a0comprender el papel del dise\u00f1o en un mundo en\u00a0transformaci\u00f3n.<\/strong><\/p>\n<p>\u201cCreo que he demostrado que la teor\u00eda y la pr\u00e1ctica deben estar estrechamente relacionadas. El abanico de tareas de las que se ocupa el dise\u00f1o ha cambiado y su pr\u00e1ctica ha pasado de ocuparse de productos individuales a complejos problemas sist\u00e9micos. Hoy d\u00eda, son los efectos masivos de la digitalizaci\u00f3n los que colocan el dise\u00f1o ante estos desaf\u00edos completamente nuevos. No s\u00f3lo est\u00e1 cambiando la actividad pr\u00e1ctica sino muy particularmente la educaci\u00f3n, que no puede evitar verse afectada por todos estos cambios.\u201d<br \/>\n<strong>Bernhard E. B\u00fcrdek<\/strong><\/p>\n<p>Puedes comprar este EPUB en: Amazon, Apple Books, Casa Del Libro, El Corte Ingl\u00e9s, Indigo, Kobo, Livraria Cultura, Per\u00fa eBooks, Siglo del Hombre, Tagusbooks&#8230;<br \/>\nAmazon: <a href=\"http:\/\/www.amazon.es\/gp\/product\/B08LMK8MGZ\/ref=as_li_tl?ie=UTF8&amp;creativeASIN=B08LMK8MGZ&amp;linkCode=as2\">Espa\u00f1a<\/a>\u00a0| <a href=\"http:\/\/www.amazon.com\/gp\/product\/B08LMK8MGZ\/ref=as_li_tl?ie=UTF8&amp;creativeASIN=B08LMK8MGZ&amp;linkCode=as2\">Estados Unidos<\/a>\u00a0| <a href=\"http:\/\/www.amazon.com.mx\/gp\/product\/B08LMK8MGZ\/ref=as_li_tl?ie=UTF8&amp;creativeASIN=B08LMK8MGZ&amp;linkCode=as2\">Mexico<\/a><br \/>\nApple Books: <a href=\"http:\/\/itunes.apple.com\/es\/book\/id1536911490\">Espa\u00f1a<\/a>\u00a0| <a href=\"http:\/\/itunes.apple.com\/us\/book\/id1536911490\">Estados Unidos<\/a>\u00a0| <a href=\"http:\/\/itunes.apple.com\/mx\/book\/id1536911490\">Mexico<\/a><br \/>\n<a href=\"https:\/\/www.casadellibro.com\/ebook-diseno-ebook\/9788418049316\/11846710\">La Casa del Libro<\/a><br \/>\n<a href=\"http:\/\/www.elcorteingles.es\/ebooks\/search\/?s=9788418049316\">El Corte Ingl\u00e9s<\/a><\/p>\n<ul class=\"a-unordered-list a-nostyle a-vertical a-spacing-none detail-bullet-list\">\n<li><span class=\"a-list-item\"><span class=\"a-text-bold\">Idioma:\u00a0<\/span>Espa\u00f1ol<\/span><\/li>\n<li>ISBN: 9788418049316<\/li>\n<li><span class=\"a-list-item\"><span class=\"a-text-bold\">Editorial : <\/span>Experimenta Libros<\/span><\/li>\n<li>Formato: EPUB con DRM<\/li>\n<li><span class=\"a-list-item\"><span class=\"a-text-bold\">Tipograf\u00eda mejorada : <\/span>Activado<\/span><\/li>\n<li>Interior: color<\/li>\n<\/ul>\n","protected":false},"featured_media":58283,"comment_status":"open","ping_status":"closed","template":"","meta":[],"product_cat":[9892,9801],"product_tag":[9764,9638,9641,9763,9762,9765,9778],"jetpack_sharing_enabled":true,"_links":{"self":[{"href":"https:\/\/www.experimenta.es\/tienda\/wp-json\/wp\/v2\/product\/58282"}],"collection":[{"href":"https:\/\/www.experimenta.es\/tienda\/wp-json\/wp\/v2\/product"}],"about":[{"href":"https:\/\/www.experimenta.es\/tienda\/wp-json\/wp\/v2\/types\/product"}],"replies":[{"embeddable":true,"href":"https:\/\/www.experimenta.es\/tienda\/wp-json\/wp\/v2\/comments?post=58282"}],"wp:featuredmedia":[{"embeddable":true,"href":"https:\/\/www.experimenta.es\/tienda\/wp-json\/wp\/v2\/media\/58283"}],"wp:attachment":[{"href":"https:\/\/www.experimenta.es\/tienda\/wp-json\/wp\/v2\/media?parent=58282"}],"wp:term":[{"taxonomy":"product_cat","embeddable":true,"href":"https:\/\/www.experimenta.es\/tienda\/wp-json\/wp\/v2\/product_cat?post=58282"},{"taxonomy":"product_tag","embeddable":true,"href":"https:\/\/www.experimenta.es\/tienda\/wp-json\/wp\/v2\/product_tag?post=58282"}],"curies":[{"name":"wp","href":"https:\/\/api.w.org\/{rel}","templated":true}]}}