{"id":58353,"date":"2020-12-13T19:31:32","date_gmt":"2020-12-13T18:31:32","guid":{"rendered":"https:\/\/www.experimenta.es\/tienda\/?post_type=product&#038;p=58353"},"modified":"2025-08-07T12:11:26","modified_gmt":"2025-08-07T10:11:26","slug":"formas-do-deseno-galicia-xxi","status":"publish","type":"product","link":"https:\/\/www.experimenta.es\/tienda\/producto\/formas-do-deseno-galicia-xxi\/","title":{"rendered":"Formas do dese\u00f1o. Galicia XXI."},"content":{"rendered":"<p>La idea de <em>Formas do dese\u00f1o. Galicia XXI<\/em> es proyectar lo que se est\u00e1 haciendo en Galicia en el \u00e1mbito del dise\u00f1o, pero tambi\u00e9n fuera, donde muchos dise\u00f1adores y dise\u00f1adoras de Galicia est\u00e1n protagonizando trabajos de gran calidad y relevancia. Todo, sin dejar de tener un ojo en el espejo retrovisor, revisando lo logrado a partir de un punto de vista simb\u00f3lico: <strong>la publicaci\u00f3n del Manifiesto del Laboratorio de Formas de Galicia editado en 1970<\/strong>, que entre sus primeras acciones incluia el renacimiento de la f\u00e1brica de Sargadelos y la creaci\u00f3n del Museo de Arte Carlos Maside.<\/p>\n<p><em>Formas do dese\u00f1o. Galicia XXI<\/em> recoge la exposici\u00f3n que se dividi\u00f3 en dos partes: <strong>una introducci\u00f3n de esas tres d\u00e9cadas de despertar y modernizaci\u00f3n<\/strong>, desde los primeros a\u00f1os setenta a los \u00faltimos noventa, cuando surgen en Galicia una serie de profesionales del dise\u00f1o que comienzan a trabajar con una conciencia de lo que significa ser dise\u00f1adores y dise\u00f1adoras; y <strong>un cuerpo principal que coincide con el cambio de milenio y que supone un relevo generacional<\/strong> con la incorporaci\u00f3n al mercado laboral de una generaci\u00f3n de dise\u00f1adores y dise\u00f1adoras ya formados en Galicia.<\/p>\n","protected":false},"excerpt":{"rendered":"<p><span style=\"color: #ff0000;\"><span style=\"color: #000000;\">Autores:\u00a0<\/span><\/span><span lang=\"ES\" style=\"color: #ff0000;\">David Barro, M\u00f3nica Maneiro<\/span><\/p>\n<div>Edici\u00f3n biling\u00fce (Galego\/Espa\u00f1ol)<\/div>\n<p>La intenci\u00f3n de <em>Formas do dese\u00f1o. Galicia XXI<\/em> es la de <strong>ayudar a construir un relato desde el presente del potencial creativo de Galicia en el \u00e1mbito del dise\u00f1o.<\/strong> Porque el dise\u00f1o es la pieza que falta en muchas de nuestras empresas, pero tambi\u00e9n resulta clave para entender una cultura, la nuestra, y una identidad, aunque hoy las influencias son, m\u00e1s que nunca, universales.<\/p>\n<p>&nbsp;<\/p>\n<p>\u00b7 ISBN: 978-84-88484-40-6<br \/>\n\u00b7 Medidas: 16,5 x 24 cm<br \/>\n\u00b7 P\u00e1ginas: 224<br \/>\n\u00b7 Impresi\u00f3n interior: color<br \/>\n\u00b7 Encuadernaci\u00f3n: r\u00fastica<\/p>\n","protected":false},"featured_media":58354,"comment_status":"open","ping_status":"closed","template":"","meta":[],"product_cat":[9892,7313],"product_tag":[9806,9591,9641,9807,9707,9762,9765],"jetpack_sharing_enabled":true,"_links":{"self":[{"href":"https:\/\/www.experimenta.es\/tienda\/wp-json\/wp\/v2\/product\/58353"}],"collection":[{"href":"https:\/\/www.experimenta.es\/tienda\/wp-json\/wp\/v2\/product"}],"about":[{"href":"https:\/\/www.experimenta.es\/tienda\/wp-json\/wp\/v2\/types\/product"}],"replies":[{"embeddable":true,"href":"https:\/\/www.experimenta.es\/tienda\/wp-json\/wp\/v2\/comments?post=58353"}],"wp:featuredmedia":[{"embeddable":true,"href":"https:\/\/www.experimenta.es\/tienda\/wp-json\/wp\/v2\/media\/58354"}],"wp:attachment":[{"href":"https:\/\/www.experimenta.es\/tienda\/wp-json\/wp\/v2\/media?parent=58353"}],"wp:term":[{"taxonomy":"product_cat","embeddable":true,"href":"https:\/\/www.experimenta.es\/tienda\/wp-json\/wp\/v2\/product_cat?post=58353"},{"taxonomy":"product_tag","embeddable":true,"href":"https:\/\/www.experimenta.es\/tienda\/wp-json\/wp\/v2\/product_tag?post=58353"}],"curies":[{"name":"wp","href":"https:\/\/api.w.org\/{rel}","templated":true}]}}