{"id":58370,"date":"2020-12-13T20:13:49","date_gmt":"2020-12-13T19:13:49","guid":{"rendered":"https:\/\/www.experimenta.es\/tienda\/?post_type=product&#038;p=58370"},"modified":"2023-10-02T12:38:26","modified_gmt":"2023-10-02T10:38:26","slug":"drift-miradas-cruzadas-entre-diseno-y-arte-contemporaneo","status":"publish","type":"product","link":"https:\/\/www.experimenta.es\/tienda\/producto\/drift-miradas-cruzadas-entre-diseno-y-arte-contemporaneo\/","title":{"rendered":"DRIFT. Miradas cruzadas entre dise\u00f1o y arte contempor\u00e1neo"},"content":{"rendered":"<p>La exposici\u00f3n part\u00eda de la siguiente premisa: el dise\u00f1o ha conquistado definitivamente el terreno del arte contempor\u00e1neo, ya sea a partir de generar obras bellas \u2014en ocasiones poco funcionales y que, en muchos casos, se han adelantado a logros posteriores del arte\u2014, o bien atendiendo a c\u00f3mo el arte ha abrazado al dise\u00f1o a la hora de abordar sus presentaciones. De ah\u00ed que la intenci\u00f3n de la exposici\u00f3n no fuera otra que caminar por la historia del dise\u00f1o m\u00e1s cercano y paradigm\u00e1tico a modo de necesario acercamiento hist\u00f3rico, entendiendo que solo conociendo sus diferentes relatos podremos comprender las formas del arte actual.<\/p>\n<p>La publicaci\u00f3n recoge un extenso ensayo en el que se narran distintas situaciones de la historia del dise\u00f1o y que sirven, a su vez, para mostrar otras visiones de la historia del arte en funci\u00f3n de la relaci\u00f3n de ambas disciplinas. La publicaci\u00f3n se presenta en un llamativo formato marcado por unos cortes en las esquinas a cuarenta y cinco grados. La gr\u00e1fica de portada se expande desde la inicial del t\u00edtulo de la publicaci\u00f3n, y esto marca el propio formato del libro que se convierte en una gran letra D.<\/p>\n","protected":false},"excerpt":{"rendered":"<p><span style=\"color: #ff0000;\"><span style=\"color: #000000;\">Autor: <span style=\"color: #ff0000;\">David Barro<\/span><\/span><\/span><\/p>\n<p>Con motivo de la exposici\u00f3n hom\u00f3nima celebrada en el MAC \u2014Museo de Arte Contempor\u00e1neo de la Fundaci\u00f3n Naturgy\u2014 en A Coru\u00f1a durante los \u00faltimos meses de 2018, la editorial DARDO (Cristina Moralejo) dise\u00f1a este libro en el que David Barro, comisario de la exposici\u00f3n y autor de los textos, <strong>analiza las relaciones existentes entre arte contempor\u00e1neo y dise\u00f1o.<\/strong><\/p>\n<p>&nbsp;<\/p>\n<p>\u00b7 ISBN: 978-84-09-01286-2<br \/>\n\u00b7 Medidas: 17 x 24 cm<br \/>\n\u00b7 P\u00e1ginas: 288<br \/>\n\u00b7 Impresi\u00f3n interior: color<br \/>\n\u00b7 Encuadernaci\u00f3n: r\u00fastica<\/p>\n","protected":false},"featured_media":58371,"comment_status":"open","ping_status":"closed","template":"","meta":[],"product_cat":[9897,9892,7313],"product_tag":[9806,9591,9641,9807,9707,9763,9762,9765],"jetpack_sharing_enabled":true,"_links":{"self":[{"href":"https:\/\/www.experimenta.es\/tienda\/wp-json\/wp\/v2\/product\/58370"}],"collection":[{"href":"https:\/\/www.experimenta.es\/tienda\/wp-json\/wp\/v2\/product"}],"about":[{"href":"https:\/\/www.experimenta.es\/tienda\/wp-json\/wp\/v2\/types\/product"}],"replies":[{"embeddable":true,"href":"https:\/\/www.experimenta.es\/tienda\/wp-json\/wp\/v2\/comments?post=58370"}],"wp:featuredmedia":[{"embeddable":true,"href":"https:\/\/www.experimenta.es\/tienda\/wp-json\/wp\/v2\/media\/58371"}],"wp:attachment":[{"href":"https:\/\/www.experimenta.es\/tienda\/wp-json\/wp\/v2\/media?parent=58370"}],"wp:term":[{"taxonomy":"product_cat","embeddable":true,"href":"https:\/\/www.experimenta.es\/tienda\/wp-json\/wp\/v2\/product_cat?post=58370"},{"taxonomy":"product_tag","embeddable":true,"href":"https:\/\/www.experimenta.es\/tienda\/wp-json\/wp\/v2\/product_tag?post=58370"}],"curies":[{"name":"wp","href":"https:\/\/api.w.org\/{rel}","templated":true}]}}