{"id":58377,"date":"2020-12-13T20:22:53","date_gmt":"2020-12-13T19:22:53","guid":{"rendered":"https:\/\/www.experimenta.es\/tienda\/?post_type=product&#038;p=58377"},"modified":"2024-05-24T03:51:12","modified_gmt":"2024-05-24T01:51:12","slug":"ma-ra-vi-llo-so","status":"publish","type":"product","link":"https:\/\/www.experimenta.es\/tienda\/producto\/ma-ra-vi-llo-so\/","title":{"rendered":"ma-ra-vi-llo-so"},"content":{"rendered":"<p>MA-RA-VI-LLO-SO\u00a0tambi\u00e9n es <strong>una ayuda para entender qu\u00e9 esperan los alumnos de unos estudios extraordinariamente ecl\u00e9cticos desde el punto de vista profesional y creativo<\/strong> pero que, quiz\u00e1s, contin\u00faen condicionados por los t\u00f3picos: la idea rom\u00e1ntica del artista genial, solitario, pobre, rebelde y atormentado, que sigue aliment\u00e1ndose en el imaginario colectivo, sobre todo en lo concerniente a la titulaci\u00f3n en Bellas Artes.<\/p>\n<p>Este libro, que <strong>encuentra caminos comunes en el arte y la moda<\/strong>, en una industria que busca su desarrollo \u2013tanto en Espa\u00f1a en general, como en Galicia- aunando talento, creatividad y dinamizaci\u00f3n productiva.<\/p>\n","protected":false},"excerpt":{"rendered":"<p><span style=\"color: #ff0000;\"><span style=\"color: #000000;\">Autora: <span style=\"color: #ff0000;\">Susana Cend\u00e1n<\/span><\/span><\/span><\/p>\n<div><span lang=\"ES\">Ilustraciones:\u00a0<\/span>Nono Bandera, Nuria Bouzas Loureiro<\/div>\n<div><span lang=\"ES\">Tipograf\u00eda: Isaac Sans (Marcos Dopico)<\/span><\/div>\n<p>El contenido de este libro es, en buena medida, fruto de las experiencias recopiladas por la autora a lo largo de casi veinte a\u00f1os de docencia en la Facultad de Bellas Artes de Pontevedra y Esdemga (Escuela de Moda de Galicia. Universidad de Vigo). El punto de partida es un sencillo ejercicio de inicio de curso que acabar\u00eda convirti\u00e9ndose en <strong>una interesante herramienta para reflexionar sobre las ideas preconcebidas, inquietudes y objetivos con los que se inicia el alumnado en el mundo universitario<\/strong>.<\/p>\n<p>&nbsp;<\/p>\n<p>\u00b7 ISBN: 978-84-92772-64-3<br \/>\n\u00b7 Medidas: 15 x 21 cm<br \/>\n\u00b7 P\u00e1ginas: 96<br \/>\n\u00b7 Impresi\u00f3n interior: color<br \/>\n\u00b7 Encuadernaci\u00f3n: r\u00fastica<\/p>\n","protected":false},"featured_media":58378,"comment_status":"open","ping_status":"closed","template":"","meta":[],"product_cat":[9897,9898,7313],"product_tag":[9806,9591,9641,9807,9707,9763,9762,9765],"jetpack_sharing_enabled":true,"_links":{"self":[{"href":"https:\/\/www.experimenta.es\/tienda\/wp-json\/wp\/v2\/product\/58377"}],"collection":[{"href":"https:\/\/www.experimenta.es\/tienda\/wp-json\/wp\/v2\/product"}],"about":[{"href":"https:\/\/www.experimenta.es\/tienda\/wp-json\/wp\/v2\/types\/product"}],"replies":[{"embeddable":true,"href":"https:\/\/www.experimenta.es\/tienda\/wp-json\/wp\/v2\/comments?post=58377"}],"wp:featuredmedia":[{"embeddable":true,"href":"https:\/\/www.experimenta.es\/tienda\/wp-json\/wp\/v2\/media\/58378"}],"wp:attachment":[{"href":"https:\/\/www.experimenta.es\/tienda\/wp-json\/wp\/v2\/media?parent=58377"}],"wp:term":[{"taxonomy":"product_cat","embeddable":true,"href":"https:\/\/www.experimenta.es\/tienda\/wp-json\/wp\/v2\/product_cat?post=58377"},{"taxonomy":"product_tag","embeddable":true,"href":"https:\/\/www.experimenta.es\/tienda\/wp-json\/wp\/v2\/product_tag?post=58377"}],"curies":[{"name":"wp","href":"https:\/\/api.w.org\/{rel}","templated":true}]}}