{"id":58384,"date":"2020-12-13T20:34:00","date_gmt":"2020-12-13T19:34:00","guid":{"rendered":"https:\/\/www.experimenta.es\/tienda\/?post_type=product&#038;p=58384"},"modified":"2025-10-31T12:53:04","modified_gmt":"2025-10-31T11:53:04","slug":"irene-grau","status":"publish","type":"product","link":"https:\/\/www.experimenta.es\/tienda\/producto\/irene-grau\/","title":{"rendered":"Irene Grau"},"content":{"rendered":"<p>Junto a su proyecto para el MMoCA de Madison, en Estados Unidos, en el que buscaba la participaci\u00f3n del espectador, o su instalaci\u00f3n Caer y rodar, resultado de su residencia en el Ateli\u00ear Fidalga en S\u00e3o Paulo, proyectos como <em>Ning\u00fan lugar en particular<\/em>, que le vali\u00f3 el premio Generaci\u00f3n 2018 en Casa Encendida, conviven en el libro con otros trabajos anteriores como su serie <em>Color Field<\/em>, realizada entre 2014 y 2015 y que supuso un antes y un despu\u00e9s en su incipiente y prometedora carrera art\u00edstica.<\/p>\n<p>El libro, envuelto por una cubierta totalmente inundada de naturaleza creada a trav\u00e9s de im\u00e1genes impresas a una sola tinta <strong>sobre cartulina especial verde, juega con un dise\u00f1o en el que las im\u00e1genes son protagonistas esenciales dando relevancia especial a la obra.<\/strong> Estas se contextualizan con textos de presentaci\u00f3n de los diversos proyectos, y el <strong>sustento te\u00f3rico lo dan los escritos de los comisarios \u00c1ngel Calvo Ulloa y Brett M. Levine y sendas conversaciones mantenidas por la artista con el tambi\u00e9n pintor \u00c1lvaro Negro y el escritor Enrique Vila-Matas. <\/strong><\/p>\n","protected":false},"excerpt":{"rendered":"<p><span style=\"color: #ff0000;\"><span style=\"color: #000000;\">Autores: <span style=\"color: #ff0000;\">Irene Grau,<\/span>\u00a0<span style=\"color: #ff0000;\">\u00c1ngel Calvo Ulloa, \u00c1lvaro Negro, Enrique Vila-Matas, Brett M Levine,\u00a0<\/span><\/span><\/span><\/p>\n<div>Edici\u00f3n biling\u00fce (Espa\u00f1ol\/Ingl\u00e9s)<\/div>\n<p>&nbsp;<\/p>\n<p>La editorial DARDO y la Fundaci\u00f3n DIDAC editan esta publicaci\u00f3n biling\u00fce ingl\u00e9s-espa\u00f1ol, en la que se recogen <strong>las obras m\u00e1s destacadas de la artista valenciana Irene Grau<\/strong> durante los \u00faltimos a\u00f1os. En su trabajo la pintura se despliega como un <em>work in progress<\/em> que tiene en la acci\u00f3n de caminar un espacio de tr\u00e1nsito en el que desarrollarse fuera del taller o el espacio expositivo, para luego volver a estos en forma de registro y acci\u00f3n.<\/p>\n<p>&nbsp;<\/p>\n<p>\u00b7 ISBN: 978-84-92772-62-9<br \/>\n\u00b7 Medidas: 15,5 x 22 cm<br \/>\n\u00b7 P\u00e1ginas: 216<br \/>\n\u00b7 Impresi\u00f3n interior: color<br \/>\n\u00b7 Encuadernaci\u00f3n: r\u00fastica con guarda<\/p>\n","protected":false},"featured_media":58385,"comment_status":"open","ping_status":"closed","template":"","meta":[],"product_cat":[9897,7313],"product_tag":[9806,9591,9641,9807,9707,9762,9765],"jetpack_sharing_enabled":true,"_links":{"self":[{"href":"https:\/\/www.experimenta.es\/tienda\/wp-json\/wp\/v2\/product\/58384"}],"collection":[{"href":"https:\/\/www.experimenta.es\/tienda\/wp-json\/wp\/v2\/product"}],"about":[{"href":"https:\/\/www.experimenta.es\/tienda\/wp-json\/wp\/v2\/types\/product"}],"replies":[{"embeddable":true,"href":"https:\/\/www.experimenta.es\/tienda\/wp-json\/wp\/v2\/comments?post=58384"}],"wp:featuredmedia":[{"embeddable":true,"href":"https:\/\/www.experimenta.es\/tienda\/wp-json\/wp\/v2\/media\/58385"}],"wp:attachment":[{"href":"https:\/\/www.experimenta.es\/tienda\/wp-json\/wp\/v2\/media?parent=58384"}],"wp:term":[{"taxonomy":"product_cat","embeddable":true,"href":"https:\/\/www.experimenta.es\/tienda\/wp-json\/wp\/v2\/product_cat?post=58384"},{"taxonomy":"product_tag","embeddable":true,"href":"https:\/\/www.experimenta.es\/tienda\/wp-json\/wp\/v2\/product_tag?post=58384"}],"curies":[{"name":"wp","href":"https:\/\/api.w.org\/{rel}","templated":true}]}}