{"id":58386,"date":"2020-12-13T20:44:52","date_gmt":"2020-12-13T19:44:52","guid":{"rendered":"https:\/\/www.experimenta.es\/tienda\/?post_type=product&#038;p=58386"},"modified":"2025-10-31T12:52:43","modified_gmt":"2025-10-31T11:52:43","slug":"luis-seoane-deseno-e-diferenza","status":"publish","type":"product","link":"https:\/\/www.experimenta.es\/tienda\/producto\/luis-seoane-deseno-e-diferenza\/","title":{"rendered":"Luis Seoane. Dese\u00f1o e diferenza"},"content":{"rendered":"<p><strong>Editada a modo de libreta con los cantos troquelados, se presenta en un formato ligero y transportable<\/strong> que, junto a la calidez y tacto del papel, facilita la lectura. La cubierta, monocroma y con el nombre del artista estampado en blanco, hace referencia a la paleta crom\u00e1tica con combinaci\u00f3n del amarillo, muy presente en el trabajo de Seoane. En el interior, la viveza y el color de las im\u00e1genes de las obras entra en armon\u00eda con el color utilizado en los caracteres del texto en gallego que, junto al cambio de tipograf\u00eda, diferencian la lectura en cada uno de los dos idiomas que discurren en paralelo.<\/p>\n<p><strong>El resultado es un dise\u00f1o fresco y de f\u00e1cil manejo<\/strong>, en consonancia con un texto que aporta una visi\u00f3n contempor\u00e1nea de uno de los artistas clave de la vanguardia gallega.<\/p>\n","protected":false},"excerpt":{"rendered":"<p><span style=\"color: #ff0000;\"><span style=\"color: #000000;\">Autores:\u00a0<span style=\"color: #ff0000;\">David Barro,\u00a0Carmela Montero<\/span><\/span><\/span><\/p>\n<div>Edici\u00f3n biling\u00fce (Galego\/Espa\u00f1ol)<\/div>\n<div><\/div>\n<p><em>Luis Seoane. Dese\u00f1o e diferenza<\/em> es una de las \u00faltimas publicaciones dise\u00f1ada y editada por Dardo y escrita por David Barro con motivo de la exposici\u00f3n del mismo nombre en que se repasa la trayectoria de uno de los artistas gallegos m\u00e1s relevantes del siglo xx.<\/p>\n<p>&nbsp;<\/p>\n<p>\u00b7 ISBN: 978-84-92772-61-2<br \/>\n\u00b7 Medidas: 17 x 24 cm<br \/>\n\u00b7 P\u00e1ginas: 120<br \/>\n\u00b7 Impresi\u00f3n interior: color<br \/>\n\u00b7 Encuadernaci\u00f3n: r\u00fastica<\/p>\n","protected":false},"featured_media":58387,"comment_status":"open","ping_status":"closed","template":"","meta":[],"product_cat":[9897,9892,7313],"product_tag":[9806,9591,9641,9807,9707,9762,9765],"jetpack_sharing_enabled":true,"_links":{"self":[{"href":"https:\/\/www.experimenta.es\/tienda\/wp-json\/wp\/v2\/product\/58386"}],"collection":[{"href":"https:\/\/www.experimenta.es\/tienda\/wp-json\/wp\/v2\/product"}],"about":[{"href":"https:\/\/www.experimenta.es\/tienda\/wp-json\/wp\/v2\/types\/product"}],"replies":[{"embeddable":true,"href":"https:\/\/www.experimenta.es\/tienda\/wp-json\/wp\/v2\/comments?post=58386"}],"wp:featuredmedia":[{"embeddable":true,"href":"https:\/\/www.experimenta.es\/tienda\/wp-json\/wp\/v2\/media\/58387"}],"wp:attachment":[{"href":"https:\/\/www.experimenta.es\/tienda\/wp-json\/wp\/v2\/media?parent=58386"}],"wp:term":[{"taxonomy":"product_cat","embeddable":true,"href":"https:\/\/www.experimenta.es\/tienda\/wp-json\/wp\/v2\/product_cat?post=58386"},{"taxonomy":"product_tag","embeddable":true,"href":"https:\/\/www.experimenta.es\/tienda\/wp-json\/wp\/v2\/product_tag?post=58386"}],"curies":[{"name":"wp","href":"https:\/\/api.w.org\/{rel}","templated":true}]}}