{"id":58400,"date":"2020-12-13T21:53:10","date_gmt":"2020-12-13T20:53:10","guid":{"rendered":"https:\/\/www.experimenta.es\/tienda\/?post_type=product&#038;p=58400"},"modified":"2025-10-31T12:52:05","modified_gmt":"2025-10-31T11:52:05","slug":"patrick-hamilton-la-historia-a-contraluz","status":"publish","type":"product","link":"https:\/\/www.experimenta.es\/tienda\/producto\/patrick-hamilton-la-historia-a-contraluz\/","title":{"rendered":"Patrick Hamilton: la historia a contraluz"},"content":{"rendered":"<p>En palabras de David Barro \u201cLas obras de Patrick Hamilton guardan la ordenada tensi\u00f3n de la exactitud manual con la misma dedicaci\u00f3n que el artista ha seleccionado a los autores de los textos de este libro. Porque un escultor precisa de tiempo, como el artesano, y Patrick Hamilton se mancha las manos para conseguir su abstracci\u00f3n sucia y proletaria. Mientras, a la hora de construir la historia cr\u00edticamente, no anda muy lejos de aquel construir eliminando de Giacometti. Porque \u00fanicamente es capaz de proteger su cultura quien tiene la osad\u00eda de destilarla y revelarla para renovarla, trabajando el fuera de campo.\u201d<\/p>\n","protected":false},"excerpt":{"rendered":"<p><span style=\"color: #ff0000;\"><span style=\"color: #000000;\">Autores: <span style=\"color: #ff0000;\">Federico Galende, Miguel \u00c1ngel Hern\u00e1ndez, Guillermo Machuca, Nelly Richard<\/span><\/span><\/span><\/p>\n<div>\n<p>Fotograf\u00eda:\u00a0Roi Alonso, Rafael Garc\u00eda, Bartosz G\u00f3rka, Patrick Hamilton, Bruno Lopes<\/p>\n<p>Editado por Fundaci\u00f3n DIDAC y DARDO a prop\u00f3sito de la exposici\u00f3n <em>Patrick Hamilton. El ladrillo II<\/em> que tuvo lugar en la Fundaci\u00f3n DIDAC, este libro realiza un recorrido por los \u00faltimos trabajos del artista chileno.<\/p>\n<\/div>\n<div>La publicaci\u00f3n incluye una introducci\u00f3n de David Barro, comisario de la exposici\u00f3n y textos de Federico Galende, Miguel \u00c1ngel Hern\u00e1ndez, Guillermo Machuca, as\u00ed como una conversaci\u00f3n con Nelly Richard.<\/div>\n<p>&nbsp;<\/p>\n<p>\u00b7 ISBN: 978-84-92772-70-4<br \/>\n\u00b7 Medidas: 17 x 24 cm<br \/>\n\u00b7 P\u00e1ginas: 160<br \/>\n\u00b7 Impresi\u00f3n interior: color<br \/>\n\u00b7 Encuadernaci\u00f3n: r\u00fastica<\/p>\n","protected":false},"featured_media":58401,"comment_status":"open","ping_status":"closed","template":"","meta":[],"product_cat":[9897,7313],"product_tag":[9713,9806,9641,9807,9763,9762,9765],"jetpack_sharing_enabled":true,"_links":{"self":[{"href":"https:\/\/www.experimenta.es\/tienda\/wp-json\/wp\/v2\/product\/58400"}],"collection":[{"href":"https:\/\/www.experimenta.es\/tienda\/wp-json\/wp\/v2\/product"}],"about":[{"href":"https:\/\/www.experimenta.es\/tienda\/wp-json\/wp\/v2\/types\/product"}],"replies":[{"embeddable":true,"href":"https:\/\/www.experimenta.es\/tienda\/wp-json\/wp\/v2\/comments?post=58400"}],"wp:featuredmedia":[{"embeddable":true,"href":"https:\/\/www.experimenta.es\/tienda\/wp-json\/wp\/v2\/media\/58401"}],"wp:attachment":[{"href":"https:\/\/www.experimenta.es\/tienda\/wp-json\/wp\/v2\/media?parent=58400"}],"wp:term":[{"taxonomy":"product_cat","embeddable":true,"href":"https:\/\/www.experimenta.es\/tienda\/wp-json\/wp\/v2\/product_cat?post=58400"},{"taxonomy":"product_tag","embeddable":true,"href":"https:\/\/www.experimenta.es\/tienda\/wp-json\/wp\/v2\/product_tag?post=58400"}],"curies":[{"name":"wp","href":"https:\/\/api.w.org\/{rel}","templated":true}]}}