{"id":58407,"date":"2020-12-13T22:03:40","date_gmt":"2020-12-13T21:03:40","guid":{"rendered":"https:\/\/www.experimenta.es\/tienda\/?post_type=product&#038;p=58407"},"modified":"2026-03-17T08:50:54","modified_gmt":"2026-03-17T07:50:54","slug":"olivetti-a-unidade-na-diversidade","status":"publish","type":"product","link":"https:\/\/www.experimenta.es\/tienda\/producto\/olivetti-a-unidade-na-diversidade\/","title":{"rendered":"Olivetti, a unidade na diversidade."},"content":{"rendered":"<p><strong>Olivetti<\/strong>, la empresa italiana que consigui\u00f3 fabricar m\u00e1quinas de escribir durante casi un siglo en el que fue capaz de crear modelos que se convirtieron en iconos en la historia del dise\u00f1o industrial, destacando por la forma y por los avances conseguidos por la innovaci\u00f3n en su funcionalidad as\u00ed como la importancia de la tipograf\u00eda y las diferencias en el dise\u00f1o de caracteres creados a medida para la m\u00e1quina de escribir.<\/p>\n","protected":false},"excerpt":{"rendered":"<p><span style=\"color: #ff0000;\"><span style=\"color: #000000;\">Autora: Mar\u00eda Ramos<span style=\"color: #ff0000;\">\u00a0<\/span><\/span><\/span><\/p>\n<div>Edici\u00f3n biling\u00fce (Espa\u00f1ol\/Galego)<\/div>\n<p>&nbsp;<\/p>\n<p><em><strong>Olivetti, a unidade na diversidade<\/strong><\/em> es una publicaci\u00f3n realizada por la dise\u00f1adora de tipograf\u00edas Mar\u00eda Ramos que, como parte intr\u00ednseca de su trabajo, viene revisando desde hace a\u00f1os el papel de la conocida casa italiana de m\u00e1quinas de escribir Olivetti, en el reconocimiento del important\u00edsimo papel que juega el dise\u00f1o en la consolidaci\u00f3n de una marca.<\/p>\n<p>&nbsp;<\/p>\n<p>\u00b7 ISBN: 978-84-92772-67-4<br \/>\n\u00b7 Medidas: 15 x 21 cm<br \/>\n\u00b7 P\u00e1ginas: 88<br \/>\n\u00b7 Impresi\u00f3n interior: color<br \/>\n\u00b7 Encuadernaci\u00f3n: r\u00fastica con guarda<\/p>\n","protected":false},"featured_media":58408,"comment_status":"open","ping_status":"closed","template":"","meta":[],"product_cat":[9892,7313],"product_tag":[9638,9823,9641,9807,9763,9762],"jetpack_sharing_enabled":true,"_links":{"self":[{"href":"https:\/\/www.experimenta.es\/tienda\/wp-json\/wp\/v2\/product\/58407"}],"collection":[{"href":"https:\/\/www.experimenta.es\/tienda\/wp-json\/wp\/v2\/product"}],"about":[{"href":"https:\/\/www.experimenta.es\/tienda\/wp-json\/wp\/v2\/types\/product"}],"replies":[{"embeddable":true,"href":"https:\/\/www.experimenta.es\/tienda\/wp-json\/wp\/v2\/comments?post=58407"}],"wp:featuredmedia":[{"embeddable":true,"href":"https:\/\/www.experimenta.es\/tienda\/wp-json\/wp\/v2\/media\/58408"}],"wp:attachment":[{"href":"https:\/\/www.experimenta.es\/tienda\/wp-json\/wp\/v2\/media?parent=58407"}],"wp:term":[{"taxonomy":"product_cat","embeddable":true,"href":"https:\/\/www.experimenta.es\/tienda\/wp-json\/wp\/v2\/product_cat?post=58407"},{"taxonomy":"product_tag","embeddable":true,"href":"https:\/\/www.experimenta.es\/tienda\/wp-json\/wp\/v2\/product_tag?post=58407"}],"curies":[{"name":"wp","href":"https:\/\/api.w.org\/{rel}","templated":true}]}}