{"id":58414,"date":"2020-12-13T22:13:14","date_gmt":"2020-12-13T21:13:14","guid":{"rendered":"https:\/\/www.experimenta.es\/tienda\/?post_type=product&#038;p=58414"},"modified":"2025-10-31T12:56:30","modified_gmt":"2025-10-31T11:56:30","slug":"dardomagazine-36","status":"publish","type":"product","link":"https:\/\/www.experimenta.es\/tienda\/producto\/dardomagazine-36\/","title":{"rendered":"DARDOmagazine 36"},"content":{"rendered":"<p>Del mismo modo, conversar con Michael Craig-Martin nos parec\u00eda la mejor de las opciones para entender algunas de las derivas del arte contempor\u00e1neo en las \u00faltimas d\u00e9cadas. Con ambos iniciamos esta nueva etapa, pero nuestros principios contin\u00faan en l\u00ednea con lo expresado por Thierry de Duve en el editorial de nuestro primer n\u00famero en 2006: escribir sobre lo que nos llama y nunca escribir sobre lo que nos produce indiferencia.<\/p>\n<p>SUMARIO<\/p>\n<p><strong>FRANCISCO PROVID\u00caNCIA<\/strong><br \/>\n<strong>04<\/strong> Eduardo Aires Design. Estrategias creativas minuciosas para combatir lo trivial<br \/>\n<strong>14<\/strong> Eduardo Aires Design. Comprehensive Creative Strategies to Combat the Trivial<br \/>\n<strong>DAVID BARRO <\/strong><br \/>\n<strong>24<\/strong> Palabras de oro sobre azul. Conversaci\u00f3n con Eduardo Aires<br \/>\n<strong>46<\/strong> Words of Gold on Blue. A Conversation with Eduardo Aires<br \/>\n<strong>CAROLINA GRAU<\/strong><br \/>\n<strong>04<\/strong> El arte de observar objetos cotidianos. Conversaci\u00f3n con Michael Craig-Martin<br \/>\n<strong>32<\/strong> The Art of Observing Everyday Objects. A Conversation with Michael Craig-Martin<br \/>\n<strong>MICHAEL CRAIG MARTIN<\/strong><br \/>\n<strong>64<\/strong> La pintura posterior a la pintura y otras reflexiones. Conferencia Townsend en la Slade School of Fine Art. University College London, 1997<br \/>\n<strong>88<\/strong> Post-painting Painting and Other Thoughts. Townsend Lecture at the Slade School of Fine Art. University College London, 1997<\/p>\n","protected":false},"excerpt":{"rendered":"<p><span style=\"color: #ff0000;\"><span style=\"color: #000000;\">Autores: <span style=\"color: #ff0000;\">Varios Autores<\/span><\/span><\/span><\/p>\n<div>Edici\u00f3n biling\u00fce (Espa\u00f1ol\/Ingl\u00e9s))<\/div>\n<div><\/div>\n<p>DARDOmagazine se renueva, pero su compromiso con el arte, la arquitectura y el dise\u00f1o contin\u00faa. Precisamente, un nuevo modelo de identidad corporativa para la ciudad de Oporto nos ha llevado a proponer el trabajo del dise\u00f1ador Eduardo Aires como uno de los dos primeros invitados a inaugurar esta nueva etapa.<\/p>\n<p>\u00b7 ISSN: 1886-0893<br \/>\n\u00b7 Medidas: 17 x 24 cm<br \/>\n\u00b7 P\u00e1ginas: 180<br \/>\n\u00b7 Impresi\u00f3n interior: color<br \/>\n\u00b7 Encuadernaci\u00f3n: cosido vista<\/p>\n","protected":false},"featured_media":58415,"comment_status":"open","ping_status":"closed","template":"","meta":[],"product_cat":[7311],"product_tag":[9806,9591,9641,9807,9707,9763,9762,9765],"jetpack_sharing_enabled":true,"_links":{"self":[{"href":"https:\/\/www.experimenta.es\/tienda\/wp-json\/wp\/v2\/product\/58414"}],"collection":[{"href":"https:\/\/www.experimenta.es\/tienda\/wp-json\/wp\/v2\/product"}],"about":[{"href":"https:\/\/www.experimenta.es\/tienda\/wp-json\/wp\/v2\/types\/product"}],"replies":[{"embeddable":true,"href":"https:\/\/www.experimenta.es\/tienda\/wp-json\/wp\/v2\/comments?post=58414"}],"wp:featuredmedia":[{"embeddable":true,"href":"https:\/\/www.experimenta.es\/tienda\/wp-json\/wp\/v2\/media\/58415"}],"wp:attachment":[{"href":"https:\/\/www.experimenta.es\/tienda\/wp-json\/wp\/v2\/media?parent=58414"}],"wp:term":[{"taxonomy":"product_cat","embeddable":true,"href":"https:\/\/www.experimenta.es\/tienda\/wp-json\/wp\/v2\/product_cat?post=58414"},{"taxonomy":"product_tag","embeddable":true,"href":"https:\/\/www.experimenta.es\/tienda\/wp-json\/wp\/v2\/product_tag?post=58414"}],"curies":[{"name":"wp","href":"https:\/\/api.w.org\/{rel}","templated":true}]}}