{"id":58441,"date":"2020-12-15T19:39:00","date_gmt":"2020-12-15T18:39:00","guid":{"rendered":"https:\/\/www.experimenta.es\/tienda\/?post_type=product&#038;p=58441"},"modified":"2023-10-02T12:38:31","modified_gmt":"2023-10-02T10:38:31","slug":"make-it-new-historia-del-diseno-en-silicon-valley-epub","status":"publish","type":"product","link":"https:\/\/www.experimenta.es\/tienda\/producto\/make-it-new-historia-del-diseno-en-silicon-valley-epub\/","title":{"rendered":"Make it New. Historia del dise\u00f1o en Silicon Valley (EPUB)"},"content":{"rendered":"<p>Katz rastrea los or\u00edgenes de las consultoras l\u00edderes (entre las que se encuentran IDEO, Frog Design y Lunar) y muestra el proceso por el que algunas de las compa\u00f1\u00edas m\u00e1s influyentes del mundo pusieron el dise\u00f1o en el centro de sus estrategias comerciales.<\/p>\n<p>Gracias al acceso sin precedentes a un gran n\u00famero de fuentes primarias y a entrevistas con los m\u00e1s influyentes l\u00edderes (incluidos Douglas Engelbart, Steve Jobs y Donald Norman), Katz deja ver que el dise\u00f1o era el eslab\u00f3n perdido en el ecosistema de la innovaci\u00f3n en Silicon Valley.<\/p>\n<p><em>\u201cAunque quiz\u00e1 con alg\u00fan retraso, esta obra constituye una\u00a0oportuna valoraci\u00f3n del desarrollo hist\u00f3rico del papel y las ideas\u00a0del dise\u00f1o en algunas de las instituciones m\u00e1s relevantes de la\u00a0cultura digital\u201d.<\/em><br \/>\n<strong>Jussi Parikka.<\/strong><br \/>\nLeonardo Online.<\/p>\n<p><em>\u201cLa historia de Barry Katz es un placer, tanto para los expertos\u00a0como para los lectores reci\u00e9n llegados, porque se ocupa de\u00a0s\u00edmbolos y artefactos que forman parte de la vida cotidiana\u201d.<\/em><br \/>\n<strong>Paola Antonelli<\/strong><br \/>\nCuradora senior del departamento de Arquitectura y Dise\u00f1o en el\u00a0MoMA y, en la actualidad,\u00a0directora de Investigaci\u00f3n y Desarrollo en esa misma instituci\u00f3n.<\/p>\n<p>SOBRE EL AUTOR<br \/>\n<strong>Barry M. Katz<\/strong> es profesor de dise\u00f1o industrial y dise\u00f1o de interacci\u00f3n en el California College of the Arts; es tambi\u00e9n consultor en el grupo de dise\u00f1o del departamento de Ingenier\u00eda Mec\u00e1nica en la Universidad de Stanford y miembro de la prestigiosa compa\u00f1\u00eda IDEO. Junto a Tim Brown, escribi\u00f3 el conocido libro <strong>Change by Design<\/strong> y con Branko Lukic <strong>NONOBJECT<\/strong>, publicado por MIT Press.<\/p>\n","protected":false},"excerpt":{"rendered":"<p><a href=\"https:\/\/www.experimenta.es\/tienda\/producto\/make-it-new-historia-del-diseno-en-silicon-valley\/\">*Tambi\u00e9n puedes comprar este libro en papel<\/a><\/p>\n<p><span style=\"color: #ff0000;\"><span style=\"color: #000000;\">Autor:<\/span> Barry M. Katz<\/span><\/p>\n<p>Pr\u00f3logo: John Maeda<br \/>\nTraducci\u00f3n: Eugenio Vega<\/p>\n<p>El conocido Silicon Valley en California alberga la mayor concentraci\u00f3n de dise\u00f1adores del mundo. En Make it New. Historia del dise\u00f1o en Silicon Valley, Barry M. Katz cuenta c\u00f3mo el dise\u00f1o ayud\u00f3 a transformar ese lugar en el motor de la innovaci\u00f3n m\u00e1s poderoso del mundo. Desde Hewlett-Packard y Ampex en los a\u00f1os cincuenta, a Google o Facebook hoy, el dise\u00f1o ha construido un verdadero puente entre la investigaci\u00f3n y el desarrollo, entre el arte y la ingenier\u00eda, y entre el rendimiento t\u00e9cnico y el comportamiento humano.<\/p>\n<p>Puedes comprar este EPUB en: Amazon, Apple Books, Casa Del Libro, El Corte Ingl\u00e9s, Indigo, Kobo, Livraria Cultura, Per\u00fa eBooks, Siglo del Hombre, Tagusbooks&#8230;<br \/>\nAmazon: <a href=\"http:\/\/www.amazon.es\/gp\/product\/B08LNJ6CBK\/ref=as_li_tl?ie=UTF8&amp;creativeASIN=B08LNJ6CBK&amp;linkCode=as2\">Espa\u00f1a<\/a>\u00a0| <a href=\"http:\/\/www.amazon.com\/gp\/product\/B08LNJ6CBK\/ref=as_li_tl?ie=UTF8&amp;creativeASIN=B08LNJ6CBK&amp;linkCode=as2\">Estados Unidos<\/a>\u00a0| <a href=\"http:\/\/www.amazon.com.mx\/gp\/product\/B08LNJ6CBK\/ref=as_li_tl?ie=UTF8&amp;creativeASIN=B08LNJ6CBK&amp;linkCode=as2\">Mexico<\/a><br \/>\nApple Books: <a href=\"http:\/\/itunes.apple.com\/es\/book\/id1536915661\">Espa\u00f1a<\/a>\u00a0| <a href=\"http:\/\/itunes.apple.com\/us\/book\/id1536915661\">Estados Unidos<\/a>\u00a0| <a href=\"http:\/\/itunes.apple.com\/mx\/book\/id1536915661\">Mexico<\/a><br \/>\n<a href=\"https:\/\/www.casadellibro.com\/ebook-make-it-new-ebook\/9788418049330\/11846703\">La Casa del Libro<\/a><br \/>\n<a href=\"http:\/\/www.elcorteingles.es\/ebooks\/search\/?s=9788418049330\">El Corte Ingl\u00e9s<\/a><\/p>\n<ul class=\"a-unordered-list a-nostyle a-vertical a-spacing-none detail-bullet-list\">\n<li><span class=\"a-list-item\"><span class=\"a-text-bold\">Idioma:\u00a0<\/span>Espa\u00f1ol<\/span><\/li>\n<li>ISBN: 9788418049330<\/li>\n<li><span class=\"a-list-item\"><span class=\"a-text-bold\">Editorial : <\/span>Experimenta Libros<\/span><\/li>\n<li>Formato: EPUB con DRM<\/li>\n<li><span class=\"a-list-item\"><span class=\"a-text-bold\">Tipograf\u00eda mejorada : <\/span>Activado<\/span><\/li>\n<li>Interior: negro con im\u00e1genes a color<\/li>\n<\/ul>\n","protected":false},"featured_media":58442,"comment_status":"open","ping_status":"closed","template":"","meta":[],"product_cat":[9892,9801],"product_tag":[9764,9638,9777,9641,9794,9770,9763,9714,9762,9771,9786,9778],"jetpack_sharing_enabled":true,"_links":{"self":[{"href":"https:\/\/www.experimenta.es\/tienda\/wp-json\/wp\/v2\/product\/58441"}],"collection":[{"href":"https:\/\/www.experimenta.es\/tienda\/wp-json\/wp\/v2\/product"}],"about":[{"href":"https:\/\/www.experimenta.es\/tienda\/wp-json\/wp\/v2\/types\/product"}],"replies":[{"embeddable":true,"href":"https:\/\/www.experimenta.es\/tienda\/wp-json\/wp\/v2\/comments?post=58441"}],"wp:featuredmedia":[{"embeddable":true,"href":"https:\/\/www.experimenta.es\/tienda\/wp-json\/wp\/v2\/media\/58442"}],"wp:attachment":[{"href":"https:\/\/www.experimenta.es\/tienda\/wp-json\/wp\/v2\/media?parent=58441"}],"wp:term":[{"taxonomy":"product_cat","embeddable":true,"href":"https:\/\/www.experimenta.es\/tienda\/wp-json\/wp\/v2\/product_cat?post=58441"},{"taxonomy":"product_tag","embeddable":true,"href":"https:\/\/www.experimenta.es\/tienda\/wp-json\/wp\/v2\/product_tag?post=58441"}],"curies":[{"name":"wp","href":"https:\/\/api.w.org\/{rel}","templated":true}]}}