{"id":58659,"date":"2021-01-19T14:16:56","date_gmt":"2021-01-19T13:16:56","guid":{"rendered":"https:\/\/www.experimenta.es\/tienda\/?post_type=product&#038;p=58659"},"modified":"2024-02-12T11:43:12","modified_gmt":"2024-02-12T10:43:12","slug":"inadaptado-apuntes-urbanos-de-un-flaneur-intolerante","status":"publish","type":"product","link":"https:\/\/www.experimenta.es\/tienda\/producto\/inadaptado-apuntes-urbanos-de-un-flaneur-intolerante\/","title":{"rendered":"Inadaptado. Apuntes urbanos de un fl\u00e2neur intolerante."},"content":{"rendered":"<p>Los inadaptados son contrastados con los adaptados y los adaptadores, tres categor\u00edas en las que el autor nos interpela con su humor, su ingenio y una visi\u00f3n siempre cr\u00edtica sobre lo que indiscutiblemente hay que mejorar. As\u00ed sus reflexiones se encuentran con las nuestras. Aqu\u00ed podemos conectarnos al Chaves m\u00e1s inadaptado y con \u00e9l reafirmar, a\u00fan en disidencias, que aunque haya un apocalipsis de sinsentido, el mundo es un gran y complejo texto que leer.<\/p>\n<p>Todo esto para explicar de d\u00f3nde han salido los textos \u201cintempestivos\u201d aqu\u00ed recopilados, apuntes motivados por escenas curiosas de la vida de las gentes. Un imperdible an\u00e1lisis reflexivo sobre nuestra sociedad y cultura.<\/p>\n<p><em>Nuestras cadenas asociativas se nos disparan autom\u00e1ticamente, sin posibilidad alguna de contenerlas. Padecemos de una aut\u00e9ntica compulsi\u00f3n. Vemos m\u00e1s de lo que se ve a simple vista. Nuestro registro de las connotaciones, implicaciones, causas, de todo hecho percibido \u2013siempre invisibles\u2013 se produce de inmediato e involuntariamente. Estamos condenados.<br \/>\n<\/em>Norberto Chaves.<\/p>\n<p>&nbsp;<\/p>\n<p><span class=\"Apple-converted-space\">SOBRE EL AUTOR<br \/>\n<\/span><strong>Norberto Chaves<\/strong> (Argentina, 1942) es asesor en identidad corporativa, ensayista y docente en cursos de posgrado y eventos de arquitectura, dise\u00f1o y comunicaci\u00f3n.<\/p>\n<p><strong>Felipe Ib\u00e1\u00f1ez<\/strong> (Argentina, 1973) es dise\u00f1ador gr\u00e1fico, editor y director transmedia. Es docente y director de plataformas de dise\u00f1o y cultura.<\/p>\n","protected":false},"excerpt":{"rendered":"<p><span style=\"color: #ff0000;\"><span style=\"color: #000000;\">Autor:<\/span> Norberto Chaves<\/span><\/p>\n<p><span style=\"color: #ff0000;\"><span style=\"color: #000000;\">Editor:<\/span> Felipe Ib\u00e1\u00f1ez<\/span><\/p>\n<p><span style=\"color: #ff0000;\"><span style=\"color: #000000;\">Ilustraciones:<\/span> Pepe Serra<\/span><\/p>\n<p>Inadaptado. Apuntes urbanos de un fl\u00e2neur\u00a0intolerante es un libro preciso, para un tiempo abstracto.<br \/>\n<strong>Puro pensamiento cr\u00edtico.<\/strong><\/p>\n<p>Norberto Chaves encarna al inadaptado que llevamos a cuestas, frente a este panorama normal cada hora m\u00e1s absurdo. Nos inadaptamos a la decadencia cultural y reaccionamos con un manifiesto pleno y reflexivo del nuevo Chaves. Como un rev\u00e9s cr\u00edtico al embiste banal.<\/p>\n<p>\u00b7 ISBN: 978-84-18049-42-2<br \/>\n\u00b7 Medidas: 16 x 23 cm<br \/>\n\u00b7 P\u00e1ginas: 110<br \/>\n\u00b7 Impresi\u00f3n interior: Negro<br \/>\n\u00b7 Edici\u00f3n: Experimenta Libros \/ Felipe Iba\u00f1ez (ed.)<\/p>\n","protected":false},"featured_media":58694,"comment_status":"open","ping_status":"closed","template":"","meta":[],"product_cat":[9895,9898,7313],"product_tag":[9764,9641],"jetpack_sharing_enabled":true,"_links":{"self":[{"href":"https:\/\/www.experimenta.es\/tienda\/wp-json\/wp\/v2\/product\/58659"}],"collection":[{"href":"https:\/\/www.experimenta.es\/tienda\/wp-json\/wp\/v2\/product"}],"about":[{"href":"https:\/\/www.experimenta.es\/tienda\/wp-json\/wp\/v2\/types\/product"}],"replies":[{"embeddable":true,"href":"https:\/\/www.experimenta.es\/tienda\/wp-json\/wp\/v2\/comments?post=58659"}],"wp:featuredmedia":[{"embeddable":true,"href":"https:\/\/www.experimenta.es\/tienda\/wp-json\/wp\/v2\/media\/58694"}],"wp:attachment":[{"href":"https:\/\/www.experimenta.es\/tienda\/wp-json\/wp\/v2\/media?parent=58659"}],"wp:term":[{"taxonomy":"product_cat","embeddable":true,"href":"https:\/\/www.experimenta.es\/tienda\/wp-json\/wp\/v2\/product_cat?post=58659"},{"taxonomy":"product_tag","embeddable":true,"href":"https:\/\/www.experimenta.es\/tienda\/wp-json\/wp\/v2\/product_tag?post=58659"}],"curies":[{"name":"wp","href":"https:\/\/api.w.org\/{rel}","templated":true}]}}