{"id":58731,"date":"2021-01-30T19:59:25","date_gmt":"2021-01-30T18:59:25","guid":{"rendered":"https:\/\/www.experimenta.es\/tienda\/?post_type=product&#038;p=58731"},"modified":"2023-10-02T12:38:32","modified_gmt":"2023-10-02T10:38:32","slug":"en-construccion","status":"publish","type":"product","link":"https:\/\/www.experimenta.es\/tienda\/producto\/en-construccion\/","title":{"rendered":"En construcci\u00f3n"},"content":{"rendered":"<p>El comienzo de la construcci\u00f3n de un nuevo edificio en el barrio, mantiene a Clara y a su abuelo Urbano muy entretenidos. Como ambos son grandes observadores, a trav\u00e9s de la evoluci\u00f3n de la obra van a disfrutar de muchos descubrimientos juntos: desde el anteproyecto hasta la ejecuci\u00f3n final. Porque la arquitectura es, sobre todo, el inicio de una transformaci\u00f3n.<\/p>\n<p>Un libro que ense\u00f1a en forma amena e ilustrada conceptos rectores de la arquitectura, con una visi\u00f3n m\u00e1s cercana a las personas y en el d\u00eda a d\u00eda.<\/p>\n<p>\u201cConocer el proceso de construcci\u00f3n de un edificio y su funcionamiento es precioso. Hemos querido dar un lugar relevante a todos los oficios, porque no solo los arquitectos son creadores, tambi\u00e9n quienes trabajan en la obra participan de su creaci\u00f3n y son parte fundamental\u201d Sonia Rayo y Silvana Andr\u00e9s, autoras.<\/p>\n<p>&nbsp;<\/p>\n<p>SOBRE LOS AUTORES<\/p>\n<p><strong>Juan Berrio Martin-Retortillo <\/strong>(Autor e ilustrador)<br \/>\nComenz\u00f3 estudiando arquitectura, pero pronto descubri\u00f3 que su pasi\u00f3n era dibujar. Y as\u00ed ha pasado los \u00faltimos treinta a\u00f1os dedicados a la ilustraci\u00f3n, el c\u00f3mic y otros aspectos de la producci\u00f3n gr\u00e1fica. Vive en un edificio plurifamiliar del centro de Madrid. Tiene un mont\u00f3n de libros publicados. En 2011 fue finalista del Premio Nacional de C\u00f3mic y en 2012 gan\u00f3 el V Premio Internacional de Novela Gr\u00e1fica Fnac-Sins Entido.<\/p>\n<p><strong>Sonia Rayos Sarabia <\/strong>(Autora)<br \/>\nSonia es arquitecta, ingeniera y bailarina. Vive en un edificio plurifamiliar del ensanche de Valencia. Le encanta plegar papel con las manos. Sue\u00f1a con volver a India, donde trabaj\u00f3 hace unos a\u00f1os como cooperante.<\/p>\n<p><strong>Silvana Andr\u00e9s Salvador <\/strong>(Autora)<br \/>\nVive en un edificio bloclim\u00e1tico en la huerta valenciana. Su trabajo se ha desarrollado de forma paralela entre la docencia y la creaci\u00f3n de obra art\u00edstica. Disfruta creando actividades destinadas a la infancia. Juntas, Sonia y Silvana, son las responsables de Arquilecturas, un proyecto pedag\u00f3gico que plantea la arquitectura y el arte como herramientas de aprendizaje.<\/p>\n","protected":false},"excerpt":{"rendered":"<p><span style=\"color: #ff0000;\"><span style=\"color: #000000;\">Autores:<\/span> Juan Berrio, Sonia Rayos y Silvana Andr\u00e9s<\/span><\/p>\n<p>Un libro que ense\u00f1a en forma amena e ilustrada conceptos rectores de la arquitectura, con una visi\u00f3n m\u00e1s cercana a las personas y en el d\u00eda a d\u00eda.<\/p>\n<p>\u00b7 ISBN: 978-84-948439-1-4<br \/>\n\u00b7 Medidas: 24 x 32 cm<br \/>\n\u00b7 P\u00e1ginas: 64 + guardas<br \/>\n\u00b7 Encuadernaci\u00f3n: Holandesa con tapas de cart\u00f3n serigrafiadas<br \/>\n\u00b7 Impresi\u00f3n interior: color<br \/>\n\u00b7 Editorial: Litera<br \/>\n\u00b7 Edici\u00f3n: 2018<\/p>\n","protected":false},"featured_media":58732,"comment_status":"open","ping_status":"closed","template":"","meta":[],"product_cat":[9894,7313],"product_tag":[9713,9777,9763,9765],"jetpack_sharing_enabled":true,"_links":{"self":[{"href":"https:\/\/www.experimenta.es\/tienda\/wp-json\/wp\/v2\/product\/58731"}],"collection":[{"href":"https:\/\/www.experimenta.es\/tienda\/wp-json\/wp\/v2\/product"}],"about":[{"href":"https:\/\/www.experimenta.es\/tienda\/wp-json\/wp\/v2\/types\/product"}],"replies":[{"embeddable":true,"href":"https:\/\/www.experimenta.es\/tienda\/wp-json\/wp\/v2\/comments?post=58731"}],"wp:featuredmedia":[{"embeddable":true,"href":"https:\/\/www.experimenta.es\/tienda\/wp-json\/wp\/v2\/media\/58732"}],"wp:attachment":[{"href":"https:\/\/www.experimenta.es\/tienda\/wp-json\/wp\/v2\/media?parent=58731"}],"wp:term":[{"taxonomy":"product_cat","embeddable":true,"href":"https:\/\/www.experimenta.es\/tienda\/wp-json\/wp\/v2\/product_cat?post=58731"},{"taxonomy":"product_tag","embeddable":true,"href":"https:\/\/www.experimenta.es\/tienda\/wp-json\/wp\/v2\/product_tag?post=58731"}],"curies":[{"name":"wp","href":"https:\/\/api.w.org\/{rel}","templated":true}]}}