{"id":58954,"date":"2021-03-26T12:53:18","date_gmt":"2021-03-26T11:53:18","guid":{"rendered":"https:\/\/www.experimenta.es\/tienda\/?post_type=product&#038;p=58954"},"modified":"2024-02-12T11:43:05","modified_gmt":"2024-02-12T10:43:05","slug":"leer-entre-imagenes","status":"publish","type":"product","link":"https:\/\/www.experimenta.es\/tienda\/producto\/leer-entre-imagenes\/","title":{"rendered":"Leer entre im\u00e1genes"},"content":{"rendered":"<p>Llamamos dise\u00f1o de autor al dise\u00f1o que tiene firma, que nos permite reconocer desde la primera mirada qui\u00e9n est\u00e1 detr\u00e1s de \u00e9l. Es un dise\u00f1o que traza una l\u00ednea de continuidad a lo largo de los a\u00f1os y que mantiene vivo en su evoluci\u00f3n un registro est\u00e9tico identificable por el usuario.<\/p>\n<p>Sin menoscabo del uso tipogr\u00e1fico, o de la paleta de color, Pep Carri\u00f3 define estas se\u00f1as de identidad fundamentalmente gracias a la creaci\u00f3n de im\u00e1genes propias que van a integrarse hasta confundirse con el dise\u00f1o gr\u00e1fico.<\/p>\n<p>Aunque de apariencia muy diversa, son en su mayor\u00eda im\u00e1genes conceptuales, que sacan todo su provecho de la uni\u00f3n de dos elementos que nunca antes se hab\u00edan encontrado. Nacidas en la mayor\u00eda de las ocasiones de su permanente experimentaci\u00f3n en el campo de las artes pl\u00e1sticas, confluyen en ellas las formas del dibujo, la escultura, el collage, el objettrouv\u00e9, y una po\u00e9tica que rescata del olvido objetos de rastro, fotos encontradas, maderas de naufragios, para que todo vuelva a encontrar un nuevo sentido.<\/p>\n<p><strong>Un libro para dise\u00f1adores y para todos aquellos que amen los libros, el arte y la creatividad.<\/strong><\/p>\n<p>&nbsp;<\/p>\n<p><span class=\"Apple-converted-space\">SOBRE EL AUTOR<br \/>\n<\/span><strong>Pep Carri\u00f3<\/strong> es dise\u00f1ador gr\u00e1fico, ilustrador, editor y artista pl\u00e1stico. En cualquiera de estas cuatro formas de expresi\u00f3n aparece en su trayectoria una y otra vez el libro. Naci\u00f3 en Palma de Mallorca en 1963. Compagina su trabajo como dise\u00f1ador gr\u00e1fico, especialmente enfocado al \u00e1mbito cultural y editorial, con su labor como artista pl\u00e1stico. Lleva treinta a\u00f1os construyendo o colaborando en la producci\u00f3n de libros. Por eso es probable que cuando abras las p\u00e1ginas de este (por ahora el \u00faltimo) libro y contemples sus im\u00e1genes, acudan a tu memoria lectora los nombres de autores: Vargas Llosa, Santos Juli\u00e1, Laura Restrepo, Joseph E. Stiglitz, Paul Theroux; de t\u00edtulos: Rayuela, La Casa Verde, Delirio, y de editoriales: Alfaguara, AdN Alianza de Novelas, Biblioteca Nacional, Galaxia Gutenberg, Mondadori, Oxford University Press, Random House, Santillana, Taurus. Entre ese universo literario, de pensamiento, de conocimiento, hay im\u00e1genes creadas en el Estudio de Pep Carri\u00f3.<\/p>\n","protected":false},"excerpt":{"rendered":"<p><span style=\"color: #ff0000;\"><span style=\"color: #000000;\">Autor: <span style=\"color: #ff0000;\">Pep Carri\u00f3<\/span><\/span><\/span><\/p>\n<p><strong>Un libro de libros, que recopila una antolog\u00eda de im\u00e1genes destinadas a la edici\u00f3n, creadas por Pep Carri\u00f3 durante m\u00e1s de treinta a\u00f1os en su estudio de dise\u00f1o.<\/strong><\/p>\n<p>Son cubiertas, contras, p\u00e1ginas de interior que acompa\u00f1aron textos de poetas, novelistas, pensadores. Despu\u00e9s de estar presentes en librer\u00edas, bibliotecas, colegios y hogares de la ampl\u00eda geograf\u00eda que lee en espa\u00f1ol, aparecen aqu\u00ed desnudas, a solas, en un particular viaje de vuelta a sus or\u00edgenes.<\/p>\n<p><strong>Y nos recuerdan que desde que existe el libro, leemos entre im\u00e1genes.<\/strong><\/p>\n<p>&nbsp;<\/p>\n<p>\u00b7 ISBN: 978-84-18049-50-7<br \/>\n\u00b7 Edici\u00f3n 2021. Experimenta Libros<br \/>\n\u00b7 Medidas: 16 x 23 cm<br \/>\n\u00b7 P\u00e1ginas: 164<br \/>\n\u00b7 Impresi\u00f3n interior: color<br \/>\n\u00b7 Encuadernaci\u00f3n: r\u00fastica<\/p>\n","protected":false},"featured_media":58955,"comment_status":"open","ping_status":"closed","template":"","meta":[],"product_cat":[9897,9892,7313],"product_tag":[9806,9730,9764,9735,9591,9641,9707,9765],"jetpack_sharing_enabled":true,"_links":{"self":[{"href":"https:\/\/www.experimenta.es\/tienda\/wp-json\/wp\/v2\/product\/58954"}],"collection":[{"href":"https:\/\/www.experimenta.es\/tienda\/wp-json\/wp\/v2\/product"}],"about":[{"href":"https:\/\/www.experimenta.es\/tienda\/wp-json\/wp\/v2\/types\/product"}],"replies":[{"embeddable":true,"href":"https:\/\/www.experimenta.es\/tienda\/wp-json\/wp\/v2\/comments?post=58954"}],"wp:featuredmedia":[{"embeddable":true,"href":"https:\/\/www.experimenta.es\/tienda\/wp-json\/wp\/v2\/media\/58955"}],"wp:attachment":[{"href":"https:\/\/www.experimenta.es\/tienda\/wp-json\/wp\/v2\/media?parent=58954"}],"wp:term":[{"taxonomy":"product_cat","embeddable":true,"href":"https:\/\/www.experimenta.es\/tienda\/wp-json\/wp\/v2\/product_cat?post=58954"},{"taxonomy":"product_tag","embeddable":true,"href":"https:\/\/www.experimenta.es\/tienda\/wp-json\/wp\/v2\/product_tag?post=58954"}],"curies":[{"name":"wp","href":"https:\/\/api.w.org\/{rel}","templated":true}]}}