{"id":59189,"date":"2021-06-02T11:52:51","date_gmt":"2021-06-02T09:52:51","guid":{"rendered":"https:\/\/www.experimenta.es\/tienda\/?post_type=product&#038;p=59189"},"modified":"2024-02-12T11:42:54","modified_gmt":"2024-02-12T10:42:54","slug":"creatividad-contra-el-caos-y-la-incertidumbre","status":"publish","type":"product","link":"https:\/\/www.experimenta.es\/tienda\/producto\/creatividad-contra-el-caos-y-la-incertidumbre\/","title":{"rendered":"Creatividad. Contra el caos y la incertidumbre."},"content":{"rendered":"<p>Marzo de 2020 quedar\u00e1 como un mes hist\u00f3rico para la humanidad. Algo que pens\u00e1bamos que nunca podr\u00eda llegar a suceder sucedi\u00f3: hab\u00eda que parar el mundo. Y la culpable fue una enfermedad llamada COVID-19.<\/p>\n<p>Ante la incertidumbre y el caos, el ser humano puede actuar de dos maneras. En la primera, bloqueado, sin saber qu\u00e9 hacer, se deja llevar por el miedo, intentando agarrarse a cualquier persona o f\u00f3rmula que lo saque de donde se encuentra. <strong>La otra opci\u00f3n es hacer lo posible para que las cartas con las que cuenta jueguen a su favor; en este caso, est\u00e1 utilizando su creatividad.<\/strong><\/p>\n<p>De un d\u00eda para otro hemos pasado que salirnos de lo establecido era contraproducente para nuestro futuro profesional y personal en la sociedad a recibir el mensaje contrario: <strong>ahora debemos hacer uso de nuestra creatividad si queremos salir airosos de la incertidumbre y el caos.<\/strong><\/p>\n<p>&nbsp;<\/p>\n<p><span class=\"Apple-converted-space\">SOBRE EL AUTOR<br \/>\n<\/span><strong>David Asensio Garc\u00eda<\/strong> es el fundador de Chocolate Rojo Consulting, consultora que promulga la importancia de la creatividad tanto en las culturas empresariales como en la sociedad. Adem\u00e1s es conferenciante, colaborador en medios de comunicaci\u00f3n y uno de los bloggers de referencia en management. Con sus portales El principio de un comienzo y Walk into a business ha alcanzado la cifra de m\u00e1s de tres millones de visitas en todo el mundo.<br \/>\nEs autor del libro <em>Liderazgo canalla. Libera tu lado m\u00e1s rebelde<\/em>, en el que estimula a los lectores a sacar su lado m\u00e1s aut\u00e9ntico, as\u00ed como tambi\u00e9n de <em>Mofeta branding<\/em>. C\u00f3mo son las marcas que transforman el mundo, en el que nos presenta las claves de las marcas m\u00e1s disruptivas y nos explica c\u00f3mo ser una de ellas.<\/p>\n","protected":false},"excerpt":{"rendered":"<p><span style=\"color: #ff0000;\"><span style=\"color: #000000;\">Autor:<\/span> David Asensio<br \/>\n<\/span><\/p>\n<p>Pr\u00f3logo de <strong>Margarita \u00c1lvarez<\/strong>. Ep\u00edlogo de <strong>Andy Stalman<\/strong>.<\/p>\n<p>\u00bfQu\u00e9 es la creatividad? \u00bfTodos somos creativos? \u00bfQu\u00e9 situaciones impulsan y debilitan nuestra creatividad? \u00bfC\u00f3mo podemos sacarle el mejor resultado a nuestras ideas? \u00bfUna pyme tambi\u00e9n puede ser considerada como creativa? \u00bfO solamente lo pueden ser Virgin, Tesla y Google?<\/p>\n<p>Con su tercer libro, Creatividad. Contra el caos y la incertidumbre, <strong>David Asensio nos ofrece las claves para descubrir nuestra creatividad, desarrollarla y con ella transformar nuestro mundo personal y profesional.<\/strong> <strong>No es un cambio de era. Siempre ha sido la era de la creatividad.<\/strong><\/p>\n<p>\u00b7 ISBN: 978-84-18049-53-8<br \/>\n\u00b7 Medidas: 16 x 23 cm<br \/>\n\u00b7 P\u00e1ginas: 160<br \/>\n\u00b7 Encuadernaci\u00f3n: R\u00fastica<br \/>\n\u00b7 Impresi\u00f3n interior: Negro<br \/>\n\u00b7 Edici\u00f3n: Experimenta Libros<\/p>\n","protected":false},"featured_media":59190,"comment_status":"open","ping_status":"closed","template":"","meta":[],"product_cat":[9895,7313],"product_tag":[9730,9735,9777,9641,9770,9762,9733,9761,9786,9778],"jetpack_sharing_enabled":true,"_links":{"self":[{"href":"https:\/\/www.experimenta.es\/tienda\/wp-json\/wp\/v2\/product\/59189"}],"collection":[{"href":"https:\/\/www.experimenta.es\/tienda\/wp-json\/wp\/v2\/product"}],"about":[{"href":"https:\/\/www.experimenta.es\/tienda\/wp-json\/wp\/v2\/types\/product"}],"replies":[{"embeddable":true,"href":"https:\/\/www.experimenta.es\/tienda\/wp-json\/wp\/v2\/comments?post=59189"}],"wp:featuredmedia":[{"embeddable":true,"href":"https:\/\/www.experimenta.es\/tienda\/wp-json\/wp\/v2\/media\/59190"}],"wp:attachment":[{"href":"https:\/\/www.experimenta.es\/tienda\/wp-json\/wp\/v2\/media?parent=59189"}],"wp:term":[{"taxonomy":"product_cat","embeddable":true,"href":"https:\/\/www.experimenta.es\/tienda\/wp-json\/wp\/v2\/product_cat?post=59189"},{"taxonomy":"product_tag","embeddable":true,"href":"https:\/\/www.experimenta.es\/tienda\/wp-json\/wp\/v2\/product_tag?post=59189"}],"curies":[{"name":"wp","href":"https:\/\/api.w.org\/{rel}","templated":true}]}}